{"id":1120,"date":"2022-03-16T12:09:35","date_gmt":"2022-03-16T11:09:35","guid":{"rendered":"https:\/\/iksd-consulting.com\/?page_id=1120"},"modified":"2024-10-22T01:14:51","modified_gmt":"2024-10-21T23:14:51","slug":"quest-ce-quun-cloud","status":"publish","type":"page","link":"https:\/\/iksd-consulting.com\/index.php\/consultez-nos-services\/infrastructure-definition\/quest-ce-quun-cloud\/","title":{"rendered":"Cloud"},"content":{"rendered":"\t\t<div data-elementor-type=\"wp-page\" data-elementor-id=\"1120\" class=\"elementor elementor-1120\" data-elementor-post-type=\"page\">\n\t\t\t\t\t\t<section class=\"elementor-section elementor-top-section elementor-element elementor-element-69ae495 elementor-section-boxed elementor-section-height-default elementor-section-height-default\" data-id=\"69ae495\" data-element_type=\"section\">\n\t\t\t\t\t\t<div class=\"elementor-container elementor-column-gap-default\">\n\t\t\t\t\t<div class=\"elementor-column elementor-col-66 elementor-top-column elementor-element elementor-element-3f037a2\" data-id=\"3f037a2\" data-element_type=\"column\">\n\t\t\t<div class=\"elementor-widget-wrap elementor-element-populated\">\n\t\t\t\t\t\t<div class=\"elementor-element elementor-element-b0df413 elementor-widget elementor-widget-html\" data-id=\"b0df413\" data-element_type=\"widget\" data-widget_type=\"html.default\">\n\t\t\t\t<div class=\"elementor-widget-container\">\n\t\t\t\t\t<h3 class=\"green_sub\">Quelle est la meilleure approche pour mettre ses applications dans le cloud ?<\/h3>\n<h3 class=\"green_sub\">Le cloud, un tremplin vers la productivit\u00e9 et la mobilit\u00e9<\/h3>\nPour vous adapter \u00e0 un monde du travail de plus en plus mobile, tournez-vous vers des\nsolutions bas\u00e9es sur le cloud pour permettre \u00e0 vos collaborateurs d'acc\u00e9der aux outils de\nproductivit\u00e9, de collaboration et de gestion \u00e0 la vol\u00e9e.\n<h3 class=\"green_sub pt-1\">IKSD Consulting, un accompagnement de bout en bout pour vos projets cloud<\/h3>\n<p style=\"text-align: justify;\">Les investissements informatiques constituent une immobilisation du capital (Capex), qu\u2019il faut r\u00e9ussir \u00e0 amortir sur le long terme, et dont il faut optimiser la consommation, afin de n\u2019\u00eatre ni en surexploitation ni en sous-exploitation. Un challenge qui \u00e9tait jusqu\u2019alors un fardeau pour toutes les entreprises en mati\u00e8re de gestion d\u2019infrastructures, et qui tend \u00e0 dispara\u00eetre avec l\u2019externalisation des ressources.<\/p>\n\n<h4>Quelle est la meilleure approche pour mettre ses applications dans le cloud ?<\/h4>\n<p>Que vous souhaitiez mettre \u00e0 jour les workloads dans le cadre d'une migration ou vous orienter vers un mod\u00e8le cloud natif, examinez d'abord les avantages et les inconv\u00e9nients de chaque approche.<\/p>\n\n<div class=\"gestion-entreprise-container\">\n        <div class=\"gestion-entreprise gestion-entreprise1\">\n            <div class=\"ged-enter-header\">\n                <img decoding=\"async\" src=\"https:\/\/iksd-consulting.com\/wp-content\/uploads\/2022\/03\/cms.png\" alt=\"Developpement web\">\n                <h3 class=\"ged-enter-title\">Strat\u00e9gie cloud<\/h3>\n            <\/div>\n            <div class=\"ged-enter-body\">\n                <p>Les investissements informatiques constituent une immobilisation du capital (Capex), qu\u2019il faut r\u00e9ussir...\n                <\/p>\n            <\/div>\n            <div class=\"ged-enter-footer\">\n                <a href=\"https:\/\/iksd-consulting.com\/?page_id=2216\" class=\"btn btn-show-more\">Voir plus<\/a>\n            <\/div>\n        <\/div>\n        <div class=\"gestion-entreprise gestion-entreprise2\">\n            <div class=\"ged-enter-header\">\n                <img decoding=\"async\" src=\"https:\/\/iksd-consulting.com\/wp-content\/uploads\/2022\/03\/9Z_2104.w013.n001.452B.p30.452-ai-1.webp\" alt=\"GED\">\n                <h3 class=\"ged-enter-title\">Migration vers le cloud<\/h3>\n            <\/div>\n            <div class=\"ged-enter-body\">\n                <p>Notre prestation d'infog\u00e9rance a pour objectif de r\u00e9duire au minimum les p\u00e9riodes d'indisponibilit\u00e9 de...<\/p>\n            <\/div>\n            <div class=\"ged-enter-footer\">\n                <a href=\"https:\/\/iksd-consulting.com\/?page_id=2218\" class=\"btn btn-show-more\">Voir plus<\/a>\n            <\/div>\n        <\/div>\n        <\/div>\n        <div class=\"gestion-entreprise-container\" style=\"width:50%;\">\n        <div class=\"gestion-entreprise gestion-entreprise3\">\n            <div class=\"ged-enter-header\">\n                <img decoding=\"async\" src=\"https:\/\/iksd-consulting.com\/wp-content\/uploads\/2022\/03\/nexusby190100038.jpg\" alt=\"ERP\">\n                <h3 class=\"ged-enter-title\">Modernisation des applications<\/h3>\n            <\/div>\n            <div class=\"ged-enter-body\">\n                <p>IKSD Consulting vous assiste dans la mise en place de vos infrastructures syst\u00e8mes & r\u00e9seau. De la...<\/p>\n            <\/div>\n            <div class=\"ged-enter-footer\">\n                <a href=\"https:\/\/iksd-consulting.com\/?page_id=2226\" class=\"btn btn-show-more\">Voir plus<\/a>\n            <\/div>\n        <\/div>\n          \n    <\/div>\t\t\t\t<\/div>\n\t\t\t\t<\/div>\n\t\t\t\t\t<\/div>\n\t\t<\/div>\n\t\t\t\t<div class=\"elementor-column elementor-col-33 elementor-top-column elementor-element elementor-element-a194249\" data-id=\"a194249\" data-element_type=\"column\">\n\t\t\t<div class=\"elementor-widget-wrap elementor-element-populated\">\n\t\t\t\t\t\t<div class=\"elementor-element elementor-element-ead167a elementor-widget elementor-widget-html\" data-id=\"ead167a\" data-element_type=\"widget\" data-widget_type=\"html.default\">\n\t\t\t\t<div class=\"elementor-widget-container\">\n\t\t\t\t\t<div class=\"ta-j\">\n\n<p style=\"text-align:center;\"><img decoding=\"async\"  src=\"https:\/\/iksd-consulting.com\/wp-content\/uploads\/2022\/04\/360_F_292494150_Q0o5f03eE7GQPHV5kPmMq61gCpujcHet.jpg\" style=\"height:150px;\"\/><\/p>\n\n<p>Une solution IaaS fournit l\u2019infrastructure informatique, c\u2019est-\u00e0-dire, la solution de virtualisation, les serveurs, les r\u00e9seaux, et le stockage des donn\u00e9es. Ce service de Cloud Computing n\u00e9cessite des comp\u00e9tences et de l\u2019autonomie de la part de l\u2019administrateur afin de g\u00e9rer le syst\u00e8me d\u2019exploitation, les applications, les donn\u00e9es, etc. L\u2019IaaS permet ainsi de d\u00e9mat\u00e9rialiser uniquement l\u2019infrastructure mat\u00e9rielle.\n <\/p>\n\n<br\/>\n\n<p style=\"text-align:center;\"><img decoding=\"async\"  src=\"https:\/\/iksd-consulting.com\/wp-content\/uploads\/2022\/04\/sas-dataprius.png\" style=\"height:150px;\"\/><\/p>\n\n<p>Une solution SaaS fournit le logiciel ou l\u2019application, regroupant les services de l\u2019IaaS et du PaaS avec en plus, l\u2019installation, la maintenance et la configuration comprises. C\u2019est une interface qui permet la simple utilisation du logiciel et ne n\u00e9cessite pas de connaissance informatique ou technique au pr\u00e9alable. Les logiciels SaaS sont souvent sous forme d\u2019abonnements mensuels.\n <\/p>\n\n<br\/>\n<p style=\"text-align:center;\"><img decoding=\"async\"  src=\"https:\/\/iksd-consulting.com\/wp-content\/uploads\/2022\/04\/1953923.png\" style=\"height:150px;\"\/><\/p>\n\n<p>Une solution PaaS (Plateforme as a service) fournit les services de l\u2019IaaS (d\u00e9mat\u00e9rialisation du mat\u00e9riel) ainsi que les applications middlewares : syst\u00e8me d\u2019exploitation, le serveur web, la base de donn\u00e9es, etc.\nL\u2019avantage de cette solution est son c\u00f4t\u00e9 \u00e9volutif, ainsi qu\u2019une pr\u00e9-configuration de l\u2019environnement technique.\n <\/p>\n\n<br\/>\n<p style=\"text-align:center;\"><img decoding=\"async\"  src=\"https:\/\/iksd-consulting.com\/wp-content\/uploads\/2022\/04\/masshero.jpg\" alt=\"img\" style=\"height:150px;\"\/><\/p>\n<p> le MaaS (mobility as a service) simplifie et am\u00e9liore l\u2019exp\u00e9rience des voyageurs afin de favoriser l\u2019utilisation des transports en commun. MaaS est une v\u00e9ritable r\u00e9volution dans la fa\u00e7on de construire la mobilit\u00e9 dans les territoires au service du bien commun et des passagers.<\/p>\n<br\/>\n<\/div>\t\t\t\t<\/div>\n\t\t\t\t<\/div>\n\t\t\t\t\t<\/div>\n\t\t<\/div>\n\t\t\t\t\t<\/div>\n\t\t<\/section>\n\t\t\t\t<\/div>\n\t\t","protected":false},"excerpt":{"rendered":"<p>Digitalisez votre entreprise gr\u00e2ce au cloud et apportez performance et agilit\u00e9 \u00e0 vos m\u00e9tiers<\/p>\n","protected":false},"author":13,"featured_media":0,"parent":524,"menu_order":0,"comment_status":"closed","ping_status":"closed","template":"","meta":{"footnotes":""},"class_list":["post-1120","page","type-page","status-publish","hentry"],"_links":{"self":[{"href":"https:\/\/iksd-consulting.com\/index.php\/wp-json\/wp\/v2\/pages\/1120","targetHints":{"allow":["GET"]}}],"collection":[{"href":"https:\/\/iksd-consulting.com\/index.php\/wp-json\/wp\/v2\/pages"}],"about":[{"href":"https:\/\/iksd-consulting.com\/index.php\/wp-json\/wp\/v2\/types\/page"}],"author":[{"embeddable":true,"href":"https:\/\/iksd-consulting.com\/index.php\/wp-json\/wp\/v2\/users\/13"}],"replies":[{"embeddable":true,"href":"https:\/\/iksd-consulting.com\/index.php\/wp-json\/wp\/v2\/comments?post=1120"}],"version-history":[{"count":1,"href":"https:\/\/iksd-consulting.com\/index.php\/wp-json\/wp\/v2\/pages\/1120\/revisions"}],"predecessor-version":[{"id":40584,"href":"https:\/\/iksd-consulting.com\/index.php\/wp-json\/wp\/v2\/pages\/1120\/revisions\/40584"}],"up":[{"embeddable":true,"href":"https:\/\/iksd-consulting.com\/index.php\/wp-json\/wp\/v2\/pages\/524"}],"wp:attachment":[{"href":"https:\/\/iksd-consulting.com\/index.php\/wp-json\/wp\/v2\/media?parent=1120"}],"curies":[{"name":"wp","href":"https:\/\/api.w.org\/{rel}","templated":true}]}}