{"id":1139,"date":"2022-03-16T12:18:59","date_gmt":"2022-03-16T11:18:59","guid":{"rendered":"https:\/\/iksd-consulting.com\/?page_id=1139"},"modified":"2024-10-22T01:14:51","modified_gmt":"2024-10-21T23:14:51","slug":"la-virtualisation-et-ses-avantages","status":"publish","type":"page","link":"https:\/\/iksd-consulting.com\/index.php\/consultez-nos-services\/infrastructure-definition\/la-virtualisation-et-ses-avantages\/","title":{"rendered":"Virtualisation"},"content":{"rendered":"\t\t<div data-elementor-type=\"wp-page\" data-elementor-id=\"1139\" class=\"elementor elementor-1139\" data-elementor-post-type=\"page\">\n\t\t\t\t\t\t<section class=\"elementor-section elementor-top-section elementor-element elementor-element-f257e13 elementor-section-boxed elementor-section-height-default elementor-section-height-default\" data-id=\"f257e13\" data-element_type=\"section\">\n\t\t\t\t\t\t<div class=\"elementor-container elementor-column-gap-default\">\n\t\t\t\t\t<div class=\"elementor-column elementor-col-66 elementor-top-column elementor-element elementor-element-33a94c0\" data-id=\"33a94c0\" data-element_type=\"column\">\n\t\t\t<div class=\"elementor-widget-wrap elementor-element-populated\">\n\t\t\t\t\t\t<div class=\"elementor-element elementor-element-09ea98b elementor-widget elementor-widget-html\" data-id=\"09ea98b\" data-element_type=\"widget\" data-widget_type=\"html.default\">\n\t\t\t\t<div class=\"elementor-widget-container\">\n\t\t\t\t\t<div class=\"ta-j\">\n<p>IKSD Consulting vous assiste dans la mise en place de vos infrastructures syst\u00e8mes &amp; r\u00e9seau. De la phase de conception jusqu\u2019\u00e0 la phase de r\u00e9alisation technique, nous serons l\u00e0 pour vous assurer toute l\u2019expertise technique dans le projet.<\/p>\n<\/div>\t\t\t\t<\/div>\n\t\t\t\t<\/div>\n\t\t\t\t\t<\/div>\n\t\t<\/div>\n\t\t\t\t<div class=\"elementor-column elementor-col-33 elementor-top-column elementor-element elementor-element-eb74a7f\" data-id=\"eb74a7f\" data-element_type=\"column\">\n\t\t\t<div class=\"elementor-widget-wrap elementor-element-populated\">\n\t\t\t\t\t\t<div class=\"elementor-element elementor-element-a2a6dbf elementor-widget elementor-widget-html\" data-id=\"a2a6dbf\" data-element_type=\"widget\" data-widget_type=\"html.default\">\n\t\t\t\t<div class=\"elementor-widget-container\">\n\t\t\t\t\t<div class=\"ta-j\">\n<p style=\"text-align:center;\"><img decoding=\"async\" src=\"https:\/\/iksd-consulting.com\/wp-content\/uploads\/2022\/04\/Logo-Proxmox-e1589881083787.jpg\" alt=\"img\" style=\"height:150px;\" \/><\/p>\n\n<p>Proxmox Virtual Environment est une solution de virtualisation libre bas\u00e9e sur l'hyperviseur Linux KVM, et offre aussi une solution de containers avec LXC.<\/p>\n\n<br\/>\n\n<p style=\"text-align:center;\"><img decoding=\"async\" src=\"https:\/\/iksd-consulting.com\/wp-content\/uploads\/2022\/04\/vmware-logo.jpg\" alt=\"img\" style=\"height:150px;\" \/><\/p>\n\n<p>VMware est une soci\u00e9t\u00e9 de logiciels sp\u00e9cialis\u00e9e dans la virtualisation et le cloud computing.<\/p>\n\n<br\/>\n\n<p style=\"text-align:center;\"><img decoding=\"async\" src=\"https:\/\/iksd-consulting.com\/wp-content\/uploads\/2022\/04\/openvz.jpg\" alt=\"img\" style=\"height:150px;\" \/><\/p>\n\n<p>OpenVZ est une technique de virtualisation de niveau syst\u00e8me d'exploitation bas\u00e9e sur le noyau Linux. <\/p>\n\n\n<br\/>\n\n<p style=\"text-align:center;\"><img decoding=\"async\" src=\"https:\/\/iksd-consulting.com\/wp-content\/uploads\/2022\/04\/Linux_Containers_logo.png\" alt=\"img\" style=\"height:150px;\" \/><\/p>\n\n<p>LXC, contraction de l\u2019anglais Linux Containers est un syst\u00e8me de virtualisation, utilisant l'isolation comme m\u00e9thode de cloisonnement au niveau du syst\u00e8me d'exploitation. <\/p>\n\n<br\/>\n\n<p style=\"text-align:center;\"><img decoding=\"async\" src=\"https:\/\/iksd-consulting.com\/wp-content\/uploads\/2022\/04\/kvmcloud.png\" alt=\"img\" style=\"height:150px;\" \/><\/p>\n\n<p>KVM (Kernel-Based Virtual Machine) est une technologie de virtualisation Open Source int\u00e9gr\u00e9e \u00e0 Linux. <\/p>\n\n<\/div>\t\t\t\t<\/div>\n\t\t\t\t<\/div>\n\t\t\t\t\t<\/div>\n\t\t<\/div>\n\t\t\t\t\t<\/div>\n\t\t<\/section>\n\t\t\t\t<\/div>\n\t\t","protected":false},"excerpt":{"rendered":"<p>De la phase de conception jusqu\u2019\u00e0 la phase de r\u00e9alisation technique, nous serons l\u00e0 pour vous assurer toute l\u2019expertise technique dans le projet<\/p>\n","protected":false},"author":13,"featured_media":0,"parent":524,"menu_order":0,"comment_status":"closed","ping_status":"closed","template":"","meta":{"footnotes":""},"class_list":["post-1139","page","type-page","status-publish","hentry"],"_links":{"self":[{"href":"https:\/\/iksd-consulting.com\/index.php\/wp-json\/wp\/v2\/pages\/1139","targetHints":{"allow":["GET"]}}],"collection":[{"href":"https:\/\/iksd-consulting.com\/index.php\/wp-json\/wp\/v2\/pages"}],"about":[{"href":"https:\/\/iksd-consulting.com\/index.php\/wp-json\/wp\/v2\/types\/page"}],"author":[{"embeddable":true,"href":"https:\/\/iksd-consulting.com\/index.php\/wp-json\/wp\/v2\/users\/13"}],"replies":[{"embeddable":true,"href":"https:\/\/iksd-consulting.com\/index.php\/wp-json\/wp\/v2\/comments?post=1139"}],"version-history":[{"count":1,"href":"https:\/\/iksd-consulting.com\/index.php\/wp-json\/wp\/v2\/pages\/1139\/revisions"}],"predecessor-version":[{"id":40589,"href":"https:\/\/iksd-consulting.com\/index.php\/wp-json\/wp\/v2\/pages\/1139\/revisions\/40589"}],"up":[{"embeddable":true,"href":"https:\/\/iksd-consulting.com\/index.php\/wp-json\/wp\/v2\/pages\/524"}],"wp:attachment":[{"href":"https:\/\/iksd-consulting.com\/index.php\/wp-json\/wp\/v2\/media?parent=1139"}],"curies":[{"name":"wp","href":"https:\/\/api.w.org\/{rel}","templated":true}]}}