{"id":1154,"date":"2022-03-16T12:35:28","date_gmt":"2022-03-16T11:35:28","guid":{"rendered":"https:\/\/iksd-consulting.com\/?page_id=1154"},"modified":"2024-10-22T01:13:35","modified_gmt":"2024-10-21T23:13:35","slug":"conseils-strategiques","status":"publish","type":"page","link":"https:\/\/iksd-consulting.com\/index.php\/consultez-nos-services\/elaborer-un-cahier-de-charge\/conseils-strategiques\/","title":{"rendered":"Conseils strat\u00e9giques"},"content":{"rendered":"\t\t<div data-elementor-type=\"wp-page\" data-elementor-id=\"1154\" class=\"elementor elementor-1154\" data-elementor-post-type=\"page\">\n\t\t\t\t\t\t<section class=\"elementor-section elementor-top-section elementor-element elementor-element-500d8db2 elementor-section-boxed elementor-section-height-default elementor-section-height-default\" data-id=\"500d8db2\" data-element_type=\"section\">\n\t\t\t\t\t\t<div class=\"elementor-container elementor-column-gap-default\">\n\t\t\t\t\t<div class=\"elementor-column elementor-col-100 elementor-top-column elementor-element elementor-element-6beef2b2\" data-id=\"6beef2b2\" data-element_type=\"column\">\n\t\t\t<div class=\"elementor-widget-wrap elementor-element-populated\">\n\t\t\t\t\t\t\t<\/div>\n\t\t<\/div>\n\t\t\t\t\t<\/div>\n\t\t<\/section>\n\t\t\t\t<section class=\"elementor-section elementor-top-section elementor-element elementor-element-ad2bdf3 elementor-section-boxed elementor-section-height-default elementor-section-height-default\" data-id=\"ad2bdf3\" data-element_type=\"section\">\n\t\t\t\t\t\t<div class=\"elementor-container elementor-column-gap-default\">\n\t\t\t\t\t<div class=\"elementor-column elementor-col-66 elementor-top-column elementor-element elementor-element-c32dfd0\" data-id=\"c32dfd0\" data-element_type=\"column\">\n\t\t\t<div class=\"elementor-widget-wrap elementor-element-populated\">\n\t\t\t\t\t\t<div class=\"elementor-element elementor-element-934ac04 elementor-widget elementor-widget-html\" data-id=\"934ac04\" data-element_type=\"widget\" data-widget_type=\"html.default\">\n\t\t\t\t<div class=\"elementor-widget-container\">\n\t\t\t\t\t<div class=\"gestion-entreprise-container\">\n        <div class=\"gestion-entreprise gestion-entreprise1\">\n            <div class=\"ged-enter-header\">\n                <img decoding=\"async\" src=\"https:\/\/iksd-consulting.com\/wp-content\/uploads\/2022\/03\/cms.png\" alt=\"Developpement web\">\n                <h3 class=\"ged-enter-title\">Transformation num\u00e9rique<\/h3>\n            <\/div>\n            <div class=\"ged-enter-body\">\n                <p>Les investissements informatiques constituent une immobilisation du capital (Capex), qu\u2019il faut r\u00e9ussir...\n                <\/p>\n            <\/div>\n            <div class=\"ged-enter-footer\">\n                <a href=\"https:\/\/iksd-consulting.com\/index.php\/transformation-numerique\/\" class=\"btn btn-show-more\">Voir plus<\/a>\n            <\/div>\n        <\/div>\n        <div class=\"gestion-entreprise gestion-entreprise2\">\n            <div class=\"ged-enter-header\">\n                <img decoding=\"async\" src=\"https:\/\/iksd-consulting.com\/wp-content\/uploads\/2022\/03\/9Z_2104.w013.n001.452B.p30.452-ai-1.webp\" alt=\"GED\">\n                <h3 class=\"ged-enter-title\">D\u00e9mat\u00e9rialisation<\/h3>\n            <\/div>\n            <div class=\"ged-enter-body\">\n                <p>Notre prestation d'infog\u00e9rance a pour objectif de r\u00e9duire au minimum les p\u00e9riodes d'indisponibilit\u00e9 de...<\/p>\n            <\/div>\n            <div class=\"ged-enter-footer\">\n                <a href=\"https:\/\/iksd-consulting.com\/index.php\/dematerialisation\/\" class=\"btn btn-show-more\">Voir plus<\/a>\n            <\/div>\n        <\/div>\n        <\/div>\n        <div class=\"gestion-entreprise-container\" style=\"width:50%;\">\n        <div class=\"gestion-entreprise gestion-entreprise3\">\n            <div class=\"ged-enter-header\">\n                <img decoding=\"async\" src=\"https:\/\/iksd-consulting.com\/wp-content\/uploads\/2022\/03\/nexusby190100038.jpg\" alt=\"ERP\">\n                <h3 class=\"ged-enter-title\">Optimisation des process<\/h3>\n            <\/div>\n            <div class=\"ged-enter-body\">\n                <p>IKSD Consulting vous assiste dans la mise en place de vos infrastructures syst\u00e8mes & r\u00e9seau. De la...<\/p>\n            <\/div>\n            <div class=\"ged-enter-footer\">\n                <a href=\"https:\/\/iksd-consulting.com\/index.php\/optimisation-des-process\/\" class=\"btn btn-show-more\">Voir plus<\/a>\n            <\/div>\n        <\/div>\n          \n    <\/div>\t\t\t\t<\/div>\n\t\t\t\t<\/div>\n\t\t\t\t\t<\/div>\n\t\t<\/div>\n\t\t\t\t<div class=\"elementor-column elementor-col-33 elementor-top-column elementor-element elementor-element-7e4abd2\" data-id=\"7e4abd2\" data-element_type=\"column\">\n\t\t\t<div class=\"elementor-widget-wrap\">\n\t\t\t\t\t\t\t<\/div>\n\t\t<\/div>\n\t\t\t\t\t<\/div>\n\t\t<\/section>\n\t\t\t\t<\/div>\n\t\t","protected":false},"excerpt":{"rendered":"<p>Transformation num\u00e9rique Les investissements informatiques constituent une immobilisation du capital (Capex)<\/p>\n","protected":false},"author":13,"featured_media":0,"parent":643,"menu_order":0,"comment_status":"closed","ping_status":"closed","template":"","meta":{"footnotes":""},"class_list":["post-1154","page","type-page","status-publish","hentry"],"_links":{"self":[{"href":"https:\/\/iksd-consulting.com\/index.php\/wp-json\/wp\/v2\/pages\/1154","targetHints":{"allow":["GET"]}}],"collection":[{"href":"https:\/\/iksd-consulting.com\/index.php\/wp-json\/wp\/v2\/pages"}],"about":[{"href":"https:\/\/iksd-consulting.com\/index.php\/wp-json\/wp\/v2\/types\/page"}],"author":[{"embeddable":true,"href":"https:\/\/iksd-consulting.com\/index.php\/wp-json\/wp\/v2\/users\/13"}],"replies":[{"embeddable":true,"href":"https:\/\/iksd-consulting.com\/index.php\/wp-json\/wp\/v2\/comments?post=1154"}],"version-history":[{"count":0,"href":"https:\/\/iksd-consulting.com\/index.php\/wp-json\/wp\/v2\/pages\/1154\/revisions"}],"up":[{"embeddable":true,"href":"https:\/\/iksd-consulting.com\/index.php\/wp-json\/wp\/v2\/pages\/643"}],"wp:attachment":[{"href":"https:\/\/iksd-consulting.com\/index.php\/wp-json\/wp\/v2\/media?parent=1154"}],"curies":[{"name":"wp","href":"https:\/\/api.w.org\/{rel}","templated":true}]}}