{"id":1351,"date":"2022-03-21T11:25:35","date_gmt":"2022-03-21T10:25:35","guid":{"rendered":"https:\/\/iksd-consulting.com\/?page_id=1351"},"modified":"2024-10-22T01:14:51","modified_gmt":"2024-10-21T23:14:51","slug":"business-process-management","status":"publish","type":"page","link":"https:\/\/iksd-consulting.com\/index.php\/consultez-nos-services\/logiciel-de-gestion\/business-process-management\/","title":{"rendered":"Business Process Management"},"content":{"rendered":"\t\t<div data-elementor-type=\"wp-page\" data-elementor-id=\"1351\" class=\"elementor elementor-1351\" data-elementor-post-type=\"page\">\n\t\t\t\t\t\t<section class=\"elementor-section elementor-top-section elementor-element elementor-element-238c165 elementor-section-boxed elementor-section-height-default elementor-section-height-default\" data-id=\"238c165\" data-element_type=\"section\">\n\t\t\t\t\t\t<div class=\"elementor-container elementor-column-gap-default\">\n\t\t\t\t\t<div class=\"elementor-column elementor-col-33 elementor-top-column elementor-element elementor-element-d795b0b\" data-id=\"d795b0b\" data-element_type=\"column\">\n\t\t\t<div class=\"elementor-widget-wrap elementor-element-populated\">\n\t\t\t\t\t\t<div class=\"elementor-element elementor-element-c8de943 elementor-widget elementor-widget-html\" data-id=\"c8de943\" data-element_type=\"widget\" data-widget_type=\"html.default\">\n\t\t\t\t<div class=\"elementor-widget-container\">\n\t\t\t\t\t<div class=\"ta-j\">\n    <p>La gestion des processus m\u00e9tiers, une nouvelle priorit\u00e9 strat\u00e9gique des directions op\u00e9rationnelles et de la direction g\u00e9n\u00e9rale des entreprises.<\/p>\n    \n<h3 class=\"green_sub\">Comment optimiser sa performance op\u00e9rationnelle tout en mettant son syst\u00e8me d\u2019information au service de la vision strat\u00e9gique de son entreprise ?<\/h3> \n\n<p>Telle est l\u2019\u00e9quation que le BPM permet de r\u00e9soudre.<\/p>\n\n<p>La gestion des processus m\u00e9tier ou BPM, int\u00e8gre un ensemble de m\u00e9thodes, d\u2019outils et de services pour concevoir, analyser et contr\u00f4ler les processus op\u00e9rationnels d\u2019une entreprise, tous secteurs d\u2019activit\u00e9s confondus.<\/p> \n\n<h3 class=\"green_sub\">Notre approche dans le cadre des projets BPM<\/h3>\n<ul style=\"font-weight:bold;\">\n    <li>L\u2019approche \u00ab TOP DOWN \u00bb bas\u00e9e sur la refonte des processus \n<\/li>\n    <li>L\u2019approche \u00ab BOTOM UP \u00bb bas\u00e9e sur l\u2019optimisation des processus<\/li>\n<\/ul>\n    \n     \n<\/div>\t\t\t\t<\/div>\n\t\t\t\t<\/div>\n\t\t\t\t\t<\/div>\n\t\t<\/div>\n\t\t\t\t<div class=\"elementor-column elementor-col-66 elementor-top-column elementor-element elementor-element-d2743a4\" data-id=\"d2743a4\" data-element_type=\"column\">\n\t\t\t<div class=\"elementor-widget-wrap elementor-element-populated\">\n\t\t\t\t\t\t<div class=\"elementor-element elementor-element-4db745b elementor-widget elementor-widget-html\" data-id=\"4db745b\" data-element_type=\"widget\" data-widget_type=\"html.default\">\n\t\t\t\t<div class=\"elementor-widget-container\">\n\t\t\t\t\t<div class=\"ta-j\">\n<p style=\"text-align:center;\"><img decoding=\"async\" src=\"https:\/\/iksd-consulting.com\/wp-content\/uploads\/2022\/04\/Kissflow.png\" alt=\"img\" style=\"height:150px;\" \/>\n\n<p>Kissflow est un logiciel de gestion des processus d'affaires et des flux de travail qui fonctionne sur la technologie du cloud.<\/p>\n\n<br\/>\n\n<\/div>\t\t\t\t<\/div>\n\t\t\t\t<\/div>\n\t\t\t\t\t<\/div>\n\t\t<\/div>\n\t\t\t\t\t<\/div>\n\t\t<\/section>\n\t\t\t\t<section class=\"elementor-section elementor-top-section elementor-element elementor-element-fab29eb elementor-section-boxed elementor-section-height-default elementor-section-height-default\" data-id=\"fab29eb\" data-element_type=\"section\">\n\t\t\t\t\t\t<div class=\"elementor-container elementor-column-gap-default\">\n\t\t\t\t\t<div class=\"elementor-column elementor-col-100 elementor-top-column elementor-element elementor-element-ba132ad\" data-id=\"ba132ad\" data-element_type=\"column\">\n\t\t\t<div class=\"elementor-widget-wrap elementor-element-populated\">\n\t\t\t\t\t\t\t<\/div>\n\t\t<\/div>\n\t\t\t\t\t<\/div>\n\t\t<\/section>\n\t\t\t\t<\/div>\n\t\t","protected":false},"excerpt":{"rendered":"<p>Business Process Management<\/p>\n","protected":false},"author":13,"featured_media":0,"parent":521,"menu_order":0,"comment_status":"closed","ping_status":"closed","template":"","meta":{"footnotes":""},"class_list":["post-1351","page","type-page","status-publish","hentry"],"_links":{"self":[{"href":"https:\/\/iksd-consulting.com\/index.php\/wp-json\/wp\/v2\/pages\/1351","targetHints":{"allow":["GET"]}}],"collection":[{"href":"https:\/\/iksd-consulting.com\/index.php\/wp-json\/wp\/v2\/pages"}],"about":[{"href":"https:\/\/iksd-consulting.com\/index.php\/wp-json\/wp\/v2\/types\/page"}],"author":[{"embeddable":true,"href":"https:\/\/iksd-consulting.com\/index.php\/wp-json\/wp\/v2\/users\/13"}],"replies":[{"embeddable":true,"href":"https:\/\/iksd-consulting.com\/index.php\/wp-json\/wp\/v2\/comments?post=1351"}],"version-history":[{"count":0,"href":"https:\/\/iksd-consulting.com\/index.php\/wp-json\/wp\/v2\/pages\/1351\/revisions"}],"up":[{"embeddable":true,"href":"https:\/\/iksd-consulting.com\/index.php\/wp-json\/wp\/v2\/pages\/521"}],"wp:attachment":[{"href":"https:\/\/iksd-consulting.com\/index.php\/wp-json\/wp\/v2\/media?parent=1351"}],"curies":[{"name":"wp","href":"https:\/\/api.w.org\/{rel}","templated":true}]}}