{"id":1367,"date":"2022-03-21T11:38:50","date_gmt":"2022-03-21T10:38:50","guid":{"rendered":"https:\/\/iksd-consulting.com\/?page_id=1367"},"modified":"2024-10-22T01:14:09","modified_gmt":"2024-10-21T23:14:09","slug":"cest-quoi-un-atelier-de-formation","status":"publish","type":"page","link":"https:\/\/iksd-consulting.com\/index.php\/consultez-nos-services\/formation\/cest-quoi-un-atelier-de-formation\/","title":{"rendered":"At\u00e9lier"},"content":{"rendered":"\t\t<div data-elementor-type=\"wp-page\" data-elementor-id=\"1367\" class=\"elementor elementor-1367\" data-elementor-post-type=\"page\">\n\t\t\t\t\t\t<section class=\"elementor-section elementor-top-section elementor-element elementor-element-1dc3627 elementor-section-boxed elementor-section-height-default elementor-section-height-default\" data-id=\"1dc3627\" data-element_type=\"section\">\n\t\t\t\t\t\t<div class=\"elementor-container elementor-column-gap-default\">\n\t\t\t\t\t<div class=\"elementor-column elementor-col-66 elementor-top-column elementor-element elementor-element-e270757\" data-id=\"e270757\" data-element_type=\"column\">\n\t\t\t<div class=\"elementor-widget-wrap elementor-element-populated\">\n\t\t\t\t\t\t<div class=\"elementor-element elementor-element-0f8dc6c elementor-widget elementor-widget-text-editor\" data-id=\"0f8dc6c\" data-element_type=\"widget\" data-widget_type=\"text-editor.default\">\n\t\t\t\t<div class=\"elementor-widget-container\">\n\t\t\t\t\t\t\t\t\t<div id=\"magicdomid176\" class=\"ace-line\" spellcheck=\"true\" aria-live=\"assertive\"><span class=\"author-a-z80zz75zz65zqz76zz75z5z84zxkckbwz74zz79z\">Les ateliers de formation, sont des s\u00e9ances de formation compos\u00e9es de th\u00e9ories et de pratiques couvrant tous les domaines en rapport avec les syst\u00e8mes d\u2019informations et les r\u00e9seaux informatiques.<\/span><\/div><div id=\"magicdomid177\" class=\"ace-line\" spellcheck=\"true\" aria-live=\"assertive\">\u00a0<\/div><div id=\"magicdomid178\" class=\"ace-line\" spellcheck=\"true\" aria-live=\"assertive\"><span class=\"author-a-z80zz75zz65zqz76zz75z5z84zxkckbwz74zz79z\">Le public vis\u00e9 est tr\u00e8s souvent compos\u00e9 de techniciens, d\u2019ing\u00e9nieurs ou des personnes en charge de l\u2019administration et de la gestion technique des syst\u00e8mes d\u2019information et des r\u00e9seaux informatiques.<\/span><\/div>\t\t\t\t\t\t\t\t<\/div>\n\t\t\t\t<\/div>\n\t\t\t\t\t<\/div>\n\t\t<\/div>\n\t\t\t\t<div class=\"elementor-column elementor-col-33 elementor-top-column elementor-element elementor-element-f9b9580\" data-id=\"f9b9580\" data-element_type=\"column\">\n\t\t\t<div class=\"elementor-widget-wrap\">\n\t\t\t\t\t\t\t<\/div>\n\t\t<\/div>\n\t\t\t\t\t<\/div>\n\t\t<\/section>\n\t\t\t\t<section class=\"elementor-section elementor-top-section elementor-element elementor-element-30684d9 elementor-section-boxed elementor-section-height-default elementor-section-height-default\" data-id=\"30684d9\" data-element_type=\"section\">\n\t\t\t\t\t\t<div class=\"elementor-container elementor-column-gap-default\">\n\t\t\t\t\t<div class=\"elementor-column elementor-col-100 elementor-top-column elementor-element elementor-element-054c46c\" data-id=\"054c46c\" data-element_type=\"column\">\n\t\t\t<div class=\"elementor-widget-wrap elementor-element-populated\">\n\t\t\t\t\t\t<div class=\"elementor-element elementor-element-0600e5e elementor-widget elementor-widget-html\" data-id=\"0600e5e\" data-element_type=\"widget\" data-widget_type=\"html.default\">\n\t\t\t\t<div class=\"elementor-widget-container\">\n\t\t\t\t\t\n<div class=\"link-card\">\n        <div class=\"row\" style=\"text-align: center;\">\n            \n                        <a href=\"https:\/\/iksd-consulting.com\/?page_id=2596\" class=\"link-card-item link-card-item3\">\n       <div class=\"link-card-header\">\n       <img decoding=\"async\" src=\"https:\/\/iksd-consulting.com\/wp-content\/uploads\/2022\/03\/Q2-1.png\" alt=\"\">\n           <h3>Administration Syst\u00e8me & R\u00e9seau<\/h3>\n                <\/div>\n                <div class=\"link-card-body\"><button  class=\"btn btn-show-more\">Voir plus<\/button>\n                <\/div>\n            <\/a>\n<a href=\"https:\/\/iksd-consulting.com\/?page_id=2599\" class=\"link-card-item link-card-item2\">\n                <div class=\"link-card-header\">\n                    <img decoding=\"async\" src=\"https:\/\/iksd-consulting.com\/wp-content\/uploads\/2022\/03\/Q1.png\" alt=\"\">\n                    <h3>EXTJS, Framework JAVASCRIP<\/h3>\n                <\/div>\n                <div class=\"link-card-body\"><button  class=\"btn btn-show-more \">Voir plus<\/button>\n                <\/div>\n            <\/a>\n            \n\t<a href=\"https:\/\/iksd-consulting.com\/?page_id=2602\" class=\"link-card-item link-card-item2\">\n                <div class=\"link-card-header\">\n                    <img decoding=\"async\" src=\"https:\/\/iksd-consulting.com\/wp-content\/uploads\/2022\/03\/X15-1.png\" alt=\"\">\n                    <h3>Mise en place du protocole Ipv6  <\/h3>\n                <\/div>\n                <div class=\"link-card-body\"><button  class=\"btn btn-show-more\">Voir plus<\/button>\n                <\/div>\n            <\/a>\n            \n            <a href=\"    https:\/\/iksd-consulting.com\/?page_id=2595\" class=\"link-card-item link-card-item1\">\n                <div class=\"link-card-header\">\n                    <img decoding=\"async\" src=\"https:\/\/iksd-consulting.com\/wp-content\/uploads\/2022\/03\/Q3.png\" alt=\"\">\n                    <h3>\t Initiation et bonne pratique en Python  <\/h3>\n                <\/div>\n                <div class=\"link-card-body\"><button  class=\"btn btn-show-more\">Voir plus<\/button>\n                <\/div>\n            <\/a>\n            \n            \n            \n            <a href=\"    https:\/\/iksd-consulting.com\/?page_id=2621\" class=\"link-card-item link-card-item2\">\n                <div class=\"link-card-header\">\n                    <img decoding=\"async\" src=\"https:\/\/iksd-consulting.com\/wp-content\/uploads\/2022\/03\/Q4.png\" alt=\"\">\n                    <h3>D\u00e9veloppement web avec le Framework Django<\/h3>\n                <\/div>\n                <div class=\"link-card-body\"> <button  class=\"btn btn-show-more\">Voir plus<\/button>\n                <\/div>\n            <\/a>\n          <a href=\"   https:\/\/iksd-consulting.com\/?page_id=2632\" class=\"link-card-item link-card-item2\">\n                <div class=\"link-card-header\">\n                    <img decoding=\"async\" src=\"https:\/\/iksd-consulting.com\/wp-content\/uploads\/2022\/03\/Q5-2.png\" alt=\"\">\n                    <h3>Magento pour Utilisateur\/Administrateur <\/h3>\n                <\/div>\n                <div class=\"link-card-body\"><button  class=\"btn btn-show-more \">Voir plus<\/button>\n                <\/div>\n            <\/a>\n\n\n            \n           <\/a>\n            <a \n            href=\"\n        https:\/\/iksd-consulting.com\/?page_id=2597\" class=\"link-card-item link-card-item3\">\n                <div class=\"link-card-header\">\n                    <img decoding=\"async\" src=\"https:\/\/iksd-consulting.com\/wp-content\/uploads\/2022\/03\/Q6.png\" alt=\"\">\n                    <h3>D\u00e9veloppement web avec le Framework Symfony<\/h3>\n                <\/div>\n                <div class=\"link-card-body\"> <button  class=\"btn btn-show-more \">Voir plus<\/button>\n                <\/div>\n            <\/a>\n            \n            <a href=\"httpshttps:\/\/iksd-consulting.com\/?page_id=2628\" class=\"link-card-item link-card-item2\">\n                <div class=\"link-card-header\">\n                    <img decoding=\"async\" src=\"https:\/\/iksd-consulting.com\/wp-content\/uploads\/2022\/03\/Q7.png\" alt=\"\">\n                    <h3>administrateur de serveur MySQL sous Linux <\/h3>\n                <\/div>\n                <div class=\"link-card-body\"><button  class=\"btn btn-show-more\">Voir plus<\/button>\n                <\/div>\n            <\/a>\n            \n            <a href=\"https:\/\/iksd-consulting.com\/?page_id=2637\" class=\"link-card-item link-card-item2\">\n                <div class=\"link-card-header\">\n                    <img decoding=\"async\" src=\"https:\/\/iksd-consulting.com\/wp-content\/uploads\/2022\/03\/Q8.png\" alt=\"\">\n                    <h3> Mise en place d'un serveur LAMP <\/h3>\n                <\/div>\n                <div class=\"link-card-body\"><button  class=\"btn btn-show-more \">Voir plus<\/button>\n                <\/div>\n            <\/a>\n            \n            \n            \n            <a href=\"https:\/\/iksd-consulting.com\/?page_id=2593\" class=\"link-card-item link-card-item2\">\n                <div class=\"link-card-header\">\n                    <img decoding=\"async\" src=\"https:\/\/iksd-consulting.com\/wp-content\/uploads\/2022\/03\/images.png\" alt=\"\">\n                    <h3>Odoo <\/h3>\n                <\/div>\n                <div class=\"link-card-body\"><button  class=\"btn btn-show-more\">Voir plus<\/button>\n                <\/div>\n            <\/a>\n            <a href=\"https:\/\/iksd-consulting.com\/?page_id=2607\" class=\"link-card-item link-card-item2\">\n                <div class=\"link-card-header\">\n                    <img decoding=\"async\" src=\"https:\/\/iksd-consulting.com\/wp-content\/uploads\/2022\/03\/e-commerce-perche-un-sito-col-carrello-non-basta.jpg\" alt=\"\">\n                    <h3>Sites e- commerces  <\/h3>\n                <\/div>\n                <div class=\"link-card-body\"><button  class=\"btn btn-show-more \">Voir plus<\/button>\n                <\/div>\n            <\/a>\n            \n            \n            <a href=\"https:\/\/iksd-consulting.com\/?page_id=2613\" class=\"link-card-item link-card-item2\">\n                <div class=\"link-card-header\">\n                    <img decoding=\"async\" src=\"https:\/\/iksd-consulting.com\/wp-content\/uploads\/2022\/03\/X12.png\" alt=\"\">\n                    <h3>S\u00e9curit\u00e9 \u2013 ISO 27K  <\/h3>\n                <\/div>\n                <div class=\"link-card-body\"><button  class=\"btn btn-show-more\">Voir plus<\/button>\n                <\/div>\n            <\/a>\n            \n            <a href=\"https:\/\/iksd-consulting.com\/?page_id=3040\" class=\"link-card-item link-card-item2\">\n                <div class=\"link-card-header\">\n                    <img decoding=\"async\" src=\"https:\/\/iksd-consulting.com\/wp-content\/uploads\/2022\/04\/psecu.png\" alt=\"\">\n                    <h3>Shadow IoT : quels risques de s\u00e9curit\u00e9 pour votre soci\u00e9t\u00e9 ?<\/h3>\n                <\/div>\n                <div class=\"link-card-body\"><button  class=\"btn btn-show-more \">Voir plus<\/button>\n                <\/div>\n            <\/a>\n            \n            <a href=\"https:\/\/iksd-consulting.com\/?page_id=3041\" class=\"link-card-item link-card-item2\">\n                <div class=\"link-card-header\">\n                    <img decoding=\"async\" src=\"https:\/\/iksd-consulting.com\/wp-content\/uploads\/2022\/04\/images.png\" alt=\"\">\n                    <h3>Comment s\u00e9curiser l'acc\u00e8s aux applications multi-Cloud pour les utilisateurs nomades ?<\/h3>\n                <\/div>\n                <div class=\"link-card-body\"><button  class=\"btn btn-show-more \">Voir plus<\/button>\n                <\/div>\n            <\/a>\n            \n               <a href=\"https:\/\/iksd-consulting.com\/?page_id=3042\" class=\"link-card-item link-card-item2\">\n                <div class=\"link-card-header\">\n                    <img decoding=\"async\" src=\"https:\/\/iksd-consulting.com\/wp-content\/uploads\/2022\/04\/Sans-titre-1.png\" alt=\"\">\n                    <h3>La d\u00e9mat\u00e9rialisation, pour quels services publics aujourd\u2019hui et demain ?<\/h3>\n                <\/div>\n                <div class=\"link-card-body\"><button  class=\"btn btn-show-more \">Voir plus<\/button>\n                <\/div>\n            <\/a>\n            \n              <a href=\"https:\/\/iksd-consulting.com\/?page_id=2699\" class=\"link-card-item link-card-item2\">\n                <div class=\"link-card-header\">\n                    <img decoding=\"async\" src=\"https:\/\/iksd-consulting.com\/wp-content\/uploads\/2022\/04\/factnum.png\" alt=\"\">\n                    <h3>D\u00e9mat\u00e9rialisation des factures, \u00e9tape indispensable de la transformation num\u00e9rique <\/h3>\n                <\/div>\n                <div class=\"link-card-body\"><button  class=\"btn btn-show-more \">Voir plus<\/button>\n                <\/div>\n            <\/a>\n            \n                          <a href=\"https:\/\/iksd-consulting.com\/?page_id=3044\" class=\"link-card-item link-card-item2\">\n                <div class=\"link-card-header\">\n                    <img decoding=\"async\" src=\"https:\/\/iksd-consulting.com\/wp-content\/uploads\/2022\/04\/laptop-met-slot.png\" alt=\"\">\n                    <h3>     REPENSER LA S\u00c9CURIT\u00c9 \u00c0 L\u2019HEURE DU T\u00c9L\u00c9TRAVAIL G\u00c9N\u00c9RALIS\u00c9 <\/h3>\n                <\/div>\n                <div class=\"link-card-body\"><button  class=\"btn btn-show-more \">Voir plus<\/button>\n                <\/div>\n            <\/a>\n           \n                 <a href=\"https:\/\/iksd-consulting.com\/?page_id=3045\" class=\"link-card-item link-card-item2\">\n                <div class=\"link-card-header\">\n                    <img decoding=\"async\" src=\"https:\/\/iksd-consulting.com\/wp-content\/uploads\/2022\/04\/dir.png\" alt=\"\">\n                    <h3>     Directeur des syst\u00e8mes d'informations <\/h3>\n                <\/div>\n                <div class=\"link-card-body\"><button  class=\"btn btn-show-more \">Voir plus<\/button>\n                <\/div>\n            <\/a>\n            \n             <a href=\"https:\/\/iksd-consulting.com\/?page_id=3045\" class=\"link-card-item link-card-item2\">\n                <div class=\"link-card-header\">\n                    <img decoding=\"async\" src=\"https:\/\/iksd-consulting.com\/wp-content\/uploads\/2022\/04\/cybsecurt.png\" alt=\"\">\n                    <h3>Six \u00e9tapes pour former vos collaborateurs \u00e0 la cybers\u00e9curit\u00e9 <\/h3>\n                <\/div>\n                <div class=\"link-card-body\"><button  class=\"btn btn-show-more \">Voir plus<\/button>\n                <\/div>\n            <\/a>\n<\/div>\t\t\t\t<\/div>\n\t\t\t\t<\/div>\n\t\t\t\t\t<\/div>\n\t\t<\/div>\n\t\t\t\t\t<\/div>\n\t\t<\/section>\n\t\t\t\t<\/div>\n\t\t","protected":false},"excerpt":{"rendered":"<p>Les ateliers de formation, sont des s\u00e9ances de formation compos\u00e9es de th\u00e9ories et de pratiques couvrant tous les domaines en rapport avec les syst\u00e8mes d\u2019informations et les r\u00e9seaux informatiques.<\/p>\n","protected":false},"author":13,"featured_media":0,"parent":652,"menu_order":0,"comment_status":"closed","ping_status":"closed","template":"","meta":{"footnotes":""},"class_list":["post-1367","page","type-page","status-publish","hentry"],"_links":{"self":[{"href":"https:\/\/iksd-consulting.com\/index.php\/wp-json\/wp\/v2\/pages\/1367","targetHints":{"allow":["GET"]}}],"collection":[{"href":"https:\/\/iksd-consulting.com\/index.php\/wp-json\/wp\/v2\/pages"}],"about":[{"href":"https:\/\/iksd-consulting.com\/index.php\/wp-json\/wp\/v2\/types\/page"}],"author":[{"embeddable":true,"href":"https:\/\/iksd-consulting.com\/index.php\/wp-json\/wp\/v2\/users\/13"}],"replies":[{"embeddable":true,"href":"https:\/\/iksd-consulting.com\/index.php\/wp-json\/wp\/v2\/comments?post=1367"}],"version-history":[{"count":0,"href":"https:\/\/iksd-consulting.com\/index.php\/wp-json\/wp\/v2\/pages\/1367\/revisions"}],"up":[{"embeddable":true,"href":"https:\/\/iksd-consulting.com\/index.php\/wp-json\/wp\/v2\/pages\/652"}],"wp:attachment":[{"href":"https:\/\/iksd-consulting.com\/index.php\/wp-json\/wp\/v2\/media?parent=1367"}],"curies":[{"name":"wp","href":"https:\/\/api.w.org\/{rel}","templated":true}]}}