{"id":1370,"date":"2022-03-21T11:47:34","date_gmt":"2022-03-21T10:47:34","guid":{"rendered":"https:\/\/iksd-consulting.com\/?page_id=1370"},"modified":"2024-10-22T01:14:50","modified_gmt":"2024-10-21T23:14:50","slug":"quest-ce-quun-seminaire","status":"publish","type":"page","link":"https:\/\/iksd-consulting.com\/index.php\/consultez-nos-services\/formation\/quest-ce-quun-seminaire\/","title":{"rendered":"S\u00e9minaire"},"content":{"rendered":"\t\t<div data-elementor-type=\"wp-page\" data-elementor-id=\"1370\" class=\"elementor elementor-1370\" data-elementor-post-type=\"page\">\n\t\t\t\t\t\t<section class=\"elementor-section elementor-top-section elementor-element elementor-element-96ee752 elementor-section-boxed elementor-section-height-default elementor-section-height-default\" data-id=\"96ee752\" data-element_type=\"section\">\n\t\t\t\t\t\t<div class=\"elementor-container elementor-column-gap-default\">\n\t\t\t\t\t<div class=\"elementor-column elementor-col-66 elementor-top-column elementor-element elementor-element-018781f\" data-id=\"018781f\" data-element_type=\"column\">\n\t\t\t<div class=\"elementor-widget-wrap elementor-element-populated\">\n\t\t\t\t\t\t<div class=\"elementor-element elementor-element-1b3d173 elementor-widget elementor-widget-text-editor\" data-id=\"1b3d173\" data-element_type=\"widget\" data-widget_type=\"text-editor.default\">\n\t\t\t\t<div class=\"elementor-widget-container\">\n\t\t\t\t\t\t\t\t\t<p style=\"text-align: justify;\">Les s\u00e9minaires de formation, sont en fait des s\u00e9ances de pr\u00e9sentation, de sensibilisation, d\u2019\u00e9change et de retour d\u2019exp\u00e9rience sur les technologies informatiques sur lesquelles IKSD CONSULTING a d\u00e9velopp\u00e9 une expertise.\nLe public vis\u00e9 est tr\u00e8s souvent des chefs d\u2019entreprises, des directeurs informatiques ou encore des personnels des directions m\u00e9tiers au sein des entreprises.<\/p>\t\t\t\t\t\t\t\t<\/div>\n\t\t\t\t<\/div>\n\t\t\t\t\t<\/div>\n\t\t<\/div>\n\t\t\t\t<div class=\"elementor-column elementor-col-33 elementor-top-column elementor-element elementor-element-a039966\" data-id=\"a039966\" data-element_type=\"column\">\n\t\t\t<div class=\"elementor-widget-wrap\">\n\t\t\t\t\t\t\t<\/div>\n\t\t<\/div>\n\t\t\t\t\t<\/div>\n\t\t<\/section>\n\t\t\t\t<section class=\"elementor-section elementor-top-section elementor-element elementor-element-b5bf8ce elementor-section-boxed elementor-section-height-default elementor-section-height-default\" data-id=\"b5bf8ce\" data-element_type=\"section\">\n\t\t\t\t\t\t<div class=\"elementor-container elementor-column-gap-default\">\n\t\t\t\t\t<div class=\"elementor-column elementor-col-100 elementor-top-column elementor-element elementor-element-f658616\" data-id=\"f658616\" data-element_type=\"column\">\n\t\t\t<div class=\"elementor-widget-wrap elementor-element-populated\">\n\t\t\t\t\t\t<div class=\"elementor-element elementor-element-bb693af elementor-widget elementor-widget-html\" data-id=\"bb693af\" data-element_type=\"widget\" data-widget_type=\"html.default\">\n\t\t\t\t<div class=\"elementor-widget-container\">\n\t\t\t\t\t<div class=\"link-card\">\n        <div class=\"row\" style=\"text-align: center;\">\n                  <a href=\"https:\/\/iksd-consulting.com\/?page_id=2653\" class=\"link-card-item link-card-item2\">\n                <div class=\"link-card-header\">\n                    <img decoding=\"async\" src=\"https:\/\/iksd-consulting.com\/wp-content\/uploads\/2022\/03\/X7.png\" alt=\"Int\u00e9gration des donn\u00e9es\">\n                    <h3>Int\u00e9gration des Donn\u00e9es<\/h3>\n                <\/div>\n                <div class=\"link-card-body\"><button  class=\"btn btn-show-more\">Voir plus<\/button>\n                <\/div>\n            <\/a>\n            \n            \n            <a href=\"https:\/\/iksd-consulting.com\/?page_id=2658\" class=\"link-card-item link-card-item2\">\n                <div class=\"link-card-header\">\n                    <img decoding=\"async\" src=\"https:\/\/iksd-consulting.com\/wp-content\/uploads\/2022\/03\/X5.png\" alt=\"Le cloud\">\n                    <h3>Le Cloud et ses alternatives<\/h3>\n                <\/div>\n                <div class=\"link-card-body\"><button  class=\"btn btn-show-more\">Voir plus<\/button>\n                <\/div>\n            <\/a>\n            \n\n\t<a href=\"https:\/\/iksd-consulting.com\/?page_id=2666\" class=\"link-card-item link-card-item2\">\n                <div class=\"link-card-header\">\n                    <img decoding=\"async\" src=\"https:\/\/iksd-consulting.com\/wp-content\/uploads\/2022\/03\/X6.png\" alt=\"Big Data\">\n                    <h3>L\u2019analyse du Big Data<\/h3>\n                <\/div>\n                <div class=\"link-card-body\"><button  class=\"btn btn-show-more\">Voir plus<\/button>\n                <\/div>\n            <\/a>\n            \n            <a href=\"https:\/\/iksd-consulting.com\/?page_id=2672\" class=\"link-card-item link-card-item1\">\n                <div class=\"link-card-header\">\n                    <img decoding=\"async\" src=\"https:\/\/iksd-consulting.com\/wp-content\/uploads\/2022\/03\/X9.png\" alt=\"Donn\u00e9es\">\n                    <h3>Gouvernance des donn\u00e9es<\/h3>\n                <\/div>\n                <div class=\"link-card-body\"><button  class=\"btn btn-show-more\">Voir plus<\/button>\n                <\/div>\n            <\/a>\n            \n            \n            \n            <a href=\"https:\/\/iksd-consulting.com\/?page_id=2678\" class=\"link-card-item link-card-item2\">\n                <div class=\"link-card-header\">\n                    <img decoding=\"async\" src=\"https:\/\/iksd-consulting.com\/wp-content\/uploads\/2022\/03\/X8.png\" alt=\"Projet ERP\">\n                    <h3>Projet ERP<\/h3>\n                <\/div>\n                <div class=\"link-card-body\"> <button  class=\"btn btn-show-more\">Voir plus<\/button>\n                <\/div>\n            <\/a>\n            <a href=\"https:\/\/iksd-consulting.com\/?page_id=2683\" class=\"link-card-item link-card-item3\">\n                <div class=\"link-card-header\">\n                    <img decoding=\"async\" src=\"https:\/\/iksd-consulting.com\/wp-content\/uploads\/2022\/03\/X10.png\" alt=\"LA d\u00e9marche\">\n                    <h3>La D\u00e9marche DevOpss<\/h3>\n                <\/div>\n                <div class=\"link-card-body\"> <button  class=\"btn btn-show-more\">Voir plus<\/button>\n                <\/div>\n            <\/a>\n            \n     \n         <a href=\"https:\/\/iksd-consulting.com\/?page_id=2689\" class=\"link-card-item link-card-item2\">\n                <div class=\"link-card-header\">\n                    <img decoding=\"async\" src=\"https:\/\/iksd-consulting.com\/wp-content\/uploads\/2022\/03\/X12.png\" alt=\"S\u00e9curiser les clouds\">\n                    <h3>Comment s\u00e9curiser l'acc\u00e8s aux applications multi-Cloud pour les utilisateurs nomades ?<\/h3>\n                <\/div>\n                <div class=\"link-card-body\"><button  class=\"btn btn-show-more\">Voir plus<\/button>\n                <\/div>\n            <\/a>\n            \n            \n            \n            \n          <a href=\"https:\/\/iksd-consulting.com\/?page_id=2694\" class=\"link-card-item link-card-item2\">\n                <div class=\"link-card-header\">\n                    <img decoding=\"async\" src=\"https:\/\/iksd-consulting.com\/wp-content\/uploads\/2022\/03\/X4.png\" alt=\"framework\">\n                    <h3>Le framework de digitalisation, un outil pour r\u00e9ussir la transformation digitale<\/h3>\n                <\/div>\n                <div class=\"link-card-body\"><button  class=\"btn btn-show-more\">Voir plus<\/button>\n                <\/div>\n            <\/a>\n\n            \n            \n            \n            \n            <a href=\"https:\/\/iksd-consulting.com\/?page_id=2699\" class=\"link-card-item link-card-item2\">\n                <div class=\"link-card-header\">\n                    <img decoding=\"async\" src=\"https:\/\/iksd-consulting.com\/wp-content\/uploads\/2022\/03\/X11.png\" alt=\"La transformation Num\u00e9rique\">\n                    <h3> D\u00e9mat\u00e9rialisation des factures, \u00e9tape indispensable de la transformation num\u00e9rique\n\n<\/h3>\n                <\/div>\n                <div class=\"link-card-body\"><button  class=\"btn btn-show-more\">Voir plus<\/button>\n                <\/div>\n            <\/a>\n            \n            \n            <a href=\"https:\/\/iksd-consulting.com\/?page_id=2705\" class=\"link-card-item link-card-item3\">\n                <div class=\"link-card-header\">\n                    <img decoding=\"async\" src=\"https:\/\/iksd-consulting.com\/wp-content\/uploads\/2022\/03\/X3.png\" alt=\"Catalogue des donn\u00e9es \">\n                    <h3>Le catalogue de donn\u00e9es, un pilier de la gouvernance<\/h3>\n                <\/div>\n                <div class=\"link-card-body\"><button  class=\"btn btn-show-more\">Voir plus<\/button>\n                <\/div>\n            <\/a>\n\n            <a href=\"https:\/\/iksd-consulting.com\/\/?page_id=2710\" class=\"link-card-item link-card-item2\">\n                <div class=\"link-card-header\">\n                    <img decoding=\"async\" src=\"https:\/\/iksd-consulting.com\/wp-content\/uploads\/2022\/03\/X13.png\" alt=\"Application dans cloud\">\n                    <h3>Quelle est la meilleure approche pour mettre ses applications dans le cloud ?<\/h3>\n                <\/div>\n                <div class=\"link-card-body\"><button  class=\"btn btn-show-more\">Voir plus<\/button>\n                <\/div>\n            <\/a>\n            \n            \n            <a href=\"https:\/\/iksd-consulting.com\/?page_id=2715\" class=\"link-card-item link-card-item2\">\n                <div class=\"link-card-header\">\n                    <img decoding=\"async\" src=\"https:\/\/iksd-consulting.com\/wp-content\/uploads\/2022\/03\/X14.png\" alt=\"Les machines\">\n                    <h3>Les machines bient\u00f4t factur\u00e9es comme du cloud<\/h3>\n                <\/div>\n                <div class=\"link-card-body\"><button  class=\"btn btn-show-more\">Voir plus<\/button>\n                <\/div>\n            <\/a>\n            \n            \t<a href=\"https:\/\/iksd-consulting.com\/?page_id=2666\" class=\"link-card-item link-card-item2\">\n                <div class=\"link-card-header\">\n                    <img decoding=\"async\" src=\"https:\/\/iksd-consulting.com\/wp-content\/uploads\/2022\/04\/1651552.png\" alt=\"Big Data en entreprise \">\n                    <h3>Big Data en Entreprise<\/h3>\n                <\/div>\n                <div class=\"link-card-body\"><button  class=\"btn btn-show-more\">Voir plus<\/button>\n                <\/div>\n            <\/a>\n            \n            \t<a href=\"https:\/\/iksd-consulting.com\/?page_id=2666\" class=\"link-card-item link-card-item2\">\n                <div class=\"link-card-header\">\n                    <img decoding=\"async\" src=\"https:\/\/iksd-consulting.com\/wp-content\/uploads\/2022\/04\/sdfg.png\" alt=\"loud de confiance\">\n                    <h3>Le cloud de confiance<\/h3>\n                <\/div>\n                <div class=\"link-card-body\"><button  class=\"btn btn-show-more\">Voir plus<\/button>\n                <\/div>\n            <\/a>\n            \n            \t<a href=\"https:\/\/iksd-consulting.com\/?page_id=1139\" class=\"link-card-item link-card-item2\">\n                <div class=\"link-card-header\">\n                    <img decoding=\"async\" src=\"https:\/\/iksd-consulting.com\/wp-content\/uploads\/2022\/04\/strattt.png\" alt=\"Workplace\">\n                    <h3>Strat\u00e9gie Digitale Workplace<\/h3>\n                <\/div>\n                <div class=\"link-card-body\"><button  class=\"btn btn-show-more\">Voir plus<\/button>\n                <\/div>\n            <\/a>\n            \n            \t<a href=\"https:\/\/iksd-consulting.com\/?page_id=1139\" class=\"link-card-item link-card-item2\">\n                <div class=\"link-card-header\">\n                    <img decoding=\"async\" src=\"https:\/\/iksd-consulting.com\/wp-content\/uploads\/2022\/04\/icon-data.png\" alt=\"Virtualisation\">\n                    <h3>Virtualisation des Donn\u00e9es<\/h3>\n                <\/div>\n                <div class=\"link-card-body\"><button  class=\"btn btn-show-more\">Voir plus<\/button>\n                <\/div>\n            <\/a>\n            \n            \t<a href=\"https:\/\/iksd-consulting.com\/index.php\/lanalyse-du-big-data\/\" class=\"link-card-item link-card-item2\">\n                <div class=\"link-card-header\">\n                    <img decoding=\"async\" src=\"https:\/\/iksd-consulting.com\/wp-content\/uploads\/2022\/04\/888918.png\" alt=\"Open source\">\n                    <h3>Open source en entreprise<\/h3>\n                <\/div>\n                <div class=\"link-card-body\"><button  class=\"btn btn-show-more\">Voir plus<\/button>\n                <\/div>\n            <\/a>\n            \n            \t<a href=\"https:\/\/iksd-consulting.com\/index.php\/lanalyse-du-big-data\/\" class=\"link-card-item link-card-item2\">\n                <div class=\"link-card-header\">\n                    <img decoding=\"async\" src=\"https:\/\/iksd-consulting.com\/wp-content\/uploads\/2022\/04\/2040653.png\" alt=\"Qu'est ce qu'un chatbots\">\n                    <h3>Les chatbots<\/h3>\n                <\/div>\n                <div class=\"link-card-body\"><button  class=\"btn btn-show-more\">Voir plus<\/button>\n                <\/div>\n            <\/a>\n            \n            \t<a href=\"https:\/\/iksd-consulting.com\/index.php\/lanalyse-du-big-data\/\" class=\"link-card-item link-card-item2\">\n                <div class=\"link-card-header\">\n                    <img decoding=\"async\" src=\"https:\/\/iksd-consulting.com\/wp-content\/uploads\/2022\/04\/4363_\u30c6\u30ec\u30ef\u30fc\u30afb.png\" alt=\"Pourquoi le num\u00e9rique\">\n                    <h3>La confiance num\u00e9rique \u00e0 l'\u00e9preuve du t\u00e9l\u00e9travail<\/h3>\n                <\/div>\n                <div class=\"link-card-body\"><button  class=\"btn btn-show-more\">Voir plus<\/button>\n                <\/div>\n            <\/a>\n            \n            \t<a href=\"https:\/\/iksd-consulting.com\/index.php\/lanalyse-du-big-data\/\" class=\"link-card-item link-card-item2\">\n                <div class=\"link-card-header\">\n                    <img decoding=\"async\" src=\"https:\/\/iksd-consulting.com\/wp-content\/uploads\/2022\/04\/ident.png\" alt=\"La gestion des identit\u00e9s\">\n                    <h3>La gestion des identit\u00e9s et des acc\u00e8s est essentielle pour assurer la s\u00e9curit\u00e9 des t\u00e9l\u00e9trailleurs<\/h3>\n                <\/div>\n                <div class=\"link-card-body\"><button  class=\"btn btn-show-more\">Voir plus<\/button>\n                <\/div>\n            <\/a>\n            \n            \t<a href=\"https:\/\/iksd-consulting.com\/index.php\/lanalyse-du-big-data\/\" class=\"link-card-item link-card-item2\">\n                <div class=\"link-card-header\">\n                    <img decoding=\"async\" src=\"https:\/\/iksd-consulting.com\/wp-content\/uploads\/2022\/03\/X6.png\" alt=\"C'est quoi le Big Data\">\n                    <h3>L\u2019analyse du Big Data<\/h3>\n                <\/div>\n                <div class=\"link-card-body\"><button  class=\"btn btn-show-more\">Voir plus<\/button>\n                <\/div>\n            <\/a>\n            \n                <a href=\"\/index.php\/shadow-iot-quels-risques-de-securite-pour-votre-societe\/\" class=\"link-card-item link-card-item2\">\n                <div class=\"link-card-header\">\n                    <img decoding=\"async\" src=\"https:\/\/iksd-consulting.com\/wp-content\/uploads\/2022\/04\/psecu.png\" alt=\"Quels risques de s\u00e9curit\u00e9 pour votre entreprise?\">\n                    <h3>Shadow IoT : quels risques de s\u00e9curit\u00e9 pour votre soci\u00e9t\u00e9 ?<\/h3>\n                <\/div>\n                <div class=\"link-card-body\"><button  class=\"btn btn-show-more\">Voir plus<\/button>\n                <\/div>\n            <\/a>\n                <a href=\"\/index.php\/comment-securiser-lacces-aux-applications-multi-cloud-pour-les-utilisateurs-nomades\/\" class=\"link-card-item link-card-item2\">\n                <div class=\"link-card-header\">\n                    <img decoding=\"async\" src=\"https:\/\/iksd-consulting.com\/wp-content\/uploads\/2022\/04\/images.png\" alt=\"Applications multi-Cloud\">\n                    <h3>Comment s\u00e9curiser l'acc\u00e8s aux applications multi-Cloud pour les utilisateurs nomades ?<\/h3>\n                <\/div>\n                <div class=\"link-card-body\"><button  class=\"btn btn-show-more\">Voir plus<\/button>\n                <\/div>\n            <\/a>\n                <a href=\"\/index.php\/la-dematerialisation-pour-quels-services-publics-aujourdhui-et-demain\/\" class=\"link-card-item link-card-item2\">\n                <div class=\"link-card-header\">\n                    <img decoding=\"async\" src=\"https:\/\/iksd-consulting.com\/wp-content\/uploads\/2022\/04\/4363_\u30c6\u30ec\u30ef\u30fc\u30afb.png\" alt=\"Quels services publics?\">\n                    <h3>La d\u00e9mat\u00e9rialisation, pour quels services publics aujourd\u2019hui et demain ?<\/h3>\n                <\/div>\n                <div class=\"link-card-body\"><button  class=\"btn btn-show-more\">Voir plus<\/button>\n                <\/div>\n            <\/a>\n                <a href=\"\/index.php\/nos-services\/formation\/seminaire\/dematerialisation-des-factures-etape-indispensable-de-la-transformation-numerique\/\" class=\"link-card-item link-card-item2\">\n                <div class=\"link-card-header\">\n                    <img decoding=\"async\" src=\"https:\/\/iksd-consulting.com\/wp-content\/uploads\/2022\/04\/Sans-titre-1.png\" alt=\"LA tranformation num\u00e9rique\">\n                    <h3 class=\"link-card-header\">D\u00e9mat\u00e9rialisation des factures, \u00e9tape indispensable de la transformation num\u00e9rique<\/h3>\n                <\/div>\n                <div class=\"link-card-body\"><button  class=\"btn btn-show-more\">Voir plus<\/button>\n                <\/div>\n            <\/a>\n                <a href=\"\/index.php\/repenser-la-securite-a-lheure-du-teletravail-generalise\/\" class=\"link-card-item link-card-item2\">\n                <div class=\"link-card-header\">\n                    <img decoding=\"async\" src=\"https:\/\/iksd-consulting.com\/wp-content\/uploads\/2022\/04\/laptop-met-slot.png\" alt=\"La s\u00e9curit\u00e9 \u00e0 l'heure du t\u00e9l\u00e9travail\">\n                    <h3>     Repenser la s\u00e9curit\u00e9 \u00e0 l'heure du t\u00e9l\u00e9travail g\u00e9n\u00e9ralis\u00e9<\/h3>\n                <\/div>\n                <div class=\"link-card-body\"><button  class=\"btn btn-show-more\">Voir plus<\/button>\n                <\/div>\n            <\/a>\n            <a href=\"\/index.php\/directeur-des-systemes-dinformation-six-etapes-pour-former-vos-collaborateurs-a-la-cybersecurite\/\" class=\"link-card-item link-card-item2\">\n                <div class=\"link-card-header\">\n                    <img decoding=\"async\" src=\"https:\/\/iksd-consulting.com\/wp-content\/uploads\/2022\/04\/dir.png\" alt=\"Syst\u00e8mes d'informations\">\n                    <h3>         Directeur des Syst\u00e8mes d\u2019Information : \n\nSix \u00e9tapes pour former vos collaborateurs \u00e0 la cybers\u00e9curit\u00e9<\/h3>\n                <\/div>\n                <div class=\"link-card-body\"><button  class=\"btn btn-show-more\">Voir plus<\/button>\n                <\/div>\n            <\/a>\n<\/div>\n<\/div>\t\t\t\t<\/div>\n\t\t\t\t<\/div>\n\t\t\t\t\t<\/div>\n\t\t<\/div>\n\t\t\t\t\t<\/div>\n\t\t<\/section>\n\t\t\t\t<\/div>\n\t\t","protected":false},"excerpt":{"rendered":"<p>Les s\u00e9minaires de formation, sont des s\u00e9ances de pr\u00e9sentation \u00e0 l&rsquo;endroit des d\u00e9cideurs d&rsquo;entreprises<\/p>\n","protected":false},"author":13,"featured_media":0,"parent":652,"menu_order":0,"comment_status":"closed","ping_status":"closed","template":"","meta":{"footnotes":""},"class_list":["post-1370","page","type-page","status-publish","hentry"],"_links":{"self":[{"href":"https:\/\/iksd-consulting.com\/index.php\/wp-json\/wp\/v2\/pages\/1370","targetHints":{"allow":["GET"]}}],"collection":[{"href":"https:\/\/iksd-consulting.com\/index.php\/wp-json\/wp\/v2\/pages"}],"about":[{"href":"https:\/\/iksd-consulting.com\/index.php\/wp-json\/wp\/v2\/types\/page"}],"author":[{"embeddable":true,"href":"https:\/\/iksd-consulting.com\/index.php\/wp-json\/wp\/v2\/users\/13"}],"replies":[{"embeddable":true,"href":"https:\/\/iksd-consulting.com\/index.php\/wp-json\/wp\/v2\/comments?post=1370"}],"version-history":[{"count":1,"href":"https:\/\/iksd-consulting.com\/index.php\/wp-json\/wp\/v2\/pages\/1370\/revisions"}],"predecessor-version":[{"id":40569,"href":"https:\/\/iksd-consulting.com\/index.php\/wp-json\/wp\/v2\/pages\/1370\/revisions\/40569"}],"up":[{"embeddable":true,"href":"https:\/\/iksd-consulting.com\/index.php\/wp-json\/wp\/v2\/pages\/652"}],"wp:attachment":[{"href":"https:\/\/iksd-consulting.com\/index.php\/wp-json\/wp\/v2\/media?parent=1370"}],"curies":[{"name":"wp","href":"https:\/\/api.w.org\/{rel}","templated":true}]}}