{"id":1714,"date":"2022-03-25T11:41:09","date_gmt":"2022-03-25T10:41:09","guid":{"rendered":"https:\/\/iksd-consulting.com\/?page_id=1714"},"modified":"2024-10-22T01:14:51","modified_gmt":"2024-10-21T23:14:51","slug":"cest-quoi-ged","status":"publish","type":"page","link":"https:\/\/iksd-consulting.com\/index.php\/consultez-nos-services\/logiciel-de-gestion\/cest-quoi-ged\/","title":{"rendered":"GED"},"content":{"rendered":"\t\t<div data-elementor-type=\"wp-page\" data-elementor-id=\"1714\" class=\"elementor elementor-1714\" data-elementor-post-type=\"page\">\n\t\t\t\t\t\t<section class=\"elementor-section elementor-top-section elementor-element elementor-element-92aa217 elementor-section-boxed elementor-section-height-default elementor-section-height-default\" data-id=\"92aa217\" data-element_type=\"section\">\n\t\t\t\t\t\t<div class=\"elementor-container elementor-column-gap-default\">\n\t\t\t\t\t<div class=\"elementor-column elementor-col-66 elementor-top-column elementor-element elementor-element-d2a6edd\" data-id=\"d2a6edd\" data-element_type=\"column\">\n\t\t\t<div class=\"elementor-widget-wrap elementor-element-populated\">\n\t\t\t\t\t\t<div class=\"elementor-element elementor-element-f2f81f1 elementor-widget elementor-widget-html\" data-id=\"f2f81f1\" data-element_type=\"widget\" data-widget_type=\"html.default\">\n\t\t\t\t<div class=\"elementor-widget-container\">\n\t\t\t\t\t<div class=\"text ta-j\">\n    <p class=\"lh-25\">\n    En pleine transformation num\u00e9rique, de tr\u00e8s nombreuses entreprises font le choix de mettre en place desoutils de Gestion \u00c9lectronique de Documents (GED). Elle vous permet d'offrir \u00e0 vos clients un acc\u00e8s aux documents les concernant.\n    <\/p>\n    <p class=\"lh-25\">\nLa mise en place d'une solution de Gestion \u00c9lectronique des Documents permet une r\u00e9duction des co\u00fbts logistiques inh\u00e9rents au traitement traditionnel de l'information : consommation d'encre et de papier, volume utile de l'archivage physique\u2026 Elle permet par ailleurs de r\u00e9duire le temps de traitement des documents et ainsi d'augmenter le temps de productivit\u00e9 de vos collaborateurs. \n    <\/p>\n<\/div>\t\t\t\t<\/div>\n\t\t\t\t<\/div>\n\t\t\t\t<div class=\"elementor-element elementor-element-d6ddda8 elementor-widget elementor-widget-text-editor\" data-id=\"d6ddda8\" data-element_type=\"widget\" data-widget_type=\"text-editor.default\">\n\t\t\t\t<div class=\"elementor-widget-container\">\n\t\t\t\t\t\t\t\t\t<h3 style=\"text-align: left;\"><span style=\"color: #03ab57; font-style: italic;font-size: 26px\"><b>Faire tomber les obstacles pour assurer la r\u00e9ussite des \u00e9quipes<\/b>\n<\/span><\/h3>\n<p class=\"ta-j\">La collaboration joue un r\u00f4le essentiel dans la r\u00e9ussite d&rsquo;une entreprise. En facilitant la circulation des flux d&rsquo;information et processus dans l&rsquo;entreprise et au-del\u00e0, vous augmentez la productivit\u00e9 et cr\u00e9ez les conditions d&rsquo;une meilleure r\u00e9activit\u00e9 et d&rsquo;une innovation renforc\u00e9e.<\/p>\t\t\t\t\t\t\t\t<\/div>\n\t\t\t\t<\/div>\n\t\t\t\t\t<\/div>\n\t\t<\/div>\n\t\t\t\t<div class=\"elementor-column elementor-col-33 elementor-top-column elementor-element elementor-element-0967078\" data-id=\"0967078\" data-element_type=\"column\">\n\t\t\t<div class=\"elementor-widget-wrap elementor-element-populated\">\n\t\t\t\t\t\t<div class=\"elementor-element elementor-element-0d3e040 elementor-widget elementor-widget-html\" data-id=\"0d3e040\" data-element_type=\"widget\" data-widget_type=\"html.default\">\n\t\t\t\t<div class=\"elementor-widget-container\">\n\t\t\t\t\t<div class=\"gestion-entreprise-container w-100\">\n        <div class=\"gestion-entreprise gestion-entreprise1\">\n            <div class=\"ged-enter-header\">\n                <img decoding=\"async\" src=\"https:\/\/iksd-consulting.com\/wp-content\/uploads\/2022\/04\/index.png\" alt=\"Developpement web\">\n                <h3 class=\"ged-enter-title\">Alfresco<\/h3>\n            <\/div>\n            <div class=\"ged-enter-body\">\n                <p>\n                  Alfresco Platform est une syst\u00e8me ouverte, moderne et s\u00e9curis\u00e9e qui active intelligemment les processus et contenus...\n                <\/p>\n            <\/div>\n            \n        <\/div>\n<\/div>\t\t\t\t<\/div>\n\t\t\t\t<\/div>\n\t\t\t\t\t<\/div>\n\t\t<\/div>\n\t\t\t\t\t<\/div>\n\t\t<\/section>\n\t\t\t\t<\/div>\n\t\t","protected":false},"excerpt":{"rendered":"<p>Un processus incontournable de l\u2019entreprise moderne<\/p>\n","protected":false},"author":13,"featured_media":0,"parent":521,"menu_order":0,"comment_status":"closed","ping_status":"closed","template":"","meta":{"footnotes":""},"class_list":["post-1714","page","type-page","status-publish","hentry"],"_links":{"self":[{"href":"https:\/\/iksd-consulting.com\/index.php\/wp-json\/wp\/v2\/pages\/1714","targetHints":{"allow":["GET"]}}],"collection":[{"href":"https:\/\/iksd-consulting.com\/index.php\/wp-json\/wp\/v2\/pages"}],"about":[{"href":"https:\/\/iksd-consulting.com\/index.php\/wp-json\/wp\/v2\/types\/page"}],"author":[{"embeddable":true,"href":"https:\/\/iksd-consulting.com\/index.php\/wp-json\/wp\/v2\/users\/13"}],"replies":[{"embeddable":true,"href":"https:\/\/iksd-consulting.com\/index.php\/wp-json\/wp\/v2\/comments?post=1714"}],"version-history":[{"count":1,"href":"https:\/\/iksd-consulting.com\/index.php\/wp-json\/wp\/v2\/pages\/1714\/revisions"}],"predecessor-version":[{"id":40583,"href":"https:\/\/iksd-consulting.com\/index.php\/wp-json\/wp\/v2\/pages\/1714\/revisions\/40583"}],"up":[{"embeddable":true,"href":"https:\/\/iksd-consulting.com\/index.php\/wp-json\/wp\/v2\/pages\/521"}],"wp:attachment":[{"href":"https:\/\/iksd-consulting.com\/index.php\/wp-json\/wp\/v2\/media?parent=1714"}],"curies":[{"name":"wp","href":"https:\/\/api.w.org\/{rel}","templated":true}]}}