{"id":1719,"date":"2022-03-25T11:41:50","date_gmt":"2022-03-25T10:41:50","guid":{"rendered":"https:\/\/iksd-consulting.com\/?page_id=1719"},"modified":"2024-10-22T01:14:51","modified_gmt":"2024-10-21T23:14:51","slug":"cest-quoi-un-erp","status":"publish","type":"page","link":"https:\/\/iksd-consulting.com\/index.php\/consultez-nos-services\/logiciel-de-gestion\/cest-quoi-un-erp\/","title":{"rendered":"ERP"},"content":{"rendered":"\t\t<div data-elementor-type=\"wp-page\" data-elementor-id=\"1719\" class=\"elementor elementor-1719\" data-elementor-post-type=\"page\">\n\t\t\t\t\t\t<section class=\"elementor-section elementor-top-section elementor-element elementor-element-36685c2 elementor-section-boxed elementor-section-height-default elementor-section-height-default\" data-id=\"36685c2\" data-element_type=\"section\">\n\t\t\t\t\t\t<div class=\"elementor-container elementor-column-gap-default\">\n\t\t\t\t\t<div class=\"elementor-column elementor-col-66 elementor-top-column elementor-element elementor-element-d4386ce\" data-id=\"d4386ce\" data-element_type=\"column\">\n\t\t\t<div class=\"elementor-widget-wrap elementor-element-populated\">\n\t\t\t\t\t\t<div class=\"elementor-element elementor-element-94e1991 elementor-widget elementor-widget-html\" data-id=\"94e1991\" data-element_type=\"widget\" data-widget_type=\"html.default\">\n\t\t\t\t<div class=\"elementor-widget-container\">\n\t\t\t\t\t<div class=\"ta-j\">\n<h3 class=\"green_sub\">IKSD CONSULTING, votre partenaire strat\u00e9gique dans le cadre de vos projets de deploiement ou de migration<\/h3>\n<p>Pierre angulaire du syst\u00e8me d'information, l'ERP assure la gestion des activit\u00e9s et des ressources d\u2019une entreprise, il repr\u00e9sente donc un enjeu majeur de d\u00e9veloppement et de performance pour celle-ci.<\/p>\n\n<p>En proie \u00e0 une forte croissance de leur business, d\u00e9sireuse de digitaliser leurs canaux de vente ou de s\u2019ouvrir \u00e0 une nouvelle activit\u00e9, certaines PME se retrouvent freiner par un syst\u00e8me d\u2019information non adapt\u00e9.<\/p>\n\n<p>La d\u00e9cision d\u2019int\u00e9grer ou de changer un logiciel ERP peut en ce sens \u00eatre une opportunit\u00e9 de r\u00e9organisation mais c\u2019est avant tout un projet d\u2019entreprise qui doit aussi bien impliquer la direction que les collaborateurs.<\/p>\n<h3 class=\"green_sub\">Accompagner le d\u00e9ploiement de vos applications au service de vos m\u00e9tiers<\/h3>\n<p>Notre mission peut \u00eatre globale ou venir en soutien sur l\u2019une des \u00e9tapes cl\u00e9s de la gestion de projets.<\/p>\n\n<p>\u00c0 IKSD Consulting, nos solutions de gestion couvrent les principales fonctions\nessentielles au sein d\u2019une entreprise. Elles permettent de soutenir non\nseulement la croissance d\u2019une entreprise mais \u00e9galement l'am\u00e9lioration efficace des processus de gestion.<\/p>\n<h3 class=\"green_sub\">L'ERP bas\u00e9 sur le cloud vous garantit d'utiliser toujours la derni\u00e8re version<\/h3>\n<p>La mise \u00e0 niveau d'un syst\u00e8me sur site est co\u00fbteuse, source de dispersion, d'incertitude et entra\u00eene des perturbations pour l'entreprise.\nVous disposez ainsi de nouvelles fonctionnalit\u00e9s permettant d'automatiser les processus qui vous ralentissent, ainsi que de nouvelles analyses pour vous aider \u00e0 prendre de meilleures d\u00e9cisions.<\/p>\n<h3 class=\"green_sub\">Migrez vers l'ERP dans le cloud en toute confiance<\/h3>\n<p>Lorsque vous d\u00e9placez vos donn\u00e9es vers le cloud avec IKSD Consulting , vous \u00eates guid\u00e9s par un partenaire technologique disposant d'une exp\u00e9rience in\u00e9gal\u00e9e dans la migration de milliers d'entreprises vers l'ERP dans le cloud.<\/p>\n<\/div>\t\t\t\t<\/div>\n\t\t\t\t<\/div>\n\t\t\t\t\t<\/div>\n\t\t<\/div>\n\t\t\t\t<div class=\"elementor-column elementor-col-33 elementor-top-column elementor-element elementor-element-aec9b42\" data-id=\"aec9b42\" data-element_type=\"column\">\n\t\t\t<div class=\"elementor-widget-wrap elementor-element-populated\">\n\t\t\t\t\t\t<div class=\"elementor-element elementor-element-a98e9cd elementor-widget elementor-widget-html\" data-id=\"a98e9cd\" data-element_type=\"widget\" data-widget_type=\"html.default\">\n\t\t\t\t<div class=\"elementor-widget-container\">\n\t\t\t\t\t<div class=\"ta-j\">\n<p style=\"text-align:center;\"><img decoding=\"async\" src=\"https:\/\/iksd-consulting.com\/wp-content\/uploads\/2022\/04\/external-content.duckduckgo.com_.png\" alt=\"img\" style=\"height:150px;\" \/>\n\n<p>Odoo est le logiciel de gestion le plus install\u00e9 au monde. Il est utilis\u00e9 par 5.000.000 d'utilisateurs dans le monde; de toutes petites entreprises (1 utilisateur) aux grandes organisations (300,000+ utilisateurs).<\/p>\n\n<br\/>\n\n<p style=\"text-align:center;\"><img decoding=\"async\"  src=\"https:\/\/iksd-consulting.com\/wp-content\/uploads\/2022\/04\/dolibar.png\" alt=\"img\" style=\"height:150px;\"\/><\/p>\n\n<p>Dolibarr est un logiciel open source qui s\u00e9duit par sa modularit\u00e9 et sa simplicit\u00e9 d'utilisation.<\/p>\n\n\n<\/div>\t\t\t\t<\/div>\n\t\t\t\t<\/div>\n\t\t\t\t\t<\/div>\n\t\t<\/div>\n\t\t\t\t\t<\/div>\n\t\t<\/section>\n\t\t\t\t<\/div>\n\t\t","protected":false},"excerpt":{"rendered":"<p>Nos solutions de gestion permettent de soutenir non<br \/>\nseulement la croissance d\u2019une entreprise mais \u00e9galement l\u2019am\u00e9lioration efficace des processus de gestion<\/p>\n","protected":false},"author":13,"featured_media":0,"parent":521,"menu_order":0,"comment_status":"closed","ping_status":"closed","template":"","meta":{"footnotes":""},"class_list":["post-1719","page","type-page","status-publish","hentry"],"_links":{"self":[{"href":"https:\/\/iksd-consulting.com\/index.php\/wp-json\/wp\/v2\/pages\/1719","targetHints":{"allow":["GET"]}}],"collection":[{"href":"https:\/\/iksd-consulting.com\/index.php\/wp-json\/wp\/v2\/pages"}],"about":[{"href":"https:\/\/iksd-consulting.com\/index.php\/wp-json\/wp\/v2\/types\/page"}],"author":[{"embeddable":true,"href":"https:\/\/iksd-consulting.com\/index.php\/wp-json\/wp\/v2\/users\/13"}],"replies":[{"embeddable":true,"href":"https:\/\/iksd-consulting.com\/index.php\/wp-json\/wp\/v2\/comments?post=1719"}],"version-history":[{"count":1,"href":"https:\/\/iksd-consulting.com\/index.php\/wp-json\/wp\/v2\/pages\/1719\/revisions"}],"predecessor-version":[{"id":40582,"href":"https:\/\/iksd-consulting.com\/index.php\/wp-json\/wp\/v2\/pages\/1719\/revisions\/40582"}],"up":[{"embeddable":true,"href":"https:\/\/iksd-consulting.com\/index.php\/wp-json\/wp\/v2\/pages\/521"}],"wp:attachment":[{"href":"https:\/\/iksd-consulting.com\/index.php\/wp-json\/wp\/v2\/media?parent=1719"}],"curies":[{"name":"wp","href":"https:\/\/api.w.org\/{rel}","templated":true}]}}