{"id":1913,"date":"2022-03-25T17:57:47","date_gmt":"2022-03-25T16:57:47","guid":{"rendered":"https:\/\/iksd-consulting.com\/?page_id=1913"},"modified":"2024-10-22T01:13:35","modified_gmt":"2024-10-21T23:13:35","slug":"cest-quoi-gouvernance-des-donnees","status":"publish","type":"page","link":"https:\/\/iksd-consulting.com\/index.php\/consultez-nos-services\/data-et-analytics\/cest-quoi-gouvernance-des-donnees\/","title":{"rendered":"Gouvernance des donn\u00e9es"},"content":{"rendered":"\t\t<div data-elementor-type=\"wp-page\" data-elementor-id=\"1913\" class=\"elementor elementor-1913\" data-elementor-post-type=\"page\">\n\t\t\t\t\t\t<section class=\"elementor-section elementor-top-section elementor-element elementor-element-126a823 elementor-section-boxed elementor-section-height-default elementor-section-height-default\" data-id=\"126a823\" data-element_type=\"section\">\n\t\t\t\t\t\t<div class=\"elementor-container elementor-column-gap-default\">\n\t\t\t\t\t<div class=\"elementor-column elementor-col-66 elementor-top-column elementor-element elementor-element-560cbe3\" data-id=\"560cbe3\" data-element_type=\"column\">\n\t\t\t<div class=\"elementor-widget-wrap elementor-element-populated\">\n\t\t\t\t\t\t<div class=\"elementor-element elementor-element-763ee3f elementor-widget elementor-widget-text-editor\" data-id=\"763ee3f\" data-element_type=\"widget\" data-widget_type=\"text-editor.default\">\n\t\t\t\t<div class=\"elementor-widget-container\">\n\t\t\t\t\t\t\t\t\t<h3 style=\"text-align: left;\"><span style=\"color: #03ab57;\">Pourquoi un projet de Gouvernance de Donn\u00e9es ?<\/span><b><\/b><span class=\"author-a-z86zmz73zz68zmz71zz68zz68zf3u754xz84z\">\u00a0<\/span><\/h3><div id=\"magicdomid274\" class=\"ace-line\" aria-live=\"assertive\"><span class=\"author-a-z86zmz73zz68zmz71zz68zz68zf3u754xz84z\">En moyenne, on consid\u00e8re qu\u2019une entreprise n\u2019exploite que 40% du potentiel des donn\u00e9es qu\u2019elle poss\u00e8de, g\u00e9n\u00e8re ou recueille. Soit elle n\u2019en soup\u00e7onne pas la richesse, soit elle n\u2019est pas organis\u00e9e pour les piloter de mani\u00e8re \u00e0 en tirer tout le b\u00e9n\u00e9fice.<\/span><\/div><div id=\"magicdomid275\" class=\"ace-line\" aria-live=\"assertive\">\u00a0<\/div><div id=\"magicdomid252\" class=\"ace-line\" aria-live=\"assertive\"><span class=\"author-a-z86zmz73zz68zmz71zz68zz68zf3u754xz84z\">IKSD CONSULTING vous aide \u00e0 r\u00e9v\u00e9ler tout le potentiel de vos informations pour les mettre au service de votre business. Nous vous accompagnons dans la cr\u00e9ation et la mise en place de votre strat\u00e9gie de gouvernance de donn\u00e9es sur-mesure. Vous \u00eates par\u00e9 pour exploiter la pleine valeur de votre data.<\/span><\/div>\t\t\t\t\t\t\t\t<\/div>\n\t\t\t\t<\/div>\n\t\t\t\t<div class=\"elementor-element elementor-element-585c38b elementor-widget elementor-widget-text-editor\" data-id=\"585c38b\" data-element_type=\"widget\" data-widget_type=\"text-editor.default\">\n\t\t\t\t<div class=\"elementor-widget-container\">\n\t\t\t\t\t\t\t\t\t<h3 style=\"text-align: left;\"><span style=\"color: #03ab57;\">Pourquoi un projet Master Data Management ?<\/span><b><\/b><\/h3><div id=\"magicdomid274\" class=\"ace-line\" aria-live=\"assertive\"><span class=\"author-a-z86zmz73zz68zmz71zz68zz68zf3u754xz84z\">Digitalisation des \u00e9changes, multiplication des points de contacts entre clients, magasins, catalogues, sites d\u2019une m\u00eame marque : l\u2019\u00e8re de l\u2019omnicanal et du cross-canal g\u00e9n\u00e8re des quantit\u00e9s d\u2019informations tous azimuts, \u00e0 chaque niveau de l\u2019entreprise.<\/span><\/div><div aria-live=\"assertive\">\u00a0<\/div><div aria-live=\"assertive\">IKSD CONSULTING vous accompagne dans votre projet de Gestion des Donn\u00e9es de R\u00e9f\u00e9rence. Nous vous aidons \u00e0 disposer du meilleur R\u00e9f\u00e9rentiel produits ou clients pour accro\u00eetre vos performances. Rien de moins.<\/div>\t\t\t\t\t\t\t\t<\/div>\n\t\t\t\t<\/div>\n\t\t\t\t\t<\/div>\n\t\t<\/div>\n\t\t\t\t<div class=\"elementor-column elementor-col-33 elementor-top-column elementor-element elementor-element-adecc1d\" data-id=\"adecc1d\" data-element_type=\"column\">\n\t\t\t<div class=\"elementor-widget-wrap\">\n\t\t\t\t\t\t\t<\/div>\n\t\t<\/div>\n\t\t\t\t\t<\/div>\n\t\t<\/section>\n\t\t\t\t<\/div>\n\t\t","protected":false},"excerpt":{"rendered":"<p>IKSD CONSULTING vous aide \u00e0 r\u00e9v\u00e9ler tout le potentiel de vos informations pour les mettre au service de votre business<\/p>\n","protected":false},"author":13,"featured_media":0,"parent":526,"menu_order":0,"comment_status":"closed","ping_status":"closed","template":"","meta":{"footnotes":""},"class_list":["post-1913","page","type-page","status-publish","hentry"],"_links":{"self":[{"href":"https:\/\/iksd-consulting.com\/index.php\/wp-json\/wp\/v2\/pages\/1913","targetHints":{"allow":["GET"]}}],"collection":[{"href":"https:\/\/iksd-consulting.com\/index.php\/wp-json\/wp\/v2\/pages"}],"about":[{"href":"https:\/\/iksd-consulting.com\/index.php\/wp-json\/wp\/v2\/types\/page"}],"author":[{"embeddable":true,"href":"https:\/\/iksd-consulting.com\/index.php\/wp-json\/wp\/v2\/users\/13"}],"replies":[{"embeddable":true,"href":"https:\/\/iksd-consulting.com\/index.php\/wp-json\/wp\/v2\/comments?post=1913"}],"version-history":[{"count":0,"href":"https:\/\/iksd-consulting.com\/index.php\/wp-json\/wp\/v2\/pages\/1913\/revisions"}],"up":[{"embeddable":true,"href":"https:\/\/iksd-consulting.com\/index.php\/wp-json\/wp\/v2\/pages\/526"}],"wp:attachment":[{"href":"https:\/\/iksd-consulting.com\/index.php\/wp-json\/wp\/v2\/media?parent=1913"}],"curies":[{"name":"wp","href":"https:\/\/api.w.org\/{rel}","templated":true}]}}