{"id":2216,"date":"2022-04-01T19:02:11","date_gmt":"2022-04-01T17:02:11","guid":{"rendered":"https:\/\/iksd-consulting.com\/?page_id=2216"},"modified":"2024-10-22T01:14:51","modified_gmt":"2024-10-21T23:14:51","slug":"strategie-cloud","status":"publish","type":"page","link":"https:\/\/iksd-consulting.com\/index.php\/consultez-nos-services\/infrastructure-definition\/quest-ce-quun-cloud\/strategie-cloud\/","title":{"rendered":"Strat\u00e9gie cloud"},"content":{"rendered":"\t\t<div data-elementor-type=\"wp-page\" data-elementor-id=\"2216\" class=\"elementor elementor-2216\" data-elementor-post-type=\"page\">\n\t\t\t\t\t\t<section class=\"elementor-section elementor-top-section elementor-element elementor-element-ec85c30 elementor-section-boxed elementor-section-height-default elementor-section-height-default\" data-id=\"ec85c30\" data-element_type=\"section\">\n\t\t\t\t\t\t<div class=\"elementor-container elementor-column-gap-default\">\n\t\t\t\t\t<div class=\"elementor-column elementor-col-66 elementor-top-column elementor-element elementor-element-0bd057c\" data-id=\"0bd057c\" data-element_type=\"column\">\n\t\t\t<div class=\"elementor-widget-wrap elementor-element-populated\">\n\t\t\t\t\t\t<div class=\"elementor-element elementor-element-3d49807 elementor-widget elementor-widget-text-editor\" data-id=\"3d49807\" data-element_type=\"widget\" data-widget_type=\"text-editor.default\">\n\t\t\t\t<div class=\"elementor-widget-container\">\n\t\t\t\t\t\t\t\t\t<h3 class=\"green_sub\">Une dimension strat\u00e9gique pour les entreprises<\/h3>\n<p style=\"text-align: justify;\">L\u2019externalisation des syst\u00e8mes d\u2019information repr\u00e9sente un nouveau mod\u00e8le \u00e9conomique pour l\u2019informatique : puisqu\u2019il permet de supprimer des actifs immobilis\u00e9s par des investissements en infrastructures, et de les remplacer par des charges de consommation. Le Cloud Computing permet de disposer des infrastructures informatiques comme s\u2019il s\u2019agissait de services, sans g\u00e9n\u00e9rer de co\u00fbts fixes (\u00e9lectricit\u00e9, entretien des serveurs, climatisation des locaux techniques, s\u00e9curisation physique). Comptablement, il s\u2019agit donc de migrer\nd\u2019une consommation de capital (CapEx) vers une consommation de charges d\u2019exploitation inscrites au r\u00e9sultat (OpEx).<\/p>\n<h3 class=\"green_sub\">Comment nous vous accompagnons ?<\/h3>\n<h4 style=\"padding-bottom:0;font-weight:bold;\">PHASE 1 <\/h4>\n<h4 style=\"padding-left:15px; font-weight:bold;\">AUDITER L\u2019ORGANISATION ACTUELLE<\/h4>\n<p style=\"text-align:justify;\">\nPour d\u00e9finir les fonctionnalit\u00e9s qui devront imp\u00e9rativement \u00eatre r\u00e9unies dans le cadre\nde votre projet d\u2019externalisation des SI, il faut d\u00e9j\u00e0 r\u00e9aliser un audit d\u00e9taill\u00e9 de la situation\nexistante<\/p> \n<h4 style=\"padding-bottom:0; font-weight:bold;\">PHASE 2<\/h4>\n<h4 style=\"padding-left:15px; font-weight:bold;\">F\u00c9D\u00c9RER LES \u00c9NERGIES<\/h4>\n<p style=\"text-align:justify;\">\nNe jamais perdre de vue l\u2019essentiel : l\u2019utilisateur ! Un projet d\u2019externalisation \u00e9manant du management et apparaissant comme une d\u00e9cision descendante porte en lui les germes de l\u2019\u00e9chec.<br\/>\u00ab L\u2019implication des collaborateurs est capitale d\u00e8s le d\u00e9but du projet, En identifiant certains utilisateurs plus matures technologiquement, vous assurerez des remont\u00e9es d\u2019information r\u00e9ellement li\u00e9es aux usages. Par ailleurs vous pourrez vous appuyer, lors du d\u00e9ploiement sur des ambassadeurs qui contribueront \u00e0 rassurer les utilisateurs les plus r\u00e9ticents, afin d\u2019accompagner leur mont\u00e9e en comp\u00e9tence \u00bb.\n<\/p>\n\n<p style=\"text-align:justify;\">L\u2019externalisation du SI n\u2019est pas un projet technologique, mais un vrai projet strat\u00e9gique !<\/p>\n\n<h4 style=\"padding-bottom:0; font-weight:bold;\">PHASE 3<\/h4>\n<h4 style=\"padding-left:15px; font-weight:bold;\">D\u00c9FINIR LE CAHIER DES CHARGES<\/h4>\n<p style=\"text-align:justify;\">Pour d\u00e9finir le cahier des charges de votre projet de migration vers le Cloud, il faudra disposer d\u2019une vision objective de vos besoins (tels qu\u2019identifi\u00e9s lors de l\u2019audit d\u00e9taill\u00e9), mais aussi avoir une bonne connaissance des contraintes r\u00e9glementaires, financi\u00e8res et administratives relatives \u00e0 votre activit\u00e9.\n<br\/>\nIl conviendra par ailleurs de s\u00e9lectionner parmi votre portefeuille applicatif, celles qui devront imp\u00e9rativement migrer vers le Cloud et celles qui le seront ult\u00e9rieurement, afin de prioriser le projet.\n\n<\/p>\t\t\t\t\t\t\t\t<\/div>\n\t\t\t\t<\/div>\n\t\t\t\t\t<\/div>\n\t\t<\/div>\n\t\t\t\t<div class=\"elementor-column elementor-col-33 elementor-top-column elementor-element elementor-element-24e42c4\" data-id=\"24e42c4\" data-element_type=\"column\">\n\t\t\t<div class=\"elementor-widget-wrap elementor-element-populated\">\n\t\t\t\t\t\t<div class=\"elementor-element elementor-element-ceca23c elementor-widget elementor-widget-html\" data-id=\"ceca23c\" data-element_type=\"widget\" data-widget_type=\"html.default\">\n\t\t\t\t<div class=\"elementor-widget-container\">\n\t\t\t\t\t<div class=\"ta-j\">\n\n\n<p style=\"text-align:center;\"><img decoding=\"async\"  src=\"https:\/\/iksd-consulting.com\/wp-content\/uploads\/2022\/04\/index-1.png\" alt=\"img\" style=\"height:150px;\"\/><\/p>\n\n<p>Azure est la plateforme Cloud de Microsoft. Elle regroupe divers services de Cloud Computing. On y trouve \u00e0 la fois des solutions open-source que des technologies propri\u00e9taires de Microsoft ou d\u2019autres entreprises. <\/p>\n\n<br\/>\n\n<\/div>\t\t\t\t<\/div>\n\t\t\t\t<\/div>\n\t\t\t\t\t<\/div>\n\t\t<\/div>\n\t\t\t\t\t<\/div>\n\t\t<\/section>\n\t\t\t\t<\/div>\n\t\t","protected":false},"excerpt":{"rendered":"<p>L\u2019externalisation des syst\u00e8mes d\u2019information repr\u00e9sente un nouveau mod\u00e8le \u00e9conomique pour l\u2019informatique<\/p>\n","protected":false},"author":13,"featured_media":0,"parent":1120,"menu_order":0,"comment_status":"closed","ping_status":"closed","template":"","meta":{"footnotes":""},"class_list":["post-2216","page","type-page","status-publish","hentry"],"_links":{"self":[{"href":"https:\/\/iksd-consulting.com\/index.php\/wp-json\/wp\/v2\/pages\/2216","targetHints":{"allow":["GET"]}}],"collection":[{"href":"https:\/\/iksd-consulting.com\/index.php\/wp-json\/wp\/v2\/pages"}],"about":[{"href":"https:\/\/iksd-consulting.com\/index.php\/wp-json\/wp\/v2\/types\/page"}],"author":[{"embeddable":true,"href":"https:\/\/iksd-consulting.com\/index.php\/wp-json\/wp\/v2\/users\/13"}],"replies":[{"embeddable":true,"href":"https:\/\/iksd-consulting.com\/index.php\/wp-json\/wp\/v2\/comments?post=2216"}],"version-history":[{"count":0,"href":"https:\/\/iksd-consulting.com\/index.php\/wp-json\/wp\/v2\/pages\/2216\/revisions"}],"up":[{"embeddable":true,"href":"https:\/\/iksd-consulting.com\/index.php\/wp-json\/wp\/v2\/pages\/1120"}],"wp:attachment":[{"href":"https:\/\/iksd-consulting.com\/index.php\/wp-json\/wp\/v2\/media?parent=2216"}],"curies":[{"name":"wp","href":"https:\/\/api.w.org\/{rel}","templated":true}]}}