{"id":2218,"date":"2022-04-01T19:03:40","date_gmt":"2022-04-01T17:03:40","guid":{"rendered":"https:\/\/iksd-consulting.com\/?page_id=2218"},"modified":"2024-10-22T01:14:51","modified_gmt":"2024-10-21T23:14:51","slug":"comment-migrer-vers-cloud","status":"publish","type":"page","link":"https:\/\/iksd-consulting.com\/index.php\/consultez-nos-services\/infrastructure-definition\/quest-ce-quun-cloud\/comment-migrer-vers-cloud\/","title":{"rendered":"Migration vers le cloud"},"content":{"rendered":"\t\t<div data-elementor-type=\"wp-page\" data-elementor-id=\"2218\" class=\"elementor elementor-2218\" data-elementor-post-type=\"page\">\n\t\t\t\t\t\t<section class=\"elementor-section elementor-top-section elementor-element elementor-element-e76b901 elementor-section-boxed elementor-section-height-default elementor-section-height-default\" data-id=\"e76b901\" data-element_type=\"section\">\n\t\t\t\t\t\t<div class=\"elementor-container elementor-column-gap-default\">\n\t\t\t\t\t<div class=\"elementor-column elementor-col-66 elementor-top-column elementor-element elementor-element-e73e9f1\" data-id=\"e73e9f1\" data-element_type=\"column\">\n\t\t\t<div class=\"elementor-widget-wrap elementor-element-populated\">\n\t\t\t\t\t\t<div class=\"elementor-element elementor-element-b5aca21 elementor-widget elementor-widget-html\" data-id=\"b5aca21\" data-element_type=\"widget\" data-widget_type=\"html.default\">\n\t\t\t\t<div class=\"elementor-widget-container\">\n\t\t\t\t\t<h3 class=\"green_sub\">Migration cloud, de quoi s\u2019agit il ? <\/h3> \n\n<p style=\"text-align:justify;\">La migration vers le cloud est devenue incontournable pour les entreprises d\u00e9sireuses de se trouver \u00e0 la pointe de la modernit\u00e9 et de gagner en productivit\u00e9.<br\/>\n\nBasculer votre syst\u00e8me d\u2019information vers le cloud n\u00e9cessite une expertise techniquement pointue, et pour cela, IKSD CONSULTING, peut vous assurer un accompagnement<\/p> \n\n<h3 class=\"green_sub\">Une phase pr\u00e9paratoire essentielle<\/h3> \n\n<p style=\"text-align:justify;\">La migration vers le cloud n\u2019est plus aujourd\u2019hui une question IT, mais bien un projet humain. Elle engendre beaucoup de changements dans les organisations et il est imp\u00e9ratif de prendre en consid\u00e9ration ces \u00e9volutions en amont du projet. <\/p>\n\n<p style=\"text-align:justify;\">Dans le m\u00eame temps il est n\u00e9cessaire de g\u00e9rer la partie op\u00e9rationnelle de la migration \u00e0 travers une check-list \u00e0 valider.<\/p>\n\n<h3 class=\"green_sub\">Une conduite du changement \u00e0 ne pas n\u00e9gliger<\/h3>\n<p style=\"text-align:justify;\">Tous les projets de migration vers le cloud sont uniques et ne se ressemblent pas sur le plan technique.<\/p>\n\n<p>Par contre, ils ont un m\u00eame point commun, \u00ab il s\u2019agit d\u2019une aventure humaine \u00bb<\/p>\n\n<p>En pr\u00e9ambule, il faut savoir qui sont les parties prenantes sans oublier personne : Il est donc n\u00e9cessaire de les identifier, m\u00e9tiers, d\u00e9veloppeurs, IT.<\/p>\n\n<p>De m\u00eame au sein des diff\u00e9rentes entit\u00e9s, il est utile de trouver des relais, des ambassadeurs du projet\n\nla direction doit \u00eatre un moteur dans l\u2019impulsion du projet<\/p>\n\n\t\t\t\t<\/div>\n\t\t\t\t<\/div>\n\t\t\t\t\t<\/div>\n\t\t<\/div>\n\t\t\t\t<div class=\"elementor-column elementor-col-33 elementor-top-column elementor-element elementor-element-079107f\" data-id=\"079107f\" data-element_type=\"column\">\n\t\t\t<div class=\"elementor-widget-wrap elementor-element-populated\">\n\t\t\t\t\t\t<div class=\"elementor-element elementor-element-d69e8b3 elementor-widget elementor-widget-html\" data-id=\"d69e8b3\" data-element_type=\"widget\" data-widget_type=\"html.default\">\n\t\t\t\t<div class=\"elementor-widget-container\">\n\t\t\t\t\t<div class=\"ta-j\">\n\n<p style=\"text-align:center;\"><img decoding=\"async\"  src=\"https:\/\/iksd-consulting.com\/wp-content\/uploads\/2022\/04\/external-content.duckduckgo.com_.jpg\" alt=\"img\" style=\"height:150px;\"\/><\/p>\n\n<p>Google Cloud Platform (GCP) est une plateforme qui fournit plus de 90 services (ou produits) informatiques que les entreprises, les professionnels de l'informatique et les d\u00e9veloppeurs peuvent utiliser pour travailler plus efficacement.<\/p>\n\n<br\/>\n<\/div>\t\t\t\t<\/div>\n\t\t\t\t<\/div>\n\t\t\t\t\t<\/div>\n\t\t<\/div>\n\t\t\t\t\t<\/div>\n\t\t<\/section>\n\t\t\t\t<\/div>\n\t\t","protected":false},"excerpt":{"rendered":"<p>Migration cloud, de quoi s\u2019agit il ? La migration vers le cloud est devenue incontournable pour les entreprises<\/p>\n","protected":false},"author":13,"featured_media":0,"parent":1120,"menu_order":0,"comment_status":"closed","ping_status":"closed","template":"","meta":{"footnotes":""},"class_list":["post-2218","page","type-page","status-publish","hentry"],"_links":{"self":[{"href":"https:\/\/iksd-consulting.com\/index.php\/wp-json\/wp\/v2\/pages\/2218","targetHints":{"allow":["GET"]}}],"collection":[{"href":"https:\/\/iksd-consulting.com\/index.php\/wp-json\/wp\/v2\/pages"}],"about":[{"href":"https:\/\/iksd-consulting.com\/index.php\/wp-json\/wp\/v2\/types\/page"}],"author":[{"embeddable":true,"href":"https:\/\/iksd-consulting.com\/index.php\/wp-json\/wp\/v2\/users\/13"}],"replies":[{"embeddable":true,"href":"https:\/\/iksd-consulting.com\/index.php\/wp-json\/wp\/v2\/comments?post=2218"}],"version-history":[{"count":1,"href":"https:\/\/iksd-consulting.com\/index.php\/wp-json\/wp\/v2\/pages\/2218\/revisions"}],"predecessor-version":[{"id":40585,"href":"https:\/\/iksd-consulting.com\/index.php\/wp-json\/wp\/v2\/pages\/2218\/revisions\/40585"}],"up":[{"embeddable":true,"href":"https:\/\/iksd-consulting.com\/index.php\/wp-json\/wp\/v2\/pages\/1120"}],"wp:attachment":[{"href":"https:\/\/iksd-consulting.com\/index.php\/wp-json\/wp\/v2\/media?parent=2218"}],"curies":[{"name":"wp","href":"https:\/\/api.w.org\/{rel}","templated":true}]}}