{"id":2292,"date":"2022-04-01T19:31:23","date_gmt":"2022-04-01T17:31:23","guid":{"rendered":"https:\/\/iksd-consulting.com\/?page_id=2292"},"modified":"2024-10-22T01:10:07","modified_gmt":"2024-10-21T23:10:07","slug":"quest-ce-qu-un-business-intelligente","status":"publish","type":"page","link":"https:\/\/iksd-consulting.com\/index.php\/quest-ce-qu-un-business-intelligente\/","title":{"rendered":"Business intelligence"},"content":{"rendered":"\t\t<div data-elementor-type=\"wp-page\" data-elementor-id=\"2292\" class=\"elementor elementor-2292\" data-elementor-post-type=\"page\">\n\t\t\t\t\t\t<section class=\"elementor-section elementor-top-section elementor-element elementor-element-fb169d4 elementor-section-boxed elementor-section-height-default elementor-section-height-default\" data-id=\"fb169d4\" data-element_type=\"section\">\n\t\t\t\t\t\t<div class=\"elementor-container elementor-column-gap-default\">\n\t\t\t\t\t<div class=\"elementor-column elementor-col-66 elementor-top-column elementor-element elementor-element-1500a2d\" data-id=\"1500a2d\" data-element_type=\"column\">\n\t\t\t<div class=\"elementor-widget-wrap elementor-element-populated\">\n\t\t\t\t\t\t<div class=\"elementor-element elementor-element-c80492c elementor-widget elementor-widget-html\" data-id=\"c80492c\" data-element_type=\"widget\" data-widget_type=\"html.default\">\n\t\t\t\t<div class=\"elementor-widget-container\">\n\t\t\t\t\t<div class=\"ta-j\">\n<p>Si l'informatique d\u00e9cisionnelle, l'analyse en temps r\u00e9el et la visualisation des donn\u00e9es furent au c\u0153ur des pr\u00e9occupations des entreprises dans les ann\u00e9es 2000, aujourd'hui elles ont toutes les yeux riv\u00e9s sur la gestion de la donn\u00e9e et plus pr\u00e9cis\u00e9ment, la donn\u00e9e de r\u00e9f\u00e9rence (Master Data). Comment cr\u00e9er et g\u00e9rer un r\u00e9f\u00e9rentiel unique de donn\u00e9es client, produit, fournisseur ? <\/p>\n<\/div>\t\t\t\t<\/div>\n\t\t\t\t<\/div>\n\t\t\t\t\t<\/div>\n\t\t<\/div>\n\t\t\t\t<div class=\"elementor-column elementor-col-33 elementor-top-column elementor-element elementor-element-75ce743\" data-id=\"75ce743\" data-element_type=\"column\">\n\t\t\t<div class=\"elementor-widget-wrap elementor-element-populated\">\n\t\t\t\t\t\t<div class=\"elementor-element elementor-element-9c10e32 elementor-widget elementor-widget-html\" data-id=\"9c10e32\" data-element_type=\"widget\" data-widget_type=\"html.default\">\n\t\t\t\t<div class=\"elementor-widget-container\">\n\t\t\t\t\t<div class=\"ta-j\">\n\n<p style=\"text-align:center;\"><img decoding=\"async\"  src=\"https:\/\/iksd-consulting.com\/wp-content\/uploads\/2022\/04\/pantaho-1.png\" style=\"height:150px;\"\/><\/p>\n\n<p>\n    Pentaho est une plate-forme d\u00e9cisionnelle open source compl\u00e8te poss\u00e9dant les caract\u00e9ristiques suivantes :\n    une couverture globale des fonctionnalit\u00e9s de la Business Intelligence :\n        ETL (int\u00e9gration de donn\u00e9es),\n        reporting,\n        tableaux de bord (\u00ab Dashboards \u00bb),\n        analyse ad hoc (requ\u00eates \u00e0 la demande),\n        analyse multidimensionnelle (OLAP)\n <\/p>\n<\/div>\t\t\t\t<\/div>\n\t\t\t\t<\/div>\n\t\t\t\t\t<\/div>\n\t\t<\/div>\n\t\t\t\t\t<\/div>\n\t\t<\/section>\n\t\t\t\t<\/div>\n\t\t","protected":false},"excerpt":{"rendered":"<p>Business Intelligence<\/p>\n","protected":false},"author":13,"featured_media":0,"parent":0,"menu_order":0,"comment_status":"closed","ping_status":"closed","template":"","meta":{"footnotes":""},"class_list":["post-2292","page","type-page","status-publish","hentry"],"_links":{"self":[{"href":"https:\/\/iksd-consulting.com\/index.php\/wp-json\/wp\/v2\/pages\/2292","targetHints":{"allow":["GET"]}}],"collection":[{"href":"https:\/\/iksd-consulting.com\/index.php\/wp-json\/wp\/v2\/pages"}],"about":[{"href":"https:\/\/iksd-consulting.com\/index.php\/wp-json\/wp\/v2\/types\/page"}],"author":[{"embeddable":true,"href":"https:\/\/iksd-consulting.com\/index.php\/wp-json\/wp\/v2\/users\/13"}],"replies":[{"embeddable":true,"href":"https:\/\/iksd-consulting.com\/index.php\/wp-json\/wp\/v2\/comments?post=2292"}],"version-history":[{"count":1,"href":"https:\/\/iksd-consulting.com\/index.php\/wp-json\/wp\/v2\/pages\/2292\/revisions"}],"predecessor-version":[{"id":40547,"href":"https:\/\/iksd-consulting.com\/index.php\/wp-json\/wp\/v2\/pages\/2292\/revisions\/40547"}],"wp:attachment":[{"href":"https:\/\/iksd-consulting.com\/index.php\/wp-json\/wp\/v2\/media?parent=2292"}],"curies":[{"name":"wp","href":"https:\/\/api.w.org\/{rel}","templated":true}]}}