{"id":2301,"date":"2022-04-01T19:39:34","date_gmt":"2022-04-01T17:39:34","guid":{"rendered":"https:\/\/iksd-consulting.com\/?page_id=2301"},"modified":"2024-10-22T01:13:35","modified_gmt":"2024-10-21T23:13:35","slug":"comment-integrer-les-donnees","status":"publish","type":"page","link":"https:\/\/iksd-consulting.com\/index.php\/consultez-nos-services\/data-et-analytics\/comment-integrer-les-donnees\/","title":{"rendered":"Int\u00e9gration de donn\u00e9es"},"content":{"rendered":"\t\t<div data-elementor-type=\"wp-page\" data-elementor-id=\"2301\" class=\"elementor elementor-2301\" data-elementor-post-type=\"page\">\n\t\t\t\t\t\t<section class=\"elementor-section elementor-top-section elementor-element elementor-element-a0df446 elementor-section-boxed elementor-section-height-default elementor-section-height-default\" data-id=\"a0df446\" data-element_type=\"section\">\n\t\t\t\t\t\t<div class=\"elementor-container elementor-column-gap-default\">\n\t\t\t\t\t<div class=\"elementor-column elementor-col-66 elementor-top-column elementor-element elementor-element-cf80c57\" data-id=\"cf80c57\" data-element_type=\"column\">\n\t\t\t<div class=\"elementor-widget-wrap elementor-element-populated\">\n\t\t\t\t\t\t<div class=\"elementor-element elementor-element-8d1c9fc elementor-widget elementor-widget-text-editor\" data-id=\"8d1c9fc\" data-element_type=\"widget\" data-widget_type=\"text-editor.default\">\n\t\t\t\t<div class=\"elementor-widget-container\">\n\t\t\t\t\t\t\t\t\t<h3 class=\"green_sub\">Pourquoi l\u2019int\u00e9gration de donn\u00e9es est-elle n\u00e9cessaire ?<\/h3>\n<p style=\"text-align: justify;\">Les outils m\u00e9tier se multiplient et complexifient les syst\u00e8mes d\u2019information des entreprises quelle que soit leur taille. Les sources de donn\u00e9es sont de plus en plus nombreuses aussi bien en externe qu\u2019en interne : CRM, logiciel m\u00e9tier, applications diverses, r\u00e9seaux sociaux, sites web etc.<\/p>\n\n<p>L\u2019int\u00e9gration de donn\u00e9es est une r\u00e9ponse \u00e0 de nombreuses probl\u00e9matiques rencontr\u00e9es par les entreprises en mati\u00e8re de data management<\/p>\n\n<p>Trois grands avantages a int\u00e9grer vos donn\u00e9es d\u2019entreprises :<\/p>\n<ul>\n<li>Garder le contr\u00f4le sur ses donn\u00e9es<\/li>\n<li>Unifier son syst\u00e8me d\u2019information<\/li>\n<li>Exploiter ses donn\u00e9es plus efficacement<\/li>\n<\/ul>\t\t\t\t\t\t\t\t<\/div>\n\t\t\t\t<\/div>\n\t\t\t\t\t<\/div>\n\t\t<\/div>\n\t\t\t\t<div class=\"elementor-column elementor-col-33 elementor-top-column elementor-element elementor-element-7843363\" data-id=\"7843363\" data-element_type=\"column\">\n\t\t\t<div class=\"elementor-widget-wrap elementor-element-populated\">\n\t\t\t\t\t\t<div class=\"elementor-element elementor-element-dab8616 elementor-widget elementor-widget-html\" data-id=\"dab8616\" data-element_type=\"widget\" data-widget_type=\"html.default\">\n\t\t\t\t<div class=\"elementor-widget-container\">\n\t\t\t\t\t<div class=\"ta-j\">\n<img decoding=\"async\" src=\"https:\/\/iksd-consulting.com\/wp-content\/uploads\/2022\/03\/627px-Talend_logo.svg_.png\" alt=\"img\" \/>\n\n<p>Talend est un \u00e9diteur fran\u00e7ais de solutions open source d\u00e9di\u00e9es \u00e0 la gestion des donn\u00e9es d'entreprise. Il propose des solutions compl\u00e8tes pour l\u2019exploitation des donn\u00e9es depuis 2005.<\/p>\n\n<br\/>\n<img decoding=\"async\" src=\"https:\/\/iksd-consulting.com\/wp-content\/uploads\/2022\/04\/oracle-data-integrator.png\" alt=\"img\" \/>\n\n<p>ODI - Oracle Data Integrator - est un logiciel d\u00e9velopp\u00e9 en java pour r\u00e9aliser des t\u00e2ches de type ETL\/EAI. <\/p>\n\n<br\/>\n\n<\/div>\t\t\t\t<\/div>\n\t\t\t\t<\/div>\n\t\t\t\t\t<\/div>\n\t\t<\/div>\n\t\t\t\t\t<\/div>\n\t\t<\/section>\n\t\t\t\t<\/div>\n\t\t","protected":false},"excerpt":{"rendered":"<p>Les outils m\u00e9tier se multiplient et complexifient les syst\u00e8mes d\u2019information des entreprises<\/p>\n","protected":false},"author":13,"featured_media":0,"parent":526,"menu_order":0,"comment_status":"closed","ping_status":"closed","template":"","meta":{"footnotes":""},"class_list":["post-2301","page","type-page","status-publish","hentry"],"_links":{"self":[{"href":"https:\/\/iksd-consulting.com\/index.php\/wp-json\/wp\/v2\/pages\/2301","targetHints":{"allow":["GET"]}}],"collection":[{"href":"https:\/\/iksd-consulting.com\/index.php\/wp-json\/wp\/v2\/pages"}],"about":[{"href":"https:\/\/iksd-consulting.com\/index.php\/wp-json\/wp\/v2\/types\/page"}],"author":[{"embeddable":true,"href":"https:\/\/iksd-consulting.com\/index.php\/wp-json\/wp\/v2\/users\/13"}],"replies":[{"embeddable":true,"href":"https:\/\/iksd-consulting.com\/index.php\/wp-json\/wp\/v2\/comments?post=2301"}],"version-history":[{"count":0,"href":"https:\/\/iksd-consulting.com\/index.php\/wp-json\/wp\/v2\/pages\/2301\/revisions"}],"up":[{"embeddable":true,"href":"https:\/\/iksd-consulting.com\/index.php\/wp-json\/wp\/v2\/pages\/526"}],"wp:attachment":[{"href":"https:\/\/iksd-consulting.com\/index.php\/wp-json\/wp\/v2\/media?parent=2301"}],"curies":[{"name":"wp","href":"https:\/\/api.w.org\/{rel}","templated":true}]}}