{"id":2313,"date":"2022-04-01T19:46:42","date_gmt":"2022-04-01T17:46:42","guid":{"rendered":"https:\/\/iksd-consulting.com\/?page_id=2313"},"modified":"2024-10-22T01:14:51","modified_gmt":"2024-10-21T23:14:51","slug":"comment-securise-vos-donnees","status":"publish","type":"page","link":"https:\/\/iksd-consulting.com\/index.php\/consultez-nos-services\/infrastructure-definition\/comment-securise-vos-donnees\/","title":{"rendered":"S\u00e9curit\u00e9"},"content":{"rendered":"\t\t<div data-elementor-type=\"wp-page\" data-elementor-id=\"2313\" class=\"elementor elementor-2313\" data-elementor-post-type=\"page\">\n\t\t\t\t\t\t<section class=\"elementor-section elementor-top-section elementor-element elementor-element-05d6433 elementor-section-boxed elementor-section-height-default elementor-section-height-default\" data-id=\"05d6433\" data-element_type=\"section\">\n\t\t\t\t\t\t<div class=\"elementor-container elementor-column-gap-default\">\n\t\t\t\t\t<div class=\"elementor-column elementor-col-66 elementor-top-column elementor-element elementor-element-b4ca4e2\" data-id=\"b4ca4e2\" data-element_type=\"column\">\n\t\t\t<div class=\"elementor-widget-wrap elementor-element-populated\">\n\t\t\t\t\t\t<div class=\"elementor-element elementor-element-b280ee0 elementor-widget elementor-widget-html\" data-id=\"b280ee0\" data-element_type=\"widget\" data-widget_type=\"html.default\">\n\t\t\t\t<div class=\"elementor-widget-container\">\n\t\t\t\t\t<div class=\"left-ct\">\r\n    <div class=\"left-ct-title\">\r\n        <h3 style=\"text-align: left;\">\r\n            <span style=\"color: #03ab57;\">S\u00e9curit\u00e9<\/span>\r\n        <\/h3>\r\n    <\/div>\r\n    <div class=\"left-ct-content\">\r\n    <\/div>\r\n<\/div>\t\t\t\t<\/div>\n\t\t\t\t<\/div>\n\t\t\t\t\t<\/div>\n\t\t<\/div>\n\t\t\t\t<div class=\"elementor-column elementor-col-33 elementor-top-column elementor-element elementor-element-43b6ca8\" data-id=\"43b6ca8\" data-element_type=\"column\">\n\t\t\t<div class=\"elementor-widget-wrap elementor-element-populated\">\n\t\t\t\t\t\t<div class=\"elementor-element elementor-element-b75fd68 elementor-widget elementor-widget-html\" data-id=\"b75fd68\" data-element_type=\"widget\" data-widget_type=\"html.default\">\n\t\t\t\t<div class=\"elementor-widget-container\">\n\t\t\t\t\t<div class=\"ta-j right-ct\">\r\n    <div class=\"right-ct-item\">\r\n        <div class=\"right-ct-item-img\">\r\n            <img decoding=\"async\" src=\"https:\/\/iksd-consulting.com\/wp-content\/uploads\/2022\/04\/PfSense_logo.png\" alt=\"img\" \/>\r\n        <\/div>\r\n        <div class=\"right-ct-item-containt\">\r\n            <p>pfSense est un pare-feu et un routeur gratuit et open source qui propose \u00e9galement une gestion unifi\u00e9e des menaces, un \u00e9quilibrage de charge, plusieurs WAN, etc.<\/p>\r\n        <\/div>\r\n    <\/div>\r\n    <div class=\"right-ct-item\">\r\n        <div class=\"right-ct-item-img\">\r\n            <img decoding=\"async\" src=\"https:\/\/iksd-consulting.com\/wp-content\/uploads\/2022\/04\/Fortinet_Logo.gif\" alt=\"img\"\/>\r\n        <\/div>\r\n        <div class=\"right-ct-item-containt\">\r\n            <p>Les pare-feux FortiGate accompagnent la transformation digitale des entreprises, en prot\u00e9geant tous les r\u00e9seaux et les applications, en renfor\u00e7ant l\u2019efficacit\u00e9 op\u00e9rationnelle, en automatisant les workflows et en garantissant un haut niveau de s\u00e9curit\u00e9 et de protection contre les menaces.<\/p>\r\n        <\/div>\r\n    <\/div>\r\n    <div class=\"right-ct-item\">\r\n        <div class=\"right-ct-item-img\">\r\n            <img decoding=\"async\" src=\"https:\/\/iksd-consulting.com\/wp-content\/uploads\/2022\/04\/netfilter-logo3.png\" alt=\"img\"\/>\r\n        <\/div>\r\n        <div class=\"right-ct-item-containt\">\r\n            <p>\r\n                Le projet netfilter est un projet collaboratif pilot\u00e9 par la communaut\u00e9 qui fournit un logiciel qui permet le filtrage de paquets, la traduction d'adresse r\u00e9seau et port, l'enregistrement de paquets, la mise en file d'attente de paquets dans l'espace utilisateur et d'autres manipulations de paquets.\r\n            <\/p>\r\n        <\/div>\r\n    <\/div>\r\n    <div class=\"right-ct-item\">\r\n        <div class=\"right-ct-item-img\">\r\n            <img decoding=\"async\" src=\"https:\/\/iksd-consulting.com\/wp-content\/uploads\/2022\/04\/OpenSSL_logo.svg_.png\" alt=\"img\"\/>\r\n        <\/div>\r\n        <div class=\"right-ct-item-containt\">\r\n            <p>\r\n                OpenSSL est une bo\u00eete \u00e0 outils robuste, de qualit\u00e9 commerciale et compl\u00e8te pour la cryptographie \u00e0 usage g\u00e9n\u00e9ral et la communication s\u00e9curis\u00e9e\r\n            <\/p>\r\n        <\/div>\r\n    <\/div>\r\n<\/div>\t\t\t\t<\/div>\n\t\t\t\t<\/div>\n\t\t\t\t\t<\/div>\n\t\t<\/div>\n\t\t\t\t\t<\/div>\n\t\t<\/section>\n\t\t\t\t<\/div>\n\t\t","protected":false},"excerpt":{"rendered":"<p>La s\u00e9curit\u00e9<\/p>\n","protected":false},"author":13,"featured_media":0,"parent":524,"menu_order":0,"comment_status":"closed","ping_status":"closed","template":"","meta":{"footnotes":""},"class_list":["post-2313","page","type-page","status-publish","hentry"],"_links":{"self":[{"href":"https:\/\/iksd-consulting.com\/index.php\/wp-json\/wp\/v2\/pages\/2313","targetHints":{"allow":["GET"]}}],"collection":[{"href":"https:\/\/iksd-consulting.com\/index.php\/wp-json\/wp\/v2\/pages"}],"about":[{"href":"https:\/\/iksd-consulting.com\/index.php\/wp-json\/wp\/v2\/types\/page"}],"author":[{"embeddable":true,"href":"https:\/\/iksd-consulting.com\/index.php\/wp-json\/wp\/v2\/users\/13"}],"replies":[{"embeddable":true,"href":"https:\/\/iksd-consulting.com\/index.php\/wp-json\/wp\/v2\/comments?post=2313"}],"version-history":[{"count":1,"href":"https:\/\/iksd-consulting.com\/index.php\/wp-json\/wp\/v2\/pages\/2313\/revisions"}],"predecessor-version":[{"id":40588,"href":"https:\/\/iksd-consulting.com\/index.php\/wp-json\/wp\/v2\/pages\/2313\/revisions\/40588"}],"up":[{"embeddable":true,"href":"https:\/\/iksd-consulting.com\/index.php\/wp-json\/wp\/v2\/pages\/524"}],"wp:attachment":[{"href":"https:\/\/iksd-consulting.com\/index.php\/wp-json\/wp\/v2\/media?parent=2313"}],"curies":[{"name":"wp","href":"https:\/\/api.w.org\/{rel}","templated":true}]}}