{"id":424,"date":"2022-01-24T12:43:09","date_gmt":"2022-01-24T11:43:09","guid":{"rendered":"http:\/\/iksd-consulting.com\/?page_id=424"},"modified":"2024-10-22T01:15:34","modified_gmt":"2024-10-21T23:15:34","slug":"entreprise-de-service-du-numeriques","status":"publish","type":"page","link":"https:\/\/iksd-consulting.com\/index.php\/entreprise-de-service-du-numeriques\/","title":{"rendered":"Pr\u00e9sentation"},"content":{"rendered":"\t\t<div data-elementor-type=\"wp-page\" data-elementor-id=\"424\" class=\"elementor elementor-424\" data-elementor-post-type=\"page\">\n\t\t\t\t\t\t<section class=\"elementor-section elementor-top-section elementor-element elementor-element-61c8b17 elementor-section-boxed elementor-section-height-default elementor-section-height-default\" data-id=\"61c8b17\" data-element_type=\"section\">\n\t\t\t\t\t\t<div class=\"elementor-container elementor-column-gap-default\">\n\t\t\t\t\t<div class=\"elementor-column elementor-col-66 elementor-top-column elementor-element elementor-element-50767ba\" data-id=\"50767ba\" data-element_type=\"column\">\n\t\t\t<div class=\"elementor-widget-wrap elementor-element-populated\">\n\t\t\t\t\t\t<div class=\"elementor-element elementor-element-9e4a592 elementor-widget elementor-widget-html\" data-id=\"9e4a592\" data-element_type=\"widget\" data-widget_type=\"html.default\">\n\t\t\t\t<div class=\"elementor-widget-container\">\n\t\t\t\t\t<div class=\"text\">\r\n<p>Fond\u00e9e en 2014, IKSD Consulting est une entreprise de services du num\u00e9rique (ESN) de premier plan au Mali. Notre expertise se situe au c\u0153ur des solutions IT et des solutions Open Source, faisant de nous un acteur majeur dans le domaine de la Transformation Digitale. Forts de notre exp\u00e9rience et de notre passion pour l'innovation, nous offrons des services exceptionnels dans le but de r\u00e9pondre aux besoins de nos clients. Avec IKSD-Consulting, vous b\u00e9n\u00e9ficiez de l'expertise et de l'engagement n\u00e9cessaires pour relever les d\u00e9fis num\u00e9riques de votre entreprise. Nous  assurons des services suivants :<\/p> \r\n<\/div>\r\n<div class=\"timeline-container\">\r\n    <ul class=\"timeline\">\r\n        <li style=\"--accent-color:#41516C\">\r\n            <div class=\"date cs\">Conseils\/Expertise dans le cadre des projets informatiques<\/div>\r\n            <div class=\"descr cs\"><\/div>\r\n        <\/li>\r\n        <li style=\"--accent-color:#03a9f4\">\r\n            <div class=\"date cs\">D\u00e9veloppement & Int\u00e9gration de composants logiciels<\/div>\r\n            <div class=\"descr cs\"><\/div>\r\n        <\/li>\r\n        <li style=\"--accent-color:#49cc87\">\r\n            <div class=\"date cs\">Assistance et Support technique<\/div>\r\n            <div class=\"descr cs\"><\/div>\r\n        <\/li>\r\n        <li style=\"--accent-color:#E24A68\">\r\n            <div class=\"date cs\">Formation<\/div>\r\n            <div class=\"descr cs\"><\/div>\r\n        <\/li>\r\n    <\/ul>\r\n<\/div>\r\n<div class=\"text\">\r\n    <p>Nous intervenons au niveau des entreprises et organisations dans les domaines suivants :<\/p> \r\n<\/div>\r\n<div class=\"timeline-container\">\r\n    <ul class=\"timeline\">\r\n        <li style=\"--accent-color:#03a9f4\">\r\n            <div class=\"date cs\">Gestion d\u2019entreprise avec des solutions ERP\/Progiciels<\/div>\r\n            <div class=\"descr cs\"><\/div>\r\n        <\/li>\r\n        <li style=\"--accent-color:#49cc87\">\r\n            <div class=\"date cs\">Infrastructures avec des solutions d'ing\u00e9nierie syst\u00e8me & R\u00e9seau<\/div>\r\n            <div class=\"descr cs\"><\/div>\r\n        <\/li>\r\n        <li style=\"--accent-color:#E24A68\">\r\n            <div class=\"date cs\">Analytique avec la valorisation des donn\u00e9es de masse<\/div>\r\n            <div class=\"descr cs\"><\/div>\r\n        <\/li>\r\n    <\/ul>\r\n<\/div>\t\t\t\t<\/div>\n\t\t\t\t<\/div>\n\t\t\t\t\t<\/div>\n\t\t<\/div>\n\t\t\t\t<div class=\"elementor-column elementor-col-33 elementor-top-column elementor-element elementor-element-7277368\" data-id=\"7277368\" data-element_type=\"column\">\n\t\t\t<div class=\"elementor-widget-wrap elementor-element-populated\">\n\t\t\t\t\t\t<div class=\"elementor-element elementor-element-7c4fc5a elementor-widget elementor-widget-video\" data-id=\"7c4fc5a\" data-element_type=\"widget\" data-settings=\"{&quot;youtube_url&quot;:&quot;https:\\\/\\\/www.youtube.com\\\/watch?v=mU2yIuYHu-8&quot;,&quot;video_type&quot;:&quot;youtube&quot;,&quot;controls&quot;:&quot;yes&quot;}\" data-widget_type=\"video.default\">\n\t\t\t\t<div class=\"elementor-widget-container\">\n\t\t\t\t\t\t\t<div class=\"elementor-wrapper elementor-open-inline\">\n\t\t\t<div class=\"elementor-video\"><\/div>\t\t<\/div>\n\t\t\t\t\t\t<\/div>\n\t\t\t\t<\/div>\n\t\t\t\t\t<\/div>\n\t\t<\/div>\n\t\t\t\t\t<\/div>\n\t\t<\/section>\n\t\t\t\t<\/div>\n\t\t","protected":false},"excerpt":{"rendered":"<p>IKSD Consulting est une entreprise de service du num\u00e9rique&#8230;<\/p>\n","protected":false},"author":13,"featured_media":0,"parent":0,"menu_order":0,"comment_status":"closed","ping_status":"closed","template":"","meta":{"footnotes":""},"class_list":["post-424","page","type-page","status-publish","hentry"],"_links":{"self":[{"href":"https:\/\/iksd-consulting.com\/index.php\/wp-json\/wp\/v2\/pages\/424","targetHints":{"allow":["GET"]}}],"collection":[{"href":"https:\/\/iksd-consulting.com\/index.php\/wp-json\/wp\/v2\/pages"}],"about":[{"href":"https:\/\/iksd-consulting.com\/index.php\/wp-json\/wp\/v2\/types\/page"}],"author":[{"embeddable":true,"href":"https:\/\/iksd-consulting.com\/index.php\/wp-json\/wp\/v2\/users\/13"}],"replies":[{"embeddable":true,"href":"https:\/\/iksd-consulting.com\/index.php\/wp-json\/wp\/v2\/comments?post=424"}],"version-history":[{"count":0,"href":"https:\/\/iksd-consulting.com\/index.php\/wp-json\/wp\/v2\/pages\/424\/revisions"}],"wp:attachment":[{"href":"https:\/\/iksd-consulting.com\/index.php\/wp-json\/wp\/v2\/media?parent=424"}],"curies":[{"name":"wp","href":"https:\/\/api.w.org\/{rel}","templated":true}]}}