{"id":433,"date":"2022-01-24T13:02:59","date_gmt":"2022-01-24T12:02:59","guid":{"rendered":"http:\/\/iksd-consulting.com\/?page_id=433"},"modified":"2024-10-22T01:14:51","modified_gmt":"2024-10-21T23:14:51","slug":"quels-sont-les-differents-missions-de-la-societe","status":"publish","type":"page","link":"https:\/\/iksd-consulting.com\/index.php\/quels-sont-les-differents-missions-de-la-societe\/","title":{"rendered":"Organisation"},"content":{"rendered":"\t\t<div data-elementor-type=\"wp-page\" data-elementor-id=\"433\" class=\"elementor elementor-433\" data-elementor-post-type=\"page\">\n\t\t\t\t\t\t<section class=\"elementor-section elementor-top-section elementor-element elementor-element-020d689 elementor-section-boxed elementor-section-height-default elementor-section-height-default\" data-id=\"020d689\" data-element_type=\"section\">\n\t\t\t\t\t\t<div class=\"elementor-container elementor-column-gap-default\">\n\t\t\t\t\t<div class=\"elementor-column elementor-col-66 elementor-top-column elementor-element elementor-element-6886208\" data-id=\"6886208\" data-element_type=\"column\">\n\t\t\t<div class=\"elementor-widget-wrap elementor-element-populated\">\n\t\t\t\t\t\t<div class=\"elementor-element elementor-element-dfefb54 elementor-widget elementor-widget-text-editor\" data-id=\"dfefb54\" data-element_type=\"widget\" data-widget_type=\"text-editor.default\">\n\t\t\t\t<div class=\"elementor-widget-container\">\n\t\t\t\t\t\t\t\t\t<p><span class=\"text-justify\">\u00a0<\/span><\/p><p>Notre entreprise des services du num\u00e9rique, IKSD-Consulting, s&rsquo;appuie sur une \u00e9quipe de sp\u00e9cialistes r\u00e9partis dans divers p\u00f4les d&rsquo;expertise. Chaque jour, ces professionnels mettent en \u0153uvre les technologies et les outils recherch\u00e9s pour r\u00e9pondre \u00e0 vos besoins.<\/p><p>Nos consultants sont au c\u0153ur de notre force, et ils poss\u00e8dent un riche bagage professionnel dans divers secteurs d&rsquo;entreprise. Cette expertise diversifi\u00e9e nous permet de communiquer efficacement avec nos clients, de comprendre leurs exigences sp\u00e9cifiques, et d&rsquo;appr\u00e9hender les particularit\u00e9s de leur environnement. Nous avons une vision pr\u00e9cise des enjeux li\u00e9s \u00e0 l&rsquo;efficacit\u00e9, \u00e0 la rentabilit\u00e9 et \u00e0 la performance de leurs syst\u00e8mes, tout en restant \u00e0 l&rsquo;avant-garde des solutions num\u00e9riques. Chez IKSD-Consulting, nous sommes fiers de compter sur une \u00e9quipe de professionnels exp\u00e9riment\u00e9s pour vous offrir des r\u00e9ponses de qualit\u00e9 dans le domaine des services du num\u00e9rique.<\/p><p><span class=\"text-justify\">\u00a0<\/span><\/p>\t\t\t\t\t\t\t\t<\/div>\n\t\t\t\t<\/div>\n\t\t\t\t\t<\/div>\n\t\t<\/div>\n\t\t\t\t<div class=\"elementor-column elementor-col-33 elementor-top-column elementor-element elementor-element-803ad3d\" data-id=\"803ad3d\" data-element_type=\"column\">\n\t\t\t<div class=\"elementor-widget-wrap\">\n\t\t\t\t\t\t\t<\/div>\n\t\t<\/div>\n\t\t\t\t\t<\/div>\n\t\t<\/section>\n\t\t\t\t<section class=\"elementor-section elementor-top-section elementor-element elementor-element-bd2fbd3 elementor-section-boxed elementor-section-height-default elementor-section-height-default\" data-id=\"bd2fbd3\" data-element_type=\"section\">\n\t\t\t\t\t\t<div class=\"elementor-container elementor-column-gap-default\">\n\t\t\t\t\t<div class=\"elementor-column elementor-col-66 elementor-top-column elementor-element elementor-element-01fe82c\" data-id=\"01fe82c\" data-element_type=\"column\">\n\t\t\t<div class=\"elementor-widget-wrap elementor-element-populated\">\n\t\t\t\t\t\t<div class=\"elementor-element elementor-element-bb2ba87 elementor-widget elementor-widget-text-editor\" data-id=\"bb2ba87\" data-element_type=\"widget\" data-widget_type=\"text-editor.default\">\n\t\t\t\t<div class=\"elementor-widget-container\">\n\t\t\t\t\t\t\t\t\t<p><span style=\"font-style: normal; font-variant-ligatures: normal; font-variant-caps: normal; font-weight: 400;\">La soci\u00e9t\u00e9 est organis\u00e9e autour de trois p\u00f4les de comp\u00e9tences.<br \/>Les diff\u00e9rentes missions de la soci\u00e9t\u00e9 couvrent ces domaines de comp\u00e9tences :<\/span><\/p><p><img fetchpriority=\"high\" decoding=\"async\" class=\"wp-image-712 aligncenter\" src=\"https:\/\/iksd-consulting.com\/wp-content\/uploads\/2022\/03\/organigramme.png\" alt=\"\" width=\"487\" height=\"310\" \/><\/p><div id=\"magicdomid101\" class=\"ace-line\" spellcheck=\"true\" aria-live=\"assertive\"><span class=\"author-a-z86zmz73zz68zmz71zz68zz68zf3u754xz84z\">Les diff\u00e9rentes prestations de service de la soci\u00e9t\u00e9 s\u2019articulent autour de ces trois p\u00f4les de comp\u00e9tence comme indiqu\u00e9 dans le sch\u00e9ma suivant\u00a0<\/span><\/div><div id=\"magicdomid102\" class=\"ace-line\" spellcheck=\"true\" aria-live=\"assertive\">\u00a0<\/div>\t\t\t\t\t\t\t\t<\/div>\n\t\t\t\t<\/div>\n\t\t\t\t\t<\/div>\n\t\t<\/div>\n\t\t\t\t<div class=\"elementor-column elementor-col-33 elementor-top-column elementor-element elementor-element-0f577b6\" data-id=\"0f577b6\" data-element_type=\"column\">\n\t\t\t<div class=\"elementor-widget-wrap\">\n\t\t\t\t\t\t\t<\/div>\n\t\t<\/div>\n\t\t\t\t\t<\/div>\n\t\t<\/section>\n\t\t\t\t<section class=\"elementor-section elementor-top-section elementor-element elementor-element-ca062a8 elementor-section-boxed elementor-section-height-default elementor-section-height-default\" data-id=\"ca062a8\" data-element_type=\"section\">\n\t\t\t\t\t\t<div class=\"elementor-container elementor-column-gap-default\">\n\t\t\t\t\t<div class=\"elementor-column elementor-col-66 elementor-top-column elementor-element elementor-element-3744784\" data-id=\"3744784\" data-element_type=\"column\">\n\t\t\t<div class=\"elementor-widget-wrap elementor-element-populated\">\n\t\t\t\t\t\t<div class=\"elementor-element elementor-element-4bf059f elementor-widget elementor-widget-text-editor\" data-id=\"4bf059f\" data-element_type=\"widget\" data-widget_type=\"text-editor.default\">\n\t\t\t\t<div class=\"elementor-widget-container\">\n\t\t\t\t\t\t\t\t\t<div class=\"timeline-container\">\n<ul class=\"timeline\">\n \t<li style=\"--accent-color: #41516C;\">\n<div class=\"date\">P\u00f4le Syst\u00e8me d&rsquo;Information<\/div>\n<div class=\"descr\">Le p\u00f4le SI a pour mission de d\u00e9velopper et d\u2019int\u00e9grer des briques logicielles dans\nl&rsquo;optique d&rsquo;offrir des solutions compl\u00e8tes. Il participe \u00e9galement au d\u00e9veloppement\nde sites web dynamiques, principalement bas\u00e9 sur des solutions de type CMS.<\/div><\/li>\n \t<li style=\"--accent-color: #00adf3;\">\n<div class=\"date\">P\u00f4le Syst\u00e8me &amp; R\u00e9seau<\/div>\n<div class=\"descr\">Ce p\u00f4le a \u00e9galement comme mission l&rsquo;\u00e9tude, la conception et la r\u00e9alisation d&rsquo;infrastructure syst\u00e8me &amp; r\u00e9seau. Il s\u2019agit des projets de type c\u00e2blage, r\u00e9seau internet, installation et configuration de serveurs informatiques avec tous les services r\u00e9seaux de base.<\/div><\/li>\n \t<li style=\"--accent-color: #13bf7d;\">\n<div class=\"date\">P\u00f4le Communication &amp; Commerce<\/div>\n<div class=\"descr\">Ce p\u00f4le est responsable de la Communication, de la visibilit\u00e9 sur les offres de service.\nIl prend en charge aussi toutes les activit\u00e9s de ventes de mat\u00e9riels et de logiciels.<\/div><\/li>\n<\/ul>\n<\/div>\t\t\t\t\t\t\t\t<\/div>\n\t\t\t\t<\/div>\n\t\t\t\t\t<\/div>\n\t\t<\/div>\n\t\t\t\t<div class=\"elementor-column elementor-col-33 elementor-top-column elementor-element elementor-element-fede880\" data-id=\"fede880\" data-element_type=\"column\">\n\t\t\t<div class=\"elementor-widget-wrap\">\n\t\t\t\t\t\t\t<\/div>\n\t\t<\/div>\n\t\t\t\t\t<\/div>\n\t\t<\/section>\n\t\t\t\t<\/div>\n\t\t","protected":false},"excerpt":{"rendered":"<p>IKSD consulting s\u2019appuie sur l\u2019expertise et le professionnalisme de ses consultants.<\/p>\n","protected":false},"author":13,"featured_media":0,"parent":0,"menu_order":0,"comment_status":"closed","ping_status":"closed","template":"","meta":{"footnotes":""},"class_list":["post-433","page","type-page","status-publish","hentry"],"_links":{"self":[{"href":"https:\/\/iksd-consulting.com\/index.php\/wp-json\/wp\/v2\/pages\/433","targetHints":{"allow":["GET"]}}],"collection":[{"href":"https:\/\/iksd-consulting.com\/index.php\/wp-json\/wp\/v2\/pages"}],"about":[{"href":"https:\/\/iksd-consulting.com\/index.php\/wp-json\/wp\/v2\/types\/page"}],"author":[{"embeddable":true,"href":"https:\/\/iksd-consulting.com\/index.php\/wp-json\/wp\/v2\/users\/13"}],"replies":[{"embeddable":true,"href":"https:\/\/iksd-consulting.com\/index.php\/wp-json\/wp\/v2\/comments?post=433"}],"version-history":[{"count":1,"href":"https:\/\/iksd-consulting.com\/index.php\/wp-json\/wp\/v2\/pages\/433\/revisions"}],"predecessor-version":[{"id":40591,"href":"https:\/\/iksd-consulting.com\/index.php\/wp-json\/wp\/v2\/pages\/433\/revisions\/40591"}],"wp:attachment":[{"href":"https:\/\/iksd-consulting.com\/index.php\/wp-json\/wp\/v2\/media?parent=433"}],"curies":[{"name":"wp","href":"https:\/\/api.w.org\/{rel}","templated":true}]}}