{"id":521,"date":"2022-03-12T11:10:14","date_gmt":"2022-03-12T10:10:14","guid":{"rendered":"http:\/\/iksd-consulting.com\/?page_id=521"},"modified":"2024-10-22T01:14:51","modified_gmt":"2024-10-21T23:14:51","slug":"logiciel-de-gestion","status":"publish","type":"page","link":"https:\/\/iksd-consulting.com\/index.php\/consultez-nos-services\/logiciel-de-gestion\/","title":{"rendered":"Gestion d&rsquo;entreprise"},"content":{"rendered":"\t\t<div data-elementor-type=\"wp-page\" data-elementor-id=\"521\" class=\"elementor elementor-521\" data-elementor-post-type=\"page\">\n\t\t\t\t\t\t<section class=\"elementor-section elementor-top-section elementor-element elementor-element-752177d elementor-section-boxed elementor-section-height-default elementor-section-height-default\" data-id=\"752177d\" data-element_type=\"section\">\n\t\t\t\t\t\t<div class=\"elementor-container elementor-column-gap-default\">\n\t\t\t\t\t<div class=\"elementor-column elementor-col-50 elementor-top-column elementor-element elementor-element-b456471\" data-id=\"b456471\" data-element_type=\"column\">\n\t\t\t<div class=\"elementor-widget-wrap elementor-element-populated\">\n\t\t\t\t\t\t<div class=\"elementor-element elementor-element-9328a75 elementor-widget elementor-widget-text-editor\" data-id=\"9328a75\" data-element_type=\"widget\" data-widget_type=\"text-editor.default\">\n\t\t\t\t<div class=\"elementor-widget-container\">\n\t\t\t\t\t\t\t\t\t<h3 style=\"text-align: left;\"><span style=\"color: #03ab57; font-style: italic;\"> Nous intervenons aupr\u00e8s des entreprises sur des missions d&rsquo;audit, de conseil, d\u2019int\u00e9gration et d\u2019infog\u00e9rance d&rsquo;environnements opensources<br \/><\/span><\/h3>\t\t\t\t\t\t\t\t<\/div>\n\t\t\t\t<\/div>\n\t\t\t\t\t<\/div>\n\t\t<\/div>\n\t\t\t\t<div class=\"elementor-column elementor-col-50 elementor-top-column elementor-element elementor-element-73acd36\" data-id=\"73acd36\" data-element_type=\"column\">\n\t\t\t<div class=\"elementor-widget-wrap\">\n\t\t\t\t\t\t\t<\/div>\n\t\t<\/div>\n\t\t\t\t\t<\/div>\n\t\t<\/section>\n\t\t\t\t<section class=\"elementor-section elementor-top-section elementor-element elementor-element-e506379 elementor-section-boxed elementor-section-height-default elementor-section-height-default\" data-id=\"e506379\" data-element_type=\"section\">\n\t\t\t\t\t\t<div class=\"elementor-container elementor-column-gap-default\">\n\t\t\t\t\t<div class=\"elementor-column elementor-col-66 elementor-top-column elementor-element elementor-element-9941044\" data-id=\"9941044\" data-element_type=\"column\">\n\t\t\t<div class=\"elementor-widget-wrap elementor-element-populated\">\n\t\t\t\t\t\t<div class=\"elementor-element elementor-element-38ba11a elementor-widget elementor-widget-html\" data-id=\"38ba11a\" data-element_type=\"widget\" data-widget_type=\"html.default\">\n\t\t\t\t<div class=\"elementor-widget-container\">\n\t\t\t\t\t<div class=\"gestion-entreprise-container\">\n        <div class=\"gestion-entreprise gestion-entreprise1\">\n            <div class=\"ged-enter-header\">\n                <img decoding=\"async\" src=\"https:\/\/iksd-consulting.com\/wp-content\/uploads\/2022\/03\/cms.png\" alt=\"Developpement web\"  width=\"100%\" height=\"100%\">\n                <h3 class=\"ged-enter-title\">CMS<\/h3>\n            <\/div>\n            <div class=\"ged-enter-body\">\n                <p>\n                   Un syst\u00e8me de gestion de contenu est indispensable pour construire et enrichir un site internet...\n                <\/p>\n            <\/div>\n            <div class=\"ged-enter-footer\">\n                <a href=\"https:\/\/iksd-consulting.com\/?page_id=1709\" class=\"btn btn-show-more\">Voir plus<\/a>\n            <\/div>\n        <\/div>\n        <div class=\"gestion-entreprise gestion-entreprise2\">\n            <div class=\"ged-enter-header\">\n                <img decoding=\"async\" src=\"https:\/\/iksd-consulting.com\/wp-content\/uploads\/2022\/03\/9Z_2104.w013.n001.452B.p30.452-ai-1.webp\" alt=\"GED\">\n                <h3 class=\"ged-enter-title\"  width=\"100%\" height=\"100%\">GED<\/h3>\n            <\/div>\n            <div class=\"ged-enter-body\">\n                <p>La mise en place d'une solution de Gestion \u00c9lectronique des Documents permet une r\u00e9duction des co\u00fbts logistiques...\n                <\/p>\n            <\/div>\n            <div class=\"ged-enter-footer\">\n                <a href=\"https:\/\/iksd-consulting.com\/?page_id=1714\" class=\"btn btn-show-more\">Voir plus<\/a>\n            <\/div>\n        <\/div>\n        <\/div>\n        <div class=\"gestion-entreprise-container\">\n        <div class=\"gestion-entreprise gestion-entreprise3\">\n            <div class=\"ged-enter-header\">\n                <img decoding=\"async\" src=\"https:\/\/iksd-consulting.com\/wp-content\/uploads\/2022\/03\/nexusby190100038.jpg\" alt=\"ERP\">\n                <h3 class=\"ged-enter-title\"  width=\"100%\" height=\"100%\">ERP<\/h3>\n            <\/div>\n            <div class=\"ged-enter-body\">\n                <p>\n                   \u00c0 IKSD Consulting, nos solutions de gestion couvrent les principales fonctions\nessentielles au sein d\u2019une entreprise...\n                <\/p>\n            <\/div>\n            <div class=\"ged-enter-footer\">\n                <a href=\"https:\/\/iksd-consulting.com\/?page_id=1719\" class=\"btn btn-show-more\">Voir plus<\/a>\n            <\/div>\n        <\/div>\n          <div class=\"gestion-entreprise gestion-entreprise3\">\n           <div class=\"ged-enter-header\">\n                <img decoding=\"async\" src=\"https:\/\/iksd-consulting.com\/wp-content\/uploads\/2022\/04\/bpm-1-1.png\" alt=\"ERP\"  width=\"100%\" height=\"100%\">\n                <h3 class=\"ged-enter-title\">BPM<\/h3>\n            <\/div>\n            <div class=\"ged-enter-body\">\n                <p>La gestion des processus m\u00e9tiers, une nouvelle priorit\u00e9 strat\u00e9gique des directions op\u00e9rationnelles et de... \n                <\/p>\n            <\/div>\n            <div class=\"ged-enter-footer\">\n                <a href=\"https:\/\/iksd-consulting.com\/?page_id=1351\" class=\"btn btn-show-more\">Voir plus<\/a>\n            <\/div>\n        <\/div>\n    <\/div>\t\t\t\t<\/div>\n\t\t\t\t<\/div>\n\t\t\t\t\t<\/div>\n\t\t<\/div>\n\t\t\t\t<div class=\"elementor-column elementor-col-33 elementor-top-column elementor-element elementor-element-7c40a24\" data-id=\"7c40a24\" data-element_type=\"column\">\n\t\t\t<div class=\"elementor-widget-wrap elementor-element-populated\">\n\t\t\t\t\t\t<div class=\"elementor-element elementor-element-8ed029e elementor-widget elementor-widget-html\" data-id=\"8ed029e\" data-element_type=\"widget\" data-widget_type=\"html.default\">\n\t\t\t\t<div class=\"elementor-widget-container\">\n\t\t\t\t\t<div class=\"ta-j\">\n<p style=\"text-align:center;\"><img decoding=\"async\" src=\"https:\/\/iksd-consulting.com\/wp-content\/uploads\/2022\/04\/external-content.duckduckgo.com_.png\" alt=\"img\" style=\"height:150px;\" \/>\n\n<p>Odoo est le logiciel de gestion le plus install\u00e9 au monde. Il est utilis\u00e9 par 5.000.000 d'utilisateurs dans le monde; de toutes petites entreprises (1 utilisateur) aux grandes organisations (300,000+ utilisateurs).<\/p>\n\n<br\/>\n\n<p style=\"text-align:center;\"><img decoding=\"async\"  src=\"https:\/\/iksd-consulting.com\/wp-content\/uploads\/2022\/04\/prestashop.png\" alt=\"img\" style=\"height:150px;\"\/><\/p>\n\n<p>PrestaShop est une plateforme gratuite et open source sp\u00e9cialement con\u00e7ue pour cr\u00e9er et g\u00e9rer des sites Internet e-commerces.<\/p>\n\n\n<\/div>\t\t\t\t<\/div>\n\t\t\t\t<\/div>\n\t\t\t\t\t<\/div>\n\t\t<\/div>\n\t\t\t\t\t<\/div>\n\t\t<\/section>\n\t\t\t\t<\/div>\n\t\t","protected":false},"excerpt":{"rendered":"<p>La gestion des processus m\u00e9tiers, une nouvelle priorit\u00e9 strat\u00e9gique des directions op\u00e9rationnelles<\/p>\n","protected":false},"author":13,"featured_media":0,"parent":54,"menu_order":0,"comment_status":"closed","ping_status":"closed","template":"","meta":{"footnotes":""},"class_list":["post-521","page","type-page","status-publish","hentry"],"_links":{"self":[{"href":"https:\/\/iksd-consulting.com\/index.php\/wp-json\/wp\/v2\/pages\/521","targetHints":{"allow":["GET"]}}],"collection":[{"href":"https:\/\/iksd-consulting.com\/index.php\/wp-json\/wp\/v2\/pages"}],"about":[{"href":"https:\/\/iksd-consulting.com\/index.php\/wp-json\/wp\/v2\/types\/page"}],"author":[{"embeddable":true,"href":"https:\/\/iksd-consulting.com\/index.php\/wp-json\/wp\/v2\/users\/13"}],"replies":[{"embeddable":true,"href":"https:\/\/iksd-consulting.com\/index.php\/wp-json\/wp\/v2\/comments?post=521"}],"version-history":[{"count":1,"href":"https:\/\/iksd-consulting.com\/index.php\/wp-json\/wp\/v2\/pages\/521\/revisions"}],"predecessor-version":[{"id":40581,"href":"https:\/\/iksd-consulting.com\/index.php\/wp-json\/wp\/v2\/pages\/521\/revisions\/40581"}],"up":[{"embeddable":true,"href":"https:\/\/iksd-consulting.com\/index.php\/wp-json\/wp\/v2\/pages\/54"}],"wp:attachment":[{"href":"https:\/\/iksd-consulting.com\/index.php\/wp-json\/wp\/v2\/media?parent=521"}],"curies":[{"name":"wp","href":"https:\/\/api.w.org\/{rel}","templated":true}]}}