{"id":524,"date":"2022-03-12T11:10:41","date_gmt":"2022-03-12T10:10:41","guid":{"rendered":"http:\/\/iksd-consulting.com\/?page_id=524"},"modified":"2024-10-22T01:14:51","modified_gmt":"2024-10-21T23:14:51","slug":"infrastructure-definition","status":"publish","type":"page","link":"https:\/\/iksd-consulting.com\/index.php\/consultez-nos-services\/infrastructure-definition\/","title":{"rendered":"Infrastructures"},"content":{"rendered":"\t\t<div data-elementor-type=\"wp-page\" data-elementor-id=\"524\" class=\"elementor elementor-524\" data-elementor-post-type=\"page\">\n\t\t\t\t\t\t<section class=\"elementor-section elementor-top-section elementor-element elementor-element-2887994 elementor-section-boxed elementor-section-height-default elementor-section-height-default\" data-id=\"2887994\" data-element_type=\"section\">\n\t\t\t\t\t\t<div class=\"elementor-container elementor-column-gap-default\">\n\t\t\t\t\t<div class=\"elementor-column elementor-col-66 elementor-top-column elementor-element elementor-element-a2b6aec\" data-id=\"a2b6aec\" data-element_type=\"column\">\n\t\t\t<div class=\"elementor-widget-wrap elementor-element-populated\">\n\t\t\t\t\t\t<div class=\"elementor-element elementor-element-e7e2625 elementor-widget elementor-widget-html\" data-id=\"e7e2625\" data-element_type=\"widget\" data-widget_type=\"html.default\">\n\t\t\t\t<div class=\"elementor-widget-container\">\n\t\t\t\t\t<h3 style=\"text-align: left;\"><span style=\"color: #03ab57;\"> D\u00e9ploiement d'infrastructure r\u00e9seau\n<\/span><\/h3>\n<p class=\"lh-25\">Les Services de d\u00e9ploiement d\u2019infrastructures se concentrent sur l\u2019installation de r\u00e9seaux et le fonctionnement des applications.\nCela couvre l\u2019architecture, la conception, le d\u00e9veloppement et le test d\u2019applications, y compris la gestion des mises en production et la garantie qualit\u00e9. La maintenance des applications h\u00e9rit\u00e9es est \u00e9galement pr\u00e9vue.\nPlus pr\u00e9cis\u00e9ment les services de d\u00e9ploiement incluent :<\/p>\n\n<ul class=\"lh-25\">\n \t<li>Etude et Analyse fonctionnelle et d\u2019architecture<\/li>\n \t<li>R\u00e9daction du cahier des charges avec le client<\/li>\n \t<li>Planification des \u00e9tapes du d\u00e9ploiement<\/li>\n \t<li>D\u00e9ploiement<\/li>\n \t<li>Tests<\/li>\n \t<li>Formation \/ transfert de comp\u00e9tence<\/li>\n<\/ul>\n\n<div class=\"gestion-entreprise-container\">\n        <div class=\"gestion-entreprise gestion-entreprise1\">\n            <div class=\"ged-enter-header\">\n                <img decoding=\"async\" src=\"https:\/\/iksd-consulting.com\/wp-content\/uploads\/2022\/03\/files_php_1.jpg\" width=\"100%\" height=\"100%\" alt=\"Developpement web\">\n                <h3 class=\"ged-enter-title\">Cloud<\/h3>\n            <\/div>\n            <div class=\"ged-enter-body\">\n                <p>Les investissements informatiques constituent une immobilisation du capital (Capex), qu\u2019il faut r\u00e9ussir...\n                <\/p>\n            <\/div>\n            <div class=\"ged-enter-footer\">\n                <a href=\"https:\/\/iksd-consulting.com\/?page_id=1120\" class=\"btn btn-show-more\">Voir plus<\/a>\n            <\/div>\n        <\/div>\n        <div class=\"gestion-entreprise gestion-entreprise2\">\n            <div class=\"ged-enter-header\">\n                <img decoding=\"async\" src=\"https:\/\/iksd-consulting.com\/wp-content\/uploads\/2022\/03\/X9.png\" width=\"100%\" height=\"100%\" alt=\"GED\">\n                <h3 class=\"ged-enter-title\">Infog\u00e9rence<\/h3>\n            <\/div>\n            <div class=\"ged-enter-body\">\n                <p>Notre prestation d'infog\u00e9rance a pour objectif de r\u00e9duire au minimum les p\u00e9riodes d'indisponibilit\u00e9 de...<\/p>\n            <\/div>\n            <div class=\"ged-enter-footer\">\n                <a href=\"https:\/\/iksd-consulting.com\/?page_id=1127\" class=\"btn btn-show-more\">Voir plus<\/a>\n            <\/div>\n        <\/div>\n        <\/div>\n        <div class=\"gestion-entreprise-container\">\n        <div class=\"gestion-entreprise gestion-entreprise3\">\n            <div class=\"ged-enter-header\">\n                <img decoding=\"async\" src=\"https:\/\/iksd-consulting.com\/wp-content\/uploads\/2022\/04\/vmware-icon-vcloud-hybrid.png\" width=\"100%\" height=\"100%\">\n                <h3 class=\"ged-enter-title\">Virtualisation<\/h3>\n            <\/div>\n            <div class=\"ged-enter-body\">\n                <p>IKSD Consulting vous assiste dans la mise en place de vos infrastructures syst\u00e8mes & r\u00e9seau. De la...<\/p>\n            <\/div>\n            <div class=\"ged-enter-footer\">\n                <a href=\"https:\/\/iksd-consulting.com\/?page_id=1139\" class=\"btn btn-show-more\">Voir plus<\/a>\n            <\/div>\n        <\/div>\n        <div class=\"gestion-entreprise gestion-entreprise3\">\n            <div class=\"ged-enter-header\">\n                <img decoding=\"async\" src=\"https:\/\/iksd-consulting.com\/wp-content\/uploads\/2022\/04\/SETBHJK.png\" width=\"100%\" height=\"100%\" alt=\"ERP\">\n                <h3 class=\"ged-enter-title\">S\u00e9curit\u00e9<\/h3>\n            <\/div>\n            <div class=\"ged-enter-body\">\n                <p>IKSD Consulting vous assiste dans la mise en place de vos infrastructures syst\u00e8mes & r\u00e9seau. De la...<\/p>\n            <\/div>\n            <div class=\"ged-enter-footer\">\n                <a href=\"https:\/\/iksd-consulting.com\/?page_id=2313\" class=\"btn btn-show-more\">Voir plus<\/a>\n            <\/div>\n        <\/div>\n          \n    <\/div>\n\n\t\t\t\t<\/div>\n\t\t\t\t<\/div>\n\t\t\t\t\t<\/div>\n\t\t<\/div>\n\t\t\t\t<div class=\"elementor-column elementor-col-33 elementor-top-column elementor-element elementor-element-1d23e7b\" data-id=\"1d23e7b\" data-element_type=\"column\">\n\t\t\t<div class=\"elementor-widget-wrap elementor-element-populated\">\n\t\t\t\t\t\t<div class=\"elementor-element elementor-element-c081b00 elementor-widget elementor-widget-html\" data-id=\"c081b00\" data-element_type=\"widget\" data-widget_type=\"html.default\">\n\t\t\t\t<div class=\"elementor-widget-container\">\n\t\t\t\t\t<div class=\"ta-j\">\n<p style=\"text-align:center;\"><img decoding=\"async\" src=\"https:\/\/iksd-consulting.com\/wp-content\/uploads\/2022\/04\/58480e82cef1014c0b5e4927.png\" alt=\"img\" style=\"height:150px;\" \/>\n\n<p>Linux ou GNU\/Linux est une famille de syst\u00e8mes d'exploitation open source de type Unix fond\u00e9 sur le noyau Linux, cr\u00e9\u00e9 en 1991 par Linus Torvalds.<\/p>\n\n<br\/>\n\n<p style=\"text-align:center;\"><img decoding=\"async\"  src=\"https:\/\/iksd-consulting.com\/wp-content\/uploads\/2022\/04\/Apache_HTTP_Server-Logo-e1650118037641.png\" alt=\"img\" style=\"height:150px;\"\/><\/p>\n\n<p>Le logiciel libre Apache HTTP Server est un serveur HTTP cr\u00e9\u00e9 et maintenu au sein de la fondation Apache.<\/p>\n\n<br\/>\n\n<p style=\"text-align:center;\"><img decoding=\"async\"  src=\"https:\/\/iksd-consulting.com\/wp-content\/uploads\/2022\/04\/Zimbra-Logo.png\" alt=\"img\"\/><\/p>\n\n<p>Zimbra est une suite de logiciels collaboratifs disponible en ligne. Combinant un service de messagerie, de gestion documentaire<\/p>\n\n\n\n\n<\/div>\t\t\t\t<\/div>\n\t\t\t\t<\/div>\n\t\t\t\t\t<\/div>\n\t\t<\/div>\n\t\t\t\t\t<\/div>\n\t\t<\/section>\n\t\t\t\t<\/div>\n\t\t","protected":false},"excerpt":{"rendered":"<p>Les services de d\u00e9ploiement d\u2019infrastructures se concentrent sur l\u2019installation de r\u00e9seaux et le fonctionnement des applications<\/p>\n","protected":false},"author":13,"featured_media":0,"parent":54,"menu_order":0,"comment_status":"closed","ping_status":"closed","template":"","meta":{"footnotes":""},"class_list":["post-524","page","type-page","status-publish","hentry"],"_links":{"self":[{"href":"https:\/\/iksd-consulting.com\/index.php\/wp-json\/wp\/v2\/pages\/524","targetHints":{"allow":["GET"]}}],"collection":[{"href":"https:\/\/iksd-consulting.com\/index.php\/wp-json\/wp\/v2\/pages"}],"about":[{"href":"https:\/\/iksd-consulting.com\/index.php\/wp-json\/wp\/v2\/types\/page"}],"author":[{"embeddable":true,"href":"https:\/\/iksd-consulting.com\/index.php\/wp-json\/wp\/v2\/users\/13"}],"replies":[{"embeddable":true,"href":"https:\/\/iksd-consulting.com\/index.php\/wp-json\/wp\/v2\/comments?post=524"}],"version-history":[{"count":0,"href":"https:\/\/iksd-consulting.com\/index.php\/wp-json\/wp\/v2\/pages\/524\/revisions"}],"up":[{"embeddable":true,"href":"https:\/\/iksd-consulting.com\/index.php\/wp-json\/wp\/v2\/pages\/54"}],"wp:attachment":[{"href":"https:\/\/iksd-consulting.com\/index.php\/wp-json\/wp\/v2\/media?parent=524"}],"curies":[{"name":"wp","href":"https:\/\/api.w.org\/{rel}","templated":true}]}}