{"id":526,"date":"2022-03-12T11:11:21","date_gmt":"2022-03-12T10:11:21","guid":{"rendered":"http:\/\/iksd-consulting.com\/?page_id=526"},"modified":"2024-10-22T01:13:35","modified_gmt":"2024-10-21T23:13:35","slug":"data-et-analytics","status":"publish","type":"page","link":"https:\/\/iksd-consulting.com\/index.php\/consultez-nos-services\/data-et-analytics\/","title":{"rendered":"Analytiques"},"content":{"rendered":"\t\t<div data-elementor-type=\"wp-page\" data-elementor-id=\"526\" class=\"elementor elementor-526\" data-elementor-post-type=\"page\">\n\t\t\t\t\t\t<section class=\"elementor-section elementor-top-section elementor-element elementor-element-6457999 elementor-section-boxed elementor-section-height-default elementor-section-height-default\" data-id=\"6457999\" data-element_type=\"section\">\n\t\t\t\t\t\t<div class=\"elementor-container elementor-column-gap-default\">\n\t\t\t\t\t<div class=\"elementor-column elementor-col-66 elementor-top-column elementor-element elementor-element-a0f608b\" data-id=\"a0f608b\" data-element_type=\"column\">\n\t\t\t<div class=\"elementor-widget-wrap elementor-element-populated\">\n\t\t\t\t\t\t\t<\/div>\n\t\t<\/div>\n\t\t\t\t<div class=\"elementor-column elementor-col-33 elementor-top-column elementor-element elementor-element-42ef9d0\" data-id=\"42ef9d0\" data-element_type=\"column\">\n\t\t\t<div class=\"elementor-widget-wrap elementor-element-populated\">\n\t\t\t\t\t\t\t<\/div>\n\t\t<\/div>\n\t\t\t\t\t<\/div>\n\t\t<\/section>\n\t\t\t\t<section class=\"elementor-section elementor-top-section elementor-element elementor-element-bd0c42e elementor-section-boxed elementor-section-height-default elementor-section-height-default\" data-id=\"bd0c42e\" data-element_type=\"section\">\n\t\t\t\t\t\t<div class=\"elementor-container elementor-column-gap-default\">\n\t\t\t\t\t<div class=\"elementor-column elementor-col-66 elementor-top-column elementor-element elementor-element-5e3f19b\" data-id=\"5e3f19b\" data-element_type=\"column\">\n\t\t\t<div class=\"elementor-widget-wrap elementor-element-populated\">\n\t\t\t\t\t\t<div class=\"elementor-element elementor-element-cf2cc7e elementor-widget elementor-widget-shortcode\" data-id=\"cf2cc7e\" data-element_type=\"widget\" data-widget_type=\"shortcode.default\">\n\t\t\t\t<div class=\"elementor-widget-container\">\n\t\t\t\t\t\t\t<div class=\"elementor-shortcode\"><div class=\"ta-j\">\n<h3 class=\"green_sub\">La transformation des entreprises autour de la donn\u00e9e, c'est maintenant !<\/h3>\n<p>Avec le e-commerce, les comportements d\u2019achat ont \u00e9volu\u00e9. Aujourd\u2019hui le consommateur veut tout savoir d\u2019un produit et\/ou un service avant de l\u2019acheter. Dans ce contexte, les marques doivent produire une information exhaustive et de qualit\u00e9 sur leurs offres. Une exigence qui les oblige \u00e0 collecter et \u00e0 organiser les donn\u00e9es produits et\/ou services bien en amont.<\/p>\n<h3 class=\"green_sub pt-1\">Collectez, fiabilisez et exploitez vos donn\u00e9es en toute s\u00e9curit\u00e9 !<\/h3>\nAvec l\u2019aide de nos experts :\n<ul class=\"mb-0\" style=\"line-height: 26px;\">\n \t<li>Centralisez et fiabilisez vos donn\u00e9es gr\u00e2ce \u00e0 la mise en place d\u2019un r\u00e9f\u00e9rentiel structur\u00e9<\/li>\n \t<li>Analysez et exploitez les donn\u00e9es \u00e0 travers le d\u00e9veloppement d\u2019un outil de Business Intelligence<\/li>\n \t<li>Accompagnez le m\u00e9tier en mettant en place une gouvernance claire et partag\u00e9e dans l\u2019organisation<\/li>\n \t<li>Enrichissez les donn\u00e9e et flexibilisez votre capacit\u00e9 de stockage en migrant dans le cloud<\/li>\n \t<li>Exploitez la puissance de vos donn\u00e9es gr\u00e2ce au Machine Learning<\/li>\n<\/ul>\n\n<h3 class=\"green_sub pt-1\">Comment choisir la strat\u00e9gie d'int\u00e9gration des donn\u00e9es la plus adapt\u00e9e \u00e0 votre entreprise<\/h3>\n<p>La strat\u00e9gie d\u2019int\u00e9gration des donn\u00e9es de votre entreprise est essentielle pour que vous puissiez devenir une organisation pilot\u00e9e par les donn\u00e9es, ce qui, \u00e0 terme, vous permettra de prendre des d\u00e9cisions sur la base d\u2019informations ax\u00e9es sur des donn\u00e9es avant vos concurrents. Les besoins de votre entreprise \u00e9voluent au m\u00eame rythme que vos besoins en donn\u00e9es.<\/p>\n<\/div>\n\n<div class=\"solution-container\">\n        <div class=\"solution solution1\">\n            <div class=\"slt-header\">\n                <img decoding=\"async\" src=\"https:\/\/iksd-consulting.com\/wp-content\/uploads\/2022\/03\/productivite-icone-logiciel-entreprise_116137-327.webp\" alt=\"Developpement web\">\n                <h3 class=\"slt-title\"> Int\u00e9gration de donn\u00e9es <\/h3>\n            <\/div>\n            <div class=\"slt-body\">\n                <p>\n                    De la phase de conception jusqu\u2019\u00e0 la phase de r\u00e9alisation technique, nous serons l\u00e0 pour...\n                <\/p>\n            <\/div>\n            <div class=\"slt-footer\">\n                <a href=\"https:\/\/iksd-consulting.com\/?page_id=2301\" class=\"btn btn-show-more\">Voir plus<\/a>\n            <\/div>\n        <\/div>\n        <div class=\"solution solution2\">\n            <div class=\"slt-header\">\n                <img decoding=\"async\" src=\"https:\/\/iksd-consulting.com\/wp-content\/uploads\/2022\/03\/2443234-icone-des-technologies-de-reseau-informatique-et-de-cybersecurite-vectoriel.jpg\" alt=\"Infrastructure\">\n                <h3 class=\"slt-title\">Gouvernance des donn\u00e9es<\/h3>\n            <\/div>\n            <div class=\"slt-body\">\n                <p>\n                    De la phase de conception jusqu\u2019\u00e0 la phase de r\u00e9alisation technique, nous serons l\u00e0 pour...\n                <\/p>\n            <\/div>\n            <div class=\"slt-footer\">\n                <a href=\"https:\/\/iksd-consulting.com\/?page_id=1913\" class=\"btn btn-show-more\">Voir plus<\/a>\n            <\/div>\n        <\/div>\n    <\/div>\n    <div class=\"solution-container\">\n        <div class=\"solution solution1\">\n            <div class=\"slt-header\">\n                <img decoding=\"async\" src=\"https:\/\/iksd-consulting.com\/wp-content\/uploads\/2022\/03\/productivite-icone-logiciel-entreprise_116137-327.webp\" alt=\"Developpement web\">\n                <h3 class=\"slt-title\">Business intelligence<\/h3>\n            <\/div>\n            <div class=\"slt-body\">\n                <p>\n                    Lorem ipsum dolor sit amet, consectetur adipisicing elit. Neque minus eos iusto dolorum vitae ex ...\n                <\/p>\n            <\/div>\n            <div class=\"slt-footer\">\n                <a href=\"https:\/\/iksd-consulting.com\/?page_id=2292\" class=\"btn btn-show-more\">Voir plus<\/a>\n            <\/div>\n        <\/div>\n        <div class=\"solution solution2\">\n            <div class=\"slt-header\">\n                <img decoding=\"async\" src=\"https:\/\/iksd-consulting.com\/wp-content\/uploads\/2022\/03\/2443234-icone-des-technologies-de-reseau-informatique-et-de-cybersecurite-vectoriel.jpg\" alt=\"Infrastructure\">\n                <h3 class=\"slt-title\">Collecte de donn\u00e9es<\/h3>\n            <\/div>\n            <div class=\"slt-body\">\n                <p>Sans information exhaustive d\u2019un produit, le consommateur rechigne \u00e0 concr\u00e9tiser son achat ...\n                <\/p>\n            <\/div>\n            <div class=\"slt-footer\">\n                <a href=\"https:\/\/iksd-consulting.com\/?page_id=1924\" class=\"btn btn-show-more\">Voir plus<\/a>\n            <\/div>\n        <\/div>\n    <\/div><\/div>\n\t\t\t\t\t\t<\/div>\n\t\t\t\t<\/div>\n\t\t\t\t\t<\/div>\n\t\t<\/div>\n\t\t\t\t<div class=\"elementor-column elementor-col-33 elementor-top-column elementor-element elementor-element-1df409f\" data-id=\"1df409f\" data-element_type=\"column\">\n\t\t\t<div class=\"elementor-widget-wrap elementor-element-populated\">\n\t\t\t\t\t\t<div class=\"elementor-element elementor-element-bc35a68 elementor-widget elementor-widget-html\" data-id=\"bc35a68\" data-element_type=\"widget\" data-widget_type=\"html.default\">\n\t\t\t\t<div class=\"elementor-widget-container\">\n\t\t\t\t\t<div class=\"ta-j\">\n<img decoding=\"async\" src=\"https:\/\/iksd-consulting.com\/wp-content\/uploads\/2022\/03\/627px-Talend_logo.svg_.png\" alt=\"img\" \/>\n\n<p>Talend est un \u00e9diteur fran\u00e7ais de solutions open source d\u00e9di\u00e9es \u00e0 la gestion des donn\u00e9es d'entreprise. Il propose des solutions compl\u00e8tes pour l\u2019exploitation des donn\u00e9es depuis 2005.<\/p>\n\n<br\/>\n<br\/>\n\n<img decoding=\"async\" class=\"pb-1\" src=\"https:\/\/iksd-consulting.com\/wp-content\/uploads\/2022\/04\/pentaho-logo.png\" alt=\"img\"  width=\"100%\" height=\"100%\" \/>\n\n<p>Pentaho est une solution d\u2019informatique d\u00e9cisionnelle open source enti\u00e8rement d\u00e9velopp\u00e9e en Java. Elle porte sur toute la cha\u00eene d\u00e9cisionnelle et utilise diff\u00e9rents outils et composants.<\/p>\n\n<br\/>\n\n<img decoding=\"async\" class=\"pb-1\" src=\"https:\/\/iksd-consulting.com\/wp-content\/uploads\/2022\/05\/Hadoop-Le-Logo.jpg\" alt=\"img\"  width=\"100%\" height=\"100%\" \/>\n\n<p>Hadoop est un framework libre et open source \u00e9crit en Java destin\u00e9 \u00e0 faciliter la cr\u00e9ation d'applications distribu\u00e9es et \u00e9chelonnables permettant aux applications de travailler avec des milliers de n\u0153uds et des p\u00e9taoctets de donn\u00e9es<\/p>\n\n\n<\/div>\t\t\t\t<\/div>\n\t\t\t\t<\/div>\n\t\t\t\t\t<\/div>\n\t\t<\/div>\n\t\t\t\t\t<\/div>\n\t\t<\/section>\n\t\t\t\t<\/div>\n\t\t","protected":false},"excerpt":{"rendered":"<p>Nos comp\u00e9tences techniques et m\u00e9tiers nous permettent de couvrir vos projets de Data Management, du cadrage \u00e0 l\u2019accompagnement m\u00e9tier<\/p>\n","protected":false},"author":13,"featured_media":0,"parent":54,"menu_order":0,"comment_status":"closed","ping_status":"closed","template":"","meta":{"footnotes":""},"class_list":["post-526","page","type-page","status-publish","hentry"],"_links":{"self":[{"href":"https:\/\/iksd-consulting.com\/index.php\/wp-json\/wp\/v2\/pages\/526","targetHints":{"allow":["GET"]}}],"collection":[{"href":"https:\/\/iksd-consulting.com\/index.php\/wp-json\/wp\/v2\/pages"}],"about":[{"href":"https:\/\/iksd-consulting.com\/index.php\/wp-json\/wp\/v2\/types\/page"}],"author":[{"embeddable":true,"href":"https:\/\/iksd-consulting.com\/index.php\/wp-json\/wp\/v2\/users\/13"}],"replies":[{"embeddable":true,"href":"https:\/\/iksd-consulting.com\/index.php\/wp-json\/wp\/v2\/comments?post=526"}],"version-history":[{"count":1,"href":"https:\/\/iksd-consulting.com\/index.php\/wp-json\/wp\/v2\/pages\/526\/revisions"}],"predecessor-version":[{"id":40557,"href":"https:\/\/iksd-consulting.com\/index.php\/wp-json\/wp\/v2\/pages\/526\/revisions\/40557"}],"up":[{"embeddable":true,"href":"https:\/\/iksd-consulting.com\/index.php\/wp-json\/wp\/v2\/pages\/54"}],"wp:attachment":[{"href":"https:\/\/iksd-consulting.com\/index.php\/wp-json\/wp\/v2\/media?parent=526"}],"curies":[{"name":"wp","href":"https:\/\/api.w.org\/{rel}","templated":true}]}}