{"id":645,"date":"2022-03-12T12:51:52","date_gmt":"2022-03-12T11:51:52","guid":{"rendered":"http:\/\/iksd-consulting.com\/?page_id=645"},"modified":"2024-10-22T01:13:36","modified_gmt":"2024-10-21T23:13:36","slug":"developpement-integration","status":"publish","type":"page","link":"https:\/\/iksd-consulting.com\/index.php\/consultez-nos-services\/developpement-integration\/","title":{"rendered":"D\u00e9v\u00e9loppement &#038; Int\u00e9gration"},"content":{"rendered":"\t\t<div data-elementor-type=\"wp-page\" data-elementor-id=\"645\" class=\"elementor elementor-645\" data-elementor-post-type=\"page\">\n\t\t\t\t\t\t<section class=\"elementor-section elementor-top-section elementor-element elementor-element-81b6245 elementor-section-boxed elementor-section-height-default elementor-section-height-default\" data-id=\"81b6245\" data-element_type=\"section\">\n\t\t\t\t\t\t<div class=\"elementor-container elementor-column-gap-default\">\n\t\t\t\t\t<div class=\"elementor-column elementor-col-66 elementor-top-column elementor-element elementor-element-cac8d78\" data-id=\"cac8d78\" data-element_type=\"column\">\n\t\t\t<div class=\"elementor-widget-wrap elementor-element-populated\">\n\t\t\t\t\t\t<div class=\"elementor-element elementor-element-a6adab4 elementor-widget elementor-widget-html\" data-id=\"a6adab4\" data-element_type=\"widget\" data-widget_type=\"html.default\">\n\t\t\t\t<div class=\"elementor-widget-container\">\n\t\t\t\t\t<h3 style=\"text-align: left;\"><span style=\"color: #03ab57; font-style: italic;\"> Les projets de nos clients sont men\u00e9s en mode agile.\n<\/span><\/h3>\n<p class=\"has-text-align-left\" style=\"font-family: Orkney; font-variant-ligatures: normal; font-variant-caps: normal; font-style: normal; font-weight: 400; text-align: justify;\">Le d\u00e9veloppement et l\u2019int\u00e9gration est un type de service qu\u2019on retrouve tr\u00e8s souvent au p\u00f4le Syst\u00e8me d\u2019Information. Il s\u2019agit de d\u00e9velopper des applications informatiques, de cr\u00e9er des sites web dynamiques ou d\u2019int\u00e9grer des applications informatiques.\nDe la d\u00e9finition du cahier des charges au d\u00e9veloppement et jusqu'\u00e0 l\u2019int\u00e9gration dans votre syst\u00e8me d\u2019information, nous vous accompagnons tout au long de votre projet. Pour ce faire IKSD Consulting fait appel aux m\u00e9thodes de gestion de projet de type agile.\nNos projets de D\u00e9veloppement et d\u2019int\u00e9gration dans le domaine des Syst\u00e8mes d\u2019Information passent en revue toutes les \u00e9tapes \u00e0 savoir :<\/p>\n\n<div class=\"timeline-container\">\n<ul class=\"timeline\">\n \t<li style=\"--accent-color: #03a9f4;\">\n<div class=\"date cs\">L\u2019Etude<\/div>\n<div class=\"descr cs\"><\/div><\/li>\n \t<li style=\"--accent-color: #49cc87;\">\n<div class=\"date cs\">La Conception<\/div>\n<div class=\"descr cs\"><\/div><\/li>\n \t<li style=\"--accent-color: #E24A68;\">\n<div class=\"date cs\">Et la R\u00e9alisation de projets informatique<\/div>\n<div class=\"descr cs\"><\/div><\/li>\n<\/ul>\n<\/div>\n\n<h5><strong>Notre d\u00e9marche dans le cadre des projets informatique<\/strong><\/h5>\n<p style=\"text-align: left;\">Nous sommes convaincus du bien fonde des m\u00e9thodologies que <span style=\"font-family: Lato, sans-serif;\">nous mettons en \u0153uvre pour les projets de nos clients.<\/span><\/p>\n<p style=\"text-align: left;\">Grace a nos outils de d\u00e9veloppement nous vous proposons une m\u00e9thodologie <span style=\"font-family: Lato, sans-serif;\">adapter et vous accompagnons dans la mise en \u0153uvre a l'aide d'expert. <\/span><\/p>\n\n<h5><strong>DevOps et Industrialisation\n<\/strong><\/h5>\t\t\t\t<\/div>\n\t\t\t\t<\/div>\n\t\t\t\t\t<\/div>\n\t\t<\/div>\n\t\t\t\t<div class=\"elementor-column elementor-col-33 elementor-top-column elementor-element elementor-element-f26ffd7\" data-id=\"f26ffd7\" data-element_type=\"column\">\n\t\t\t<div class=\"elementor-widget-wrap elementor-element-populated\">\n\t\t\t\t\t\t<div class=\"elementor-element elementor-element-1985e8c elementor-widget elementor-widget-html\" data-id=\"1985e8c\" data-element_type=\"widget\" data-widget_type=\"html.default\">\n\t\t\t\t<div class=\"elementor-widget-container\">\n\t\t\t\t\t<div class=\"ta-j\">\n<p style=\"text-align: center;\"><img decoding=\"async\" src=\"https:\/\/iksd-consulting.com\/wp-content\/uploads\/2022\/04\/1200px-Jenkins_logo.svg_.png\" alt=\"img\" style=\"height: 200px;\" \/><\/p>\n\n<p>Jenkins est un outil open source de serveur d'automatisation. Il aide \u00e0 automatiser les parties du d\u00e9veloppement logiciel li\u00e9es au build, aux tests et au d\u00e9ploiement, et facilite l'int\u00e9gration continue et la livraison continue.<\/p> <\/br>\n<p style=\"text-align: center;\"><img decoding=\"async\" src=\"https:\/\/iksd-consulting.com\/wp-content\/uploads\/2022\/04\/GitLab_Logo.png\" alt=\"img\" style=\"height: 200px;\" \/><\/p>\n\n<p>GitLab est un outil qui peut \u00eatre utilis\u00e9 par une seule personne comme par une \u00e9quipe, voire une organisation ou une grande entreprise\n.<\/p>\n<p style=\"text-align: center;\"><img decoding=\"async\" src=\"https:\/\/iksd-consulting.com\/wp-content\/uploads\/2022\/04\/GitHub-Mark.png\" alt=\"img\" style=\"height: 200px;\" \/><\/p>\n\n<p>GitHub est un service d'h\u00e9bergement Open-Source, permettant aux programmeurs et aux d\u00e9veloppeurs de partager le code informatique de leurs projets.<\/p>\n<p style=\"text-align: center;\"><img decoding=\"async\" src=\"https:\/\/iksd-consulting.com\/wp-content\/uploads\/2022\/04\/heroku-logo-trans.png\" alt=\"img\"  \/><\/p>\n\n<p>Heroku permet de cr\u00e9er des applications personnalis\u00e9es en utilisant les toutes derni\u00e8res technologies open source.<\/p>\n\n<\/div>\t\t\t\t<\/div>\n\t\t\t\t<\/div>\n\t\t\t\t\t<\/div>\n\t\t<\/div>\n\t\t\t\t\t<\/div>\n\t\t<\/section>\n\t\t\t\t<\/div>\n\t\t","protected":false},"excerpt":{"rendered":"<p>Nous sommes convaincus du bien fond\u00e9 des m\u00e9thodologies que nous mettons en \u0153uvre pour les projets de nos clients<\/p>\n","protected":false},"author":13,"featured_media":0,"parent":54,"menu_order":0,"comment_status":"closed","ping_status":"closed","template":"","meta":{"footnotes":""},"class_list":["post-645","page","type-page","status-publish","hentry"],"_links":{"self":[{"href":"https:\/\/iksd-consulting.com\/index.php\/wp-json\/wp\/v2\/pages\/645","targetHints":{"allow":["GET"]}}],"collection":[{"href":"https:\/\/iksd-consulting.com\/index.php\/wp-json\/wp\/v2\/pages"}],"about":[{"href":"https:\/\/iksd-consulting.com\/index.php\/wp-json\/wp\/v2\/types\/page"}],"author":[{"embeddable":true,"href":"https:\/\/iksd-consulting.com\/index.php\/wp-json\/wp\/v2\/users\/13"}],"replies":[{"embeddable":true,"href":"https:\/\/iksd-consulting.com\/index.php\/wp-json\/wp\/v2\/comments?post=645"}],"version-history":[{"count":0,"href":"https:\/\/iksd-consulting.com\/index.php\/wp-json\/wp\/v2\/pages\/645\/revisions"}],"up":[{"embeddable":true,"href":"https:\/\/iksd-consulting.com\/index.php\/wp-json\/wp\/v2\/pages\/54"}],"wp:attachment":[{"href":"https:\/\/iksd-consulting.com\/index.php\/wp-json\/wp\/v2\/media?parent=645"}],"curies":[{"name":"wp","href":"https:\/\/api.w.org\/{rel}","templated":true}]}}