{"id":650,"date":"2022-03-12T12:52:33","date_gmt":"2022-03-12T11:52:33","guid":{"rendered":"http:\/\/iksd-consulting.com\/?page_id=650"},"modified":"2024-10-22T01:13:35","modified_gmt":"2024-10-21T23:13:35","slug":"assistance-support","status":"publish","type":"page","link":"https:\/\/iksd-consulting.com\/index.php\/consultez-nos-services\/assistance-support\/","title":{"rendered":"Assistance et Support"},"content":{"rendered":"\t\t<div data-elementor-type=\"wp-page\" data-elementor-id=\"650\" class=\"elementor elementor-650\" data-elementor-post-type=\"page\">\n\t\t\t\t\t\t<section class=\"elementor-section elementor-top-section elementor-element elementor-element-f13c649 elementor-section-boxed elementor-section-height-default elementor-section-height-default\" data-id=\"f13c649\" data-element_type=\"section\">\n\t\t\t\t\t\t<div class=\"elementor-container elementor-column-gap-default\">\n\t\t\t\t\t<div class=\"elementor-column elementor-col-66 elementor-top-column elementor-element elementor-element-fb98ebe\" data-id=\"fb98ebe\" data-element_type=\"column\">\n\t\t\t<div class=\"elementor-widget-wrap elementor-element-populated\">\n\t\t\t\t\t\t<div class=\"elementor-element elementor-element-18c6391 elementor-widget elementor-widget-text-editor\" data-id=\"18c6391\" data-element_type=\"widget\" data-widget_type=\"text-editor.default\">\n\t\t\t\t<div class=\"elementor-widget-container\">\n\t\t\t\t\t\t\t\t\t<p style=\"text-align: justify;\">Nous proposons notre service de support et de maintenance sur des logiciels et des\u00a0architectures d\u00e9velopp\u00e9s ou install\u00e9s et configur\u00e9s par nos soins. Nous pouvons \u00e9galement \u00eatre \u00e0 m\u00eame de fournir ce service sur des logiciels ou\u00a0des architectures que nous avons pas install\u00e9s et configur\u00e9s apr\u00e8s avoir r\u00e9alis\u00e9 un\u00a0audit. Un service de support informatique assur\u00e9 par une\u00a0\u00e9quipe d\u2019experts disponible et r\u00e9active.<\/p>\n<p><!-- \/wp:paragraph --><!-- wp:paragraph --><\/p>\n<p><!-- wp:paragraph --><\/p>\n<p style=\"text-align: justify;\">De plus, les \u00e9diteurs ne proposent pas toujours de\u00a0support et d\u2019accompagnement ou celle-ci reste limit\u00e9e.\u00a0Les clients ont besoin d\u2019avoir une assurance professionnelle adapt\u00e9e \u00e0 leurs contraintes.<\/p>\t\t\t\t\t\t\t\t<\/div>\n\t\t\t\t<\/div>\n\t\t\t\t\t<\/div>\n\t\t<\/div>\n\t\t\t\t<div class=\"elementor-column elementor-col-33 elementor-top-column elementor-element elementor-element-0619181\" data-id=\"0619181\" data-element_type=\"column\">\n\t\t\t<div class=\"elementor-widget-wrap elementor-element-populated\">\n\t\t\t\t\t\t<div class=\"elementor-element elementor-element-6bb8390 elementor-widget elementor-widget-html\" data-id=\"6bb8390\" data-element_type=\"widget\" data-widget_type=\"html.default\">\n\t\t\t\t<div class=\"elementor-widget-container\">\n\t\t\t\t\t<div class=\"ta-j\">\n<p style=\"text-align:center;\"><img decoding=\"async\" src=\"https:\/\/iksd-consulting.com\/wp-content\/uploads\/2022\/04\/3679813-service-client-concept-femme-avec-casque-et-microphone-avec-ordinateur-portable-support-assistance-call-center-vector-illustration-flat-style-vectoriel.jpg\" alt=\"img\"  width=\"100%\" height=\"100%\"\/>\n<\/div>\n\n\t\t\t\t<\/div>\n\t\t\t\t<\/div>\n\t\t\t\t\t<\/div>\n\t\t<\/div>\n\t\t\t\t\t<\/div>\n\t\t<\/section>\n\t\t\t\t<\/div>\n\t\t","protected":false},"excerpt":{"rendered":"<p>Un service de support informatique assur\u00e9 par une \u00e9quipe d\u2019experts disponible et r\u00e9active.<\/p>\n","protected":false},"author":13,"featured_media":0,"parent":54,"menu_order":0,"comment_status":"closed","ping_status":"closed","template":"","meta":{"footnotes":""},"class_list":["post-650","page","type-page","status-publish","hentry"],"_links":{"self":[{"href":"https:\/\/iksd-consulting.com\/index.php\/wp-json\/wp\/v2\/pages\/650","targetHints":{"allow":["GET"]}}],"collection":[{"href":"https:\/\/iksd-consulting.com\/index.php\/wp-json\/wp\/v2\/pages"}],"about":[{"href":"https:\/\/iksd-consulting.com\/index.php\/wp-json\/wp\/v2\/types\/page"}],"author":[{"embeddable":true,"href":"https:\/\/iksd-consulting.com\/index.php\/wp-json\/wp\/v2\/users\/13"}],"replies":[{"embeddable":true,"href":"https:\/\/iksd-consulting.com\/index.php\/wp-json\/wp\/v2\/comments?post=650"}],"version-history":[{"count":0,"href":"https:\/\/iksd-consulting.com\/index.php\/wp-json\/wp\/v2\/pages\/650\/revisions"}],"up":[{"embeddable":true,"href":"https:\/\/iksd-consulting.com\/index.php\/wp-json\/wp\/v2\/pages\/54"}],"wp:attachment":[{"href":"https:\/\/iksd-consulting.com\/index.php\/wp-json\/wp\/v2\/media?parent=650"}],"curies":[{"name":"wp","href":"https:\/\/api.w.org\/{rel}","templated":true}]}}