{"id":654,"date":"2022-03-12T12:53:49","date_gmt":"2022-03-12T11:53:49","guid":{"rendered":"http:\/\/iksd-consulting.com\/?page_id=654"},"modified":"2024-10-22T01:14:51","modified_gmt":"2024-10-21T23:14:51","slug":"vente-de-licences","status":"publish","type":"page","link":"https:\/\/iksd-consulting.com\/index.php\/consultez-nos-services\/vente-de-licences\/","title":{"rendered":"Vente de licences"},"content":{"rendered":"\t\t<div data-elementor-type=\"wp-page\" data-elementor-id=\"654\" class=\"elementor elementor-654\" data-elementor-post-type=\"page\">\n\t\t\t\t\t\t<section class=\"elementor-section elementor-top-section elementor-element elementor-element-73b8f3f elementor-section-boxed elementor-section-height-default elementor-section-height-default\" data-id=\"73b8f3f\" data-element_type=\"section\">\n\t\t\t\t\t\t<div class=\"elementor-container elementor-column-gap-default\">\n\t\t\t\t\t<div class=\"elementor-column elementor-col-100 elementor-top-column elementor-element elementor-element-d658b26\" data-id=\"d658b26\" data-element_type=\"column\">\n\t\t\t<div class=\"elementor-widget-wrap elementor-element-populated\">\n\t\t\t\t\t\t<div class=\"elementor-element elementor-element-3619162 elementor-widget elementor-widget-text-editor\" data-id=\"3619162\" data-element_type=\"widget\" data-widget_type=\"text-editor.default\">\n\t\t\t\t<div class=\"elementor-widget-container\">\n\t\t\t\t\t\t\t\t\t<p>La vente de licences chez IKSD-Consulting, une entreprise de services du num\u00e9rique de premier plan, consiste \u00e0 proposer des droits d&rsquo;utilisation de solutions technologiques et de logiciels \u00e0 nos clients. Gr\u00e2ce \u00e0 ces licences, nos clients ont acc\u00e8s \u00e0 des produits num\u00e9riques de haute qualit\u00e9 sans avoir \u00e0 les d\u00e9velopper eux-m\u00eames.<\/p><p>IKSD-Consulting est sp\u00e9cialis\u00e9e dans la personnalisation de licences pour r\u00e9pondre aux besoins sp\u00e9cifiques de nos clients, garantissant ainsi des solutions sur mesure. Ces licences peuvent couvrir une gamme de produits, tels que des logiciels, des plateformes cloud et des solutions SaaS, offrant une vari\u00e9t\u00e9 d&rsquo;options pour r\u00e9pondre aux exigences technologiques de nos clients.<\/p>\t\t\t\t\t\t\t\t<\/div>\n\t\t\t\t<\/div>\n\t\t\t\t\t<\/div>\n\t\t<\/div>\n\t\t\t\t\t<\/div>\n\t\t<\/section>\n\t\t\t\t<\/div>\n\t\t","protected":false},"excerpt":{"rendered":"<p>Vente de licence<\/p>\n","protected":false},"author":13,"featured_media":0,"parent":54,"menu_order":0,"comment_status":"closed","ping_status":"closed","template":"","meta":{"footnotes":""},"class_list":["post-654","page","type-page","status-publish","hentry"],"_links":{"self":[{"href":"https:\/\/iksd-consulting.com\/index.php\/wp-json\/wp\/v2\/pages\/654","targetHints":{"allow":["GET"]}}],"collection":[{"href":"https:\/\/iksd-consulting.com\/index.php\/wp-json\/wp\/v2\/pages"}],"about":[{"href":"https:\/\/iksd-consulting.com\/index.php\/wp-json\/wp\/v2\/types\/page"}],"author":[{"embeddable":true,"href":"https:\/\/iksd-consulting.com\/index.php\/wp-json\/wp\/v2\/users\/13"}],"replies":[{"embeddable":true,"href":"https:\/\/iksd-consulting.com\/index.php\/wp-json\/wp\/v2\/comments?post=654"}],"version-history":[{"count":0,"href":"https:\/\/iksd-consulting.com\/index.php\/wp-json\/wp\/v2\/pages\/654\/revisions"}],"up":[{"embeddable":true,"href":"https:\/\/iksd-consulting.com\/index.php\/wp-json\/wp\/v2\/pages\/54"}],"wp:attachment":[{"href":"https:\/\/iksd-consulting.com\/index.php\/wp-json\/wp\/v2\/media?parent=654"}],"curies":[{"name":"wp","href":"https:\/\/api.w.org\/{rel}","templated":true}]}}